{"id":214,"date":"2019-06-17T09:36:20","date_gmt":"2019-06-17T09:36:20","guid":{"rendered":"https:\/\/intride.eu\/?page_id=214"},"modified":"2019-07-18T08:03:37","modified_gmt":"2019-07-18T08:03:37","slug":"legal-notice","status":"publish","type":"page","link":"https:\/\/intride.eu\/es\/legal-notice\/","title":{"rendered":"Aviso legal"},"content":{"rendered":"<p>Centre de DifusiTecnolica Fusta i Moble de Catalunya, FundaciPrivada,\n the person responsible for the website, hereinafter the DATA \nCONTROLLER, makes this document, which is intended to comply with the \nobligations provided in Spanish Act 34\/2002 of July 11, 2002, on \nInformation Society and Electronic Commerce Services (LSSICE), Spanish \nOfficial State Journal No. \u00ba 166, available to users as well as \ninforming all users on the website&#8217;s conditions of use. <\/p>\n\n\n\n<p>Any person who accesses this website acquires the status of user, and\n as such undertakes to strictly observe and comply with the provisions \nprovided herein, as well as any other applicable legal clause. <\/p>\n\n\n\n<p>Centre de DifusiTecnolica Fusta i Moble de Catalunya, FundaciPrivada  reserves the right to modify any type of information that may appear on  the website, without any obligation to notify or make users aware of  such modifications, with publication on the website of Centre de  DifusiTecnolica Fusta i Moble de Catalunya, FundaciPrivada being  understood as sufficient.<\/p>\n\n\n\n<h3>Identification details<\/h3>\n\n\n\n<p>Domain name: https:\/\/intride.eu\/<\/p>\n\n\n\n<p>Commercial name: Digital Transformation Manager<\/p>\n\n\n\n<p>Company name: Centre de Difusi\u00f3 Tecnol\u00f2gica Fusta i Moble de Catalunya, Fundaci\u00f3 Privada<\/p>\n\n\n\n<p>ID Number: G43831338<\/p>\n\n\n\n<p>Registered address: Avinguda Generalitat 66 , 43560 LA S\u00c9NIA (TARRAGONA)<\/p>\n\n\n\n<p>Telephone: 977570122<\/p>\n\n\n\n<p>email: <a href=\"mailto:jordi.albacar@cenfim.org\">jordi.albacar@cenfim.org<\/a><\/p>\n\n\n\n<p>Registered in the (Commercial \/ Public) Registry: Inscrita en el Registro de Fundaciones: n\u00fam. 2.188 INTELLECTUAL AND INDUSTRIAL PROPERTY RIGHTS <\/p>\n\n\n\n<h3>Intellectual and industrial propierty rights<\/h3>\n\n\n\n<p>The website, including but not limited to its programming, editing, \ncompilation and other elements necessary for its operation, designs, \nlogos, text and\/or graphics, are the property of the DATA CONTROLLER or,\n if applicable, he\/she expressly holds a license or is authorised by the\n authors. All the contents of the website are duly protected by \nintellectual and industrial property laws, and are registered in the \nrelevant public registries.<\/p>\n\n\n\n<p>Regardless of the purpose for which they were intended, the total or \npartial reproduction, use, exploitation, distribution and \ncommercialisation, requires in any case the prior written authorisation \nfrom the DATA CONTROLLER. Any unauthorised use is considered a serious \nbreach of the author&#8217;s intellectual or industrial property rights.<\/p>\n\n\n\n<p>The designs, logos, text and\/or graphics which are not the property \nof the DATA CONTROLLER and which may appear on the website, belong to \ntheir respective owners who are responsible for any possible dispute \nthat may arise regarding them. The DATA CONTROLLER expressly authorises \nthird parties to redirect to the specific content of the website, and in\n any case to redirect to the main website at http:\/\/www.cenfim.org\/en\/<\/p>\n\n\n\n<p>The DATA CONTROLLER acknowledges the corresponding intellectual and \nindustrial property rights in favour of their owners, and any mention or\n appearance on the website does not imply the existence of any rights to\n or responsibility whatsoever over them, nor does it imply any \nendorsement, sponsorship or recommendation by the website.<\/p>\n\n\n\n<p>Comments regarding any possible breach of intellectual or industrial \nproperty rights, as well as regarding the contents of the website, can \nbe made by emailing <a href=\"mailto:jordi.albacar@cenfim.org\">jordi.albacar@cenfim.org<\/a><\/p>\n\n\n\n<h3>Exemption from liability<\/h3>\n\n\n\n<p>The DATA CONTROLLER cannot be held liable for any information \npublished on their website whenever this information has been \nmanipulated or introduced by a third party not related to the DATA \nCONTROLLER.<\/p>\n\n\n\n<p><strong>Use of Cookies<\/strong><\/p>\n\n\n\n<p>This website may use technical cookies (small information files that \nthe server sends to the computer of the person accessing the page) to \nperform certain functions that are considered essential for the proper \nfunctioning and display of the site. In any case, the cookies used are \ntemporary, with the sole purpose of making navigation of the site more \nefficient, and disappear at the end of the user&#8217;s session. Under no \ncircumstances do these cookies themselves provide personal data and they\n will not be used for the collection of such data.\n<\/p>\n\n\n\n<p>By using cookies, the server where the website is located is able to \nrecognise the browser used by the user in order to make navigation \neasier, allowing, for example, users who have previously registered to \naccess the areas, services, promotions or contests reserved exclusively \nfor them without having to register on each visit. They may also be used\n to measure the audience or traffic parameters, monitor the progress and\n number of entries, etc. In these cases, the cookies used are \ntechnically non-essential but beneficial to the user. This website will \nnot install cookies without the prior consent of the user.<\/p>\n\n\n\n<p>This website uses analytic cookies (_ga or _utm) owned by Google \nAnalytics, that last two years, to enable the unique visitor control \nfeature to make your navigation easier. All users who visit the website \nare informed of the use of these cookies by means of a floating banner. \nIf they continue browsing, it is considered that they agree with their \nuse. If its use is accepted, the banner will disappear, although it is \npossible to revoke consent and to obtain more information at any time by\n consulting our Cookies Policy.<\/p>\n\n\n\n<p>The user may configure their browser to alert them of the reception \nof cookies and to prevent their installation on their computer. For \nfurther information, please consult your browser&#8217;s instructions.<\/p>\n\n\n\n<p><strong>Linking Policy<\/strong><\/p>\n\n\n\n<p>From the website, you may be redirected to content on a third-party \nwebsite. Since the DATA CONTROLLER cannot always control the contents of\n third party websites, they do cannot be held liable for this third \nparty content. In any case, the DATA CONTROLLER will immediately remove \nany content that may be in breach of national or international laws, \nmorality or public order, and will immediately remove the redirection to\n this website, informing the competent authorities of the content in \nquestion.<\/p>\n\n\n\n<p>The DATA CONTROLLER cannot be held liable for the information and \ncontent found, including but not limited to, in forums, chats, blog \ngenerators, comments, social networks or any other means that allow \nthird parties to independently publish content on the website of the \nCONTROLLER. However, and in accordance with the provisions of Articles \n11 and 16 of the Spanish Law of Information Society Services and \nElectronic Commerce (LSSICE), it is made available to all users, \nauthorities and security forces, actively collaborating in the \nwithdrawal or, where appropriate, blocking of all content that may \naffect or be in breach of national or international laws, the rights of \nthird parties or morality and public order. In the event that the user \nconsiders there to be any content on the website that could be \nconsidered as such, please immediately notify the website administrator.\n <\/p>\n\n\n\n<p>This website has been reviewed and tested to ensure its proper \nfunction. In principle, proper function can be guaranteed 365 days a \nyear, 24 hours a day. However, the DATA CONTROLLER does not rule out the\n possibility of there being certain programming errors, or that force \nmajeure, natural disasters, strikes or similar circumstances may occur \nthat make accessing the website impossible.<\/p>\n\n\n\n<p><strong>IP Addresses<\/strong><\/p>\n\n\n\n<p>Web site servers will be able to automatically detect the IP address \nand domain name used by the user. An IP address is a number \nautomatically assigned to a computer when it connects to the Internet. \nAll of this information is recorded in a duly registered activity file \non the server that allows the subsequent processing of the data in order\n to obtain only statistical measurements that show us the number of page\n hits, the number of visits made to the web servers, the order of \nvisits, the access point, etc.<\/p>\n\n\n\n<h3>Applicable law and jurisdiction<\/h3>\n\n\n\n<p>All disputes or questions related to this website or the activities \ncarried out on it shall be exclusively ruled by Spanish law, , and the \nCourts and Tribunals closest to LA S\u00c9NIA shall be competent for the \nresolution of all conflicts arising from or related to its use.<\/p>","protected":false},"excerpt":{"rendered":"<p>Centre de DifusiTecnolica Fusta i Moble de Catalunya, FundaciPrivada, the person responsible for the website, hereinafter the DATA CONTROLLER, makes this document, which is intended to comply with the obligations provided in Spanish Act 34\/2002 of July 11, 2002, on Information Society and Electronic Commerce Services (LSSICE), Spanish Official State Journal No. \u00ba 166, available [&hellip;]<\/p>","protected":false},"author":3,"featured_media":0,"parent":0,"menu_order":0,"comment_status":"closed","ping_status":"closed","template":"page-full-width.php","meta":[],"_links":{"self":[{"href":"https:\/\/intride.eu\/es\/wp-json\/wp\/v2\/pages\/214"}],"collection":[{"href":"https:\/\/intride.eu\/es\/wp-json\/wp\/v2\/pages"}],"about":[{"href":"https:\/\/intride.eu\/es\/wp-json\/wp\/v2\/types\/page"}],"author":[{"embeddable":true,"href":"https:\/\/intride.eu\/es\/wp-json\/wp\/v2\/users\/3"}],"replies":[{"embeddable":true,"href":"https:\/\/intride.eu\/es\/wp-json\/wp\/v2\/comments?post=214"}],"version-history":[{"count":2,"href":"https:\/\/intride.eu\/es\/wp-json\/wp\/v2\/pages\/214\/revisions"}],"predecessor-version":[{"id":216,"href":"https:\/\/intride.eu\/es\/wp-json\/wp\/v2\/pages\/214\/revisions\/216"}],"wp:attachment":[{"href":"https:\/\/intride.eu\/es\/wp-json\/wp\/v2\/media?parent=214"}],"curies":[{"name":"wp","href":"https:\/\/api.w.org\/{rel}","templated":true}]}}