{"id":23,"date":"2019-04-16T11:16:42","date_gmt":"2019-04-16T11:16:42","guid":{"rendered":"https:\/\/intride.eu\/?page_id=23"},"modified":"2020-12-24T10:42:11","modified_gmt":"2020-12-24T10:42:11","slug":"project","status":"publish","type":"page","link":"https:\/\/intride.eu\/es\/project\/","title":{"rendered":"Proyecto"},"content":{"rendered":"<h3><strong><strong><strong>INTRIDE \u2014 Habilidades Sociales, Digitales y de Sostenibilidad para Dise\u00f1adores Smart: los Dise\u00f1adores como Desencadenantes de la Innovaci\u00f3n para las PYMES del sector productivo<\/strong>.<\/strong><\/strong> <\/h3>\n\n\n\n<p>Per\u00edodo de implementaci\u00f3n: 01\/01\/2020 \u2013 31\/12\/2022<\/p>\n\n\n\n<hr class=\"wp-block-separator\"\/>\n\n\n\n<h4><strong>La situaci\u00f3n real<\/strong><\/h4>\n\n\n\n<figure class=\"wp-block-image size-large\"><img loading=\"lazy\" width=\"1024\" height=\"246\" src=\"https:\/\/intride.eu\/wp-content\/uploads\/2020\/06\/image1-01-1024x246.png\" alt=\"\" class=\"wp-image-890\" srcset=\"https:\/\/intride.eu\/wp-content\/uploads\/2020\/06\/image1-01-1024x246.png 1024w, https:\/\/intride.eu\/wp-content\/uploads\/2020\/06\/image1-01-300x72.png 300w, https:\/\/intride.eu\/wp-content\/uploads\/2020\/06\/image1-01-768x185.png 768w, https:\/\/intride.eu\/wp-content\/uploads\/2020\/06\/image1-01-1536x370.png 1536w, https:\/\/intride.eu\/wp-content\/uploads\/2020\/06\/image1-01-2048x493.png 2048w, https:\/\/intride.eu\/wp-content\/uploads\/2020\/06\/image1-01-732x176.png 732w, https:\/\/intride.eu\/wp-content\/uploads\/2020\/06\/image1-01-1140x274.png 1140w\" sizes=\"(max-width: 1024px) 100vw, 1024px\" \/><\/figure>\n\n\n\n<p class=\" translation-block\">1. La digitalizaci\u00f3n y la aplicaci\u00f3n de Tecnolog\u00edas Facilitadoras Esenciales<br>\n2. La integraci\u00f3n al paradigma Industria \/ Empresa 4.0<br>\n3. La reorganizaci\u00f3n del modelo empresarial y la econom\u00eda circular.<\/p>\n\n\n\n<p class=\" translation-block\"><strong>Estas declaraciones anteriores son todas cruciales para la competitividad de las peque\u00f1as y medianas empresas - Pymes<\/strong> (Fuente: S3 - Hojas de ruta de estrategias de especializaci\u00f3n inteligente 2017 - 2018). 2017-2018).<\/p>\n\n\n\n<p class=\" translation-block\"><strong>Desafortunadamente, las PYMES<\/strong>, especialmente las que pertenecen a los sectores manufactureros tradicionales, <strong>no suelen tener grupos espec&iacute;ficos de competencias - como habilidades sociales, digitales y de sostenibilidad - necesarias para activar la innovaci&oacute;n y los procesos de transferencia tecnol&oacute;gica<\/strong> que sustentan las hojas de ruta de S3.<\/p>\n\n\n\n<p class=\" translation-block\"><strong>In parallel, Higher Education Institutions in Europe are not training enough people on the needed skills for the modern society and are not contributing enough to innovation where they are located<\/strong> (Source: An agenda for the modernisation of higher education\u2019 released on 28\/02\/2017).<\/p>\n\n\n\n<hr class=\"wp-block-separator\"\/>\n\n\n\n<h4><strong><strong>Objetivos espec\u00edficos<\/strong><\/strong><\/h4>\n\n\n\n<figure class=\"wp-block-image size-large\"><img loading=\"lazy\" width=\"1024\" height=\"230\" src=\"https:\/\/intride.eu\/wp-content\/uploads\/2020\/06\/image2-01-1024x230.png\" alt=\"\" class=\"wp-image-892\" srcset=\"https:\/\/intride.eu\/wp-content\/uploads\/2020\/06\/image2-01-1024x230.png 1024w, https:\/\/intride.eu\/wp-content\/uploads\/2020\/06\/image2-01-300x67.png 300w, https:\/\/intride.eu\/wp-content\/uploads\/2020\/06\/image2-01-768x173.png 768w, https:\/\/intride.eu\/wp-content\/uploads\/2020\/06\/image2-01-1536x345.png 1536w, https:\/\/intride.eu\/wp-content\/uploads\/2020\/06\/image2-01-2048x460.png 2048w, https:\/\/intride.eu\/wp-content\/uploads\/2020\/06\/image2-01-732x165.png 732w, https:\/\/intride.eu\/wp-content\/uploads\/2020\/06\/image2-01-1140x256.png 1140w\" sizes=\"(max-width: 1024px) 100vw, 1024px\" \/><\/figure>\n\n\n\n<p class=\" translation-block\">1. <strong>Developing a Joint Master Degree programme<\/strong> addressed to students (graduated or post graduated) or company employees for a multidisciplinary profile (designer + soft\/digital\/green skills) based on authentic teaching \u2013 training supplied directly by company\u2019s staff, thanks also to practical activities \u2013 on work-based learning.<\/p>\n\n\n\n<p class=\" translation-block\">2. <strong>Estimular la modernizaci\u00f3n de la oferta de las IES y la adaptaci\u00f3n a las necesidades del mundo de la industria<\/strong> \/ el sistema de educaci\u00f3n superior acerc\u00e1ndose a las necesidades empresariales, perspectivas y a las empresas que se benefician de competencias de alto nivel.<\/p>\n\n\n\n<p>3. <strong>Desarrollar la interacci\u00f3n continuada de la comunidad industrial + las IES a trav\u00e9s de la creaci\u00f3n de una plataforma de innovaci\u00f3n abierta.<\/strong>. <\/p>\n\n\n\n<hr class=\"wp-block-separator\"\/>\n\n\n\n<h4><strong>Resultados principales previstos y de impacto<\/strong><\/h4>\n\n\n\n<p class=\" translation-block\"><strong>La co-creaci&oacute;n de un Curr&iacute;culum <\/strong>para dise&ntilde;adores (a partir de las habilidades creativas) con habilidades digitales, de sostenibilidad y especialmente sociales <strong>tiene como objetivo crear un conjunto equilibrado de conocimientos para satisfacer las necesidades del mercado laboral.<\/strong><\/p>\n\n\n\n<p class=\" translation-block\"><strong>La alianza que representa un tri&aacute;ngulo de socios clave: <\/strong>IES, socios tecnol&oacute;gicos (organizaciones \/ centros de las propias instituciones de investigaci&oacute;n), clusters - (representantes de empresas) <strong>es la v&iacute;a adecuada para lograr los objetivos deseados.<\/strong><\/p>\n\n\n\n<hr class=\"wp-block-separator\"\/>\n\n\n\n<h4><strong><strong>Grupos objetivo<\/strong><\/strong><\/h4>\n\n\n\n<p>Se han identificado los siguientes grupos objetivo directos e indirectos:<\/p>\n\n\n\n<figure class=\"wp-block-table\"><table><tbody><tr><td><strong>BENEFICIARIOS DIRECTOS<\/strong><\/td><td><strong>Objetivo<\/strong><\/td><\/tr><tr><td><strong>Estudiantes<\/strong><br><strong>Empleados<\/strong><br><strong>Profesionales<\/strong><\/td><td>Promover los objetivos del<br>Programa de M\u00e1ster de INTRIDE<br>Comunicar y promover la formaci\u00f3n propuesta.<\/td><\/tr><\/tbody><\/table><\/figure>\n\n\n\n<figure class=\"wp-block-image size-large\"><img loading=\"lazy\" width=\"1024\" height=\"230\" src=\"https:\/\/intride.eu\/wp-content\/uploads\/2020\/06\/image3-01-01-1024x230.png\" alt=\"\" class=\"wp-image-898\" srcset=\"https:\/\/intride.eu\/wp-content\/uploads\/2020\/06\/image3-01-01-1024x230.png 1024w, https:\/\/intride.eu\/wp-content\/uploads\/2020\/06\/image3-01-01-300x67.png 300w, https:\/\/intride.eu\/wp-content\/uploads\/2020\/06\/image3-01-01-768x173.png 768w, https:\/\/intride.eu\/wp-content\/uploads\/2020\/06\/image3-01-01-1536x345.png 1536w, https:\/\/intride.eu\/wp-content\/uploads\/2020\/06\/image3-01-01-2048x460.png 2048w, https:\/\/intride.eu\/wp-content\/uploads\/2020\/06\/image3-01-01-732x165.png 732w, https:\/\/intride.eu\/wp-content\/uploads\/2020\/06\/image3-01-01-1140x256.png 1140w\" sizes=\"(max-width: 1024px) 100vw, 1024px\" \/><\/figure>\n\n\n\n<figure class=\"wp-block-table\"><table><tbody><tr><td><strong>BENEFICIARIOS INDIRECTOS<\/strong><\/td><td><strong>Objetivo<\/strong><\/td><\/tr><tr><td><strong>Socios del proyecto<\/strong><br><strong>IES \/ clusters de expertos tecnol\u00f3gicos \/ representantes de las empresas \/ personal de las empresas<\/strong><\/td><td>Aborda los desaf\u00edos de esta Alianza del Conocimiento.<\/td><\/tr><tr><td><strong>Otras partes interesadas del sector en las c\u00e1maras de comercio de la UE<\/strong><br><strong>Sindicatos<\/strong><br><strong>Proveedores de FP<\/strong><br><strong>Agencias nacionales <\/strong>(que se ocupan de la oferta y \/ o la innovaci\u00f3n en FP)<\/td><td>Influir en las actitudes de los responsables y las partes interesadas en relaci\u00f3n con las decisiones sugeridas a trav\u00e9s de los productos y resultados de INTRIDE.<\/td><\/tr><\/tbody><\/table><\/figure>\n\n\n\n<hr class=\"wp-block-separator\"\/>\n\n\n\n<h4 class=\"has-text-align-left\"><strong><strong>Metodolog\u00eda y paquetes de trabajo (PT)&nbsp;<\/strong><\/strong><\/h4>\n\n\n\n<p class=\" translation-block\">INTRIDE presenta los siguientes <strong>elementos innovadores<\/strong> en t\u00e9rminos de:<\/p>\n\n\n\n<div class=\"wp-block-columns\">\n<div class=\"wp-block-column\">\n<p><strong>Enfoques<\/strong><\/p>\n\n\n\n<ul><li>Enfoque industrial basado en problemas.<\/li><li>Dirigirse primero al dise\u00f1ador: \u00bfpor qu\u00e9? Partiendo de la creatividad y las actitudes resolutivas.<\/li><li>Dirigido a varios conjuntos de competencias, pero principalmente habilidades soft (m\u00e1s all\u00e1 de las tecnolog\u00edas I4.0\u2026).<\/li><\/ul>\n\n\n\n<p><strong>M\u00e9todos<\/strong><\/p>\n\n\n\n<ul><li>Implicaci\u00f3n del personal de la empresa en la ense\u00f1anza aut\u00e9ntica.<\/li><li>Aprender de casos pr\u00e1cticos, aprender del fracaso.<\/li><li>Ense\u00f1anza basada en desaf\u00edos industriales.<\/li><\/ul>\n\n\n\n<p class=\" translation-block\">INTRIDE is structured in the following <strong>work packages (wp)<\/strong>:<\/p>\n\n\n\n<p class=\" translation-block\">WP1: Project Management (January 2020 \u2013 December 2022)<br>WP2: Project Quality Assurance (January 2020 \u2013 December 2022)<br>WP3: Field analysis of state of the art (January 2020 \u2013 August 2020)<br>WP4: Development of project training programme (September 2020 \u2013 June 2021)<br>WP5: Pilot action (September 2021 \u2013 September 2022)<br>WP6: Impact evaluation (May 2020 \u2013 December 2022)<br>WP7: Dissemination &amp; exploitation (January 2020 \u2013 December 2022)<\/p>\n\n\n\n<p class=\" translation-block\">Los <strong>paquetes de trabajo<\/strong> m\u00e1s relevantes del proyecto son los siguientes:<\/p>\n\n\n\n<p class=\" translation-block\">\u2013 WP4: <strong>the creation of the Joint Master Degree.<\/strong><\/p>\n\n\n\n<p class=\" translation-block\">\u2013 WP5: <strong>the start of the pilot edition of the Joint Master Degree.<\/strong><\/p>\n\n\n\n<p class=\" translation-block\">\u2013 WP7: <strong>the creation of the Higher Education \u2013 industry community platform.<\/strong><\/p>\n<\/div>\n\n\n\n<div class=\"wp-block-column\">\n<div class=\"wp-block-image\"><figure class=\"aligncenter size-large is-resized\"><img loading=\"lazy\" src=\"https:\/\/intride.eu\/wp-content\/uploads\/2020\/09\/WP-SP.png\" alt=\"\" class=\"wp-image-900\" width=\"752\" height=\"531\" srcset=\"https:\/\/intride.eu\/wp-content\/uploads\/2020\/09\/WP-SP.png 1754w, https:\/\/intride.eu\/wp-content\/uploads\/2020\/09\/WP-SP-300x212.png 300w, https:\/\/intride.eu\/wp-content\/uploads\/2020\/09\/WP-SP-1024x724.png 1024w, https:\/\/intride.eu\/wp-content\/uploads\/2020\/09\/WP-SP-768x543.png 768w, https:\/\/intride.eu\/wp-content\/uploads\/2020\/09\/WP-SP-1536x1086.png 1536w, https:\/\/intride.eu\/wp-content\/uploads\/2020\/09\/WP-SP-732x517.png 732w, https:\/\/intride.eu\/wp-content\/uploads\/2020\/09\/WP-SP-1140x806.png 1140w\" sizes=\"(max-width: 752px) 100vw, 752px\" \/><\/figure><\/div>\n<\/div>\n<\/div>\n\n\n\n<p><\/p>","protected":false},"excerpt":{"rendered":"<p>INTRIDE &#8211; Soft, Digital and Green Skills for Smart Designers: Designers as Innovative Triggers for SMEs in the manufacturing sector. Implementation period: 01\/01\/2020 \u2013 31\/12\/2022 The actual situation 1. The digitisation and the application of Key Enabling Technologies2. The integration to Industry \/ Enterprise 4.0 paradigm3. The business model reorganisation and circular economy&nbsp; These previous [&hellip;]<\/p>","protected":false},"author":1,"featured_media":0,"parent":0,"menu_order":0,"comment_status":"closed","ping_status":"closed","template":"page-full-width.php","meta":[],"_links":{"self":[{"href":"https:\/\/intride.eu\/es\/wp-json\/wp\/v2\/pages\/23"}],"collection":[{"href":"https:\/\/intride.eu\/es\/wp-json\/wp\/v2\/pages"}],"about":[{"href":"https:\/\/intride.eu\/es\/wp-json\/wp\/v2\/types\/page"}],"author":[{"embeddable":true,"href":"https:\/\/intride.eu\/es\/wp-json\/wp\/v2\/users\/1"}],"replies":[{"embeddable":true,"href":"https:\/\/intride.eu\/es\/wp-json\/wp\/v2\/comments?post=23"}],"version-history":[{"count":89,"href":"https:\/\/intride.eu\/es\/wp-json\/wp\/v2\/pages\/23\/revisions"}],"predecessor-version":[{"id":1200,"href":"https:\/\/intride.eu\/es\/wp-json\/wp\/v2\/pages\/23\/revisions\/1200"}],"wp:attachment":[{"href":"https:\/\/intride.eu\/es\/wp-json\/wp\/v2\/media?parent=23"}],"curies":[{"name":"wp","href":"https:\/\/api.w.org\/{rel}","templated":true}]}}