{"id":234,"date":"2019-06-17T11:27:30","date_gmt":"2019-06-17T11:27:30","guid":{"rendered":"https:\/\/intride.eu\/?page_id=234"},"modified":"2020-09-22T09:18:09","modified_gmt":"2020-09-22T09:18:09","slug":"leitat","status":"publish","type":"page","link":"https:\/\/intride.eu\/es\/leitat\/","title":{"rendered":""},"content":{"rendered":"<div class=\"wp-block-columns has-2-columns\">\n<div class=\"wp-block-column\">\n<div class=\"wp-block-image\"><figure class=\"aligncenter size-large is-resized\"><a href=\"https:\/\/www.leitat.org\/castellano\/\" target=\"_blank\" rel=\"noopener noreferrer\"><img loading=\"lazy\" src=\"https:\/\/intride.eu\/wp-content\/uploads\/2020\/07\/LEITAT\u2013color-1024x355.png\" alt=\"\" class=\"wp-image-984\" width=\"378\" height=\"130\" srcset=\"https:\/\/intride.eu\/wp-content\/uploads\/2020\/07\/LEITAT\u2013color-1024x355.png 1024w, https:\/\/intride.eu\/wp-content\/uploads\/2020\/07\/LEITAT\u2013color-300x104.png 300w, https:\/\/intride.eu\/wp-content\/uploads\/2020\/07\/LEITAT\u2013color-768x266.png 768w, https:\/\/intride.eu\/wp-content\/uploads\/2020\/07\/LEITAT\u2013color-732x254.png 732w, https:\/\/intride.eu\/wp-content\/uploads\/2020\/07\/LEITAT\u2013color-1140x395.png 1140w, https:\/\/intride.eu\/wp-content\/uploads\/2020\/07\/LEITAT\u2013color.png 1530w\" sizes=\"(max-width: 378px) 100vw, 378px\" \/><\/a><\/figure><\/div>\n<\/div>\n\n\n\n<div class=\"wp-block-column\">\n<p><strong><a href=\"http:\/\/www.leitat.org\" target=\"_blank\" rel=\"noreferrer noopener\">Leitat<\/a> <\/strong>es un instituto t\u00e9cnico privado con m\u00e1s de 110 a\u00f1os de experiencia en procesos de innovaci\u00f3n industrial. Transformamos los resultados tecnol\u00f3gicos y cient\u00edficos en valor econ\u00f3mico y competitivo para nuestros clientes y entidades colaboradoras. M\u00e1s de 1500 clientes se benefician de nuestro talento, creatividad y fuerte compromiso. Aportamos conocimiento e innovaci\u00f3n a nuestros clientes a trav\u00e9s de la investigaci\u00f3n aplicada y las pruebas t\u00e9cnicas en los campos de la qu\u00edmica, la energ\u00eda, el medio ambiente, los materiales, la ingenier\u00eda y las ciencias de la vida. Contamos con 330 miembros de nuestro equipo altamente capacitados que brindan soluciones flexibles para enfrentar cualquier desaf\u00edo industrial.<\/p>\n\n\n\n<p><strong><a href=\"https:\/\/www.leitat.org\/castellano\/\" target=\"_blank\" rel=\"noreferrer noopener\">www.leitat.org<\/a><\/strong><\/p>\n<\/div>\n<\/div>","protected":false},"excerpt":{"rendered":"<p>Leitat is a private technical institute with more than 110 years of experience in industrial innovation processes. We transform technological and scientific results into economic and competitive value for our clients and collaborating entities. Over 1500 customers benefit from our talent,\u00a0creativity and strong commitment. We bring knowledge and innovation to our customers through applied research [&hellip;]<\/p>","protected":false},"author":3,"featured_media":0,"parent":0,"menu_order":0,"comment_status":"closed","ping_status":"closed","template":"page-full-width.php","meta":[],"_links":{"self":[{"href":"https:\/\/intride.eu\/es\/wp-json\/wp\/v2\/pages\/234"}],"collection":[{"href":"https:\/\/intride.eu\/es\/wp-json\/wp\/v2\/pages"}],"about":[{"href":"https:\/\/intride.eu\/es\/wp-json\/wp\/v2\/types\/page"}],"author":[{"embeddable":true,"href":"https:\/\/intride.eu\/es\/wp-json\/wp\/v2\/users\/3"}],"replies":[{"embeddable":true,"href":"https:\/\/intride.eu\/es\/wp-json\/wp\/v2\/comments?post=234"}],"version-history":[{"count":14,"href":"https:\/\/intride.eu\/es\/wp-json\/wp\/v2\/pages\/234\/revisions"}],"predecessor-version":[{"id":1086,"href":"https:\/\/intride.eu\/es\/wp-json\/wp\/v2\/pages\/234\/revisions\/1086"}],"wp:attachment":[{"href":"https:\/\/intride.eu\/es\/wp-json\/wp\/v2\/media?parent=234"}],"curies":[{"name":"wp","href":"https:\/\/api.w.org\/{rel}","templated":true}]}}