{"id":237,"date":"2019-06-17T13:18:31","date_gmt":"2019-06-17T13:18:31","guid":{"rendered":"https:\/\/intride.eu\/?page_id=237"},"modified":"2020-11-05T08:42:03","modified_gmt":"2020-11-05T08:42:03","slug":"tfc","status":"publish","type":"page","link":"https:\/\/intride.eu\/es\/tfc\/","title":{"rendered":""},"content":{"rendered":"<div class=\"wp-block-columns has-2-columns\">\n<div class=\"wp-block-column\">\n<div class=\"wp-block-image\"><figure class=\"aligncenter size-large is-resized\"><a href=\"https:\/\/www.mobiliertransilvan.ro\/\" target=\"_blank\" rel=\"noopener noreferrer\"><img loading=\"lazy\" src=\"https:\/\/intride.eu\/wp-content\/uploads\/2020\/07\/CMT\u2013color.png\" alt=\"\" class=\"wp-image-997\" width=\"287\" height=\"253\" srcset=\"https:\/\/intride.eu\/wp-content\/uploads\/2020\/07\/CMT\u2013color.png 335w, https:\/\/intride.eu\/wp-content\/uploads\/2020\/07\/CMT\u2013color-300x265.png 300w\" sizes=\"(max-width: 287px) 100vw, 287px\" \/><\/a><\/figure><\/div>\n<\/div>\n\n\n\n<div class=\"wp-block-column\">\n<p class=\" translation-block\">El <strong>Cl\u00faster del Mueble de Transilvania<\/strong> se estableci\u00f3 en 2012 como un tipo de asociaci\u00f3n de entidad jur\u00eddica y su actividad principal reside en el sector de fabricaci\u00f3n de muebles.<\/p>\n\n\n\n<p>El Cl\u00faster representa a 86 miembros y es una plataforma para la cooperaci\u00f3n y la creaci\u00f3n de redes de fabricantes de muebles, representaci\u00f3n de intereses, instituciones educativas y de investigaci\u00f3n, y la administraci\u00f3n p\u00fablica.&nbsp;<\/p>\n\n\n\n<p>La membres\u00eda del cl\u00faster est\u00e1 formada por 63 empresas, 11 instituciones de investigaci\u00f3n y educaci\u00f3n, 8 catalizadores y 2 instituciones p\u00fablicas. En 2018 los ingresos rondaron los 10 millones de euros, con m\u00e1s de 4 mil empleados.<\/p>\n\n\n\n<p>El objetivo principal del cl\u00faster es aumentar la competitividad econ\u00f3mica, tanto en el mercado nacional como en el exterior, basada en la calidad, la innovaci\u00f3n y el desarrollo sostenible.&nbsp;<\/p>\n\n\n\n<p>Una parte esencial de esta empresa es fortalecer la cooperaci\u00f3n entre las empresas de fabricaci\u00f3n y los organismos de I+D. A trav\u00e9s de asociaciones activas en el cl\u00faster, las empresas reciben informaci\u00f3n temprana sobre los desarrollos y tendencias futuros que se establecen para dar forma a la situaci\u00f3n competitiva y, por lo tanto, pueden mejorar su competitividad en forma cooperativa.<\/p>\n\n\n\n<p>Los servicios que el cl\u00faster brinda a los miembros incluyen:<\/p>\n\n\n\n<ul><li>Emparejamiento empresarial, desarrollo de alianzas, desarrollo de proyectos y\/o relaciones comerciales, as\u00ed como acceso a los programas del cl\u00faster: Gate for Export, Acquisition Center, Learn2Do y acceso a datos estad\u00edsticos complejos de la industria del mueble;<\/li><li>Uso conjunto de la infraestructura de I+D+i del cl\u00faster: Laboratorio de recubrimientos funcionales - dise\u00f1o de recetas de colores; medici\u00f3n del espesor de pintura; medici\u00f3n de la humedad de la madera<\/li><li>Implicaci\u00f3n en acciones de investigaci\u00f3n-desarrollo-innovaci\u00f3n, con foco en proyectos de desarrollo de productos y\/o servicios.<\/li><li>Servicios de internacionalizaci\u00f3n: organizaci\u00f3n de misiones econ\u00f3micas, participaci\u00f3n en ferias y eventos de matchmaking;<\/li><li>Participaci\u00f3n en programas y formaciones organizados por el cl\u00faster<\/li><li>Subsidiaria de innovaci\u00f3n: dise\u00f1o de producto; desarrollo de materiales y soluciones constructivas; desarrollo de prototipos de productos; optimizaci\u00f3n del flujo de producci\u00f3n.<\/li><\/ul>\n\n\n\n<p>TFC es miembro fundador del Northern Transylvania Clusters Consortium, que organiza anualmente la Conferencia Internacional de Transylvanian Clusters con el objetivo de apoyar el entorno econ\u00f3mico y facilitar el intercambio internacional de conocimientos y buenas pr\u00e1cticas. proporcionando una plataforma de colaboraci\u00f3n intersectorial para abordar los desaf\u00edos globales.<\/p>\n\n\n\n<p><strong><a href=\"https:\/\/www.mobiliertransilvan.ro\/\" target=\"_blank\" rel=\"noreferrer noopener\">www.mobiliertransilvan.ro<\/a><br><a href=\"http:\/\/www.transylvanianfurniture.com\/\" target=\"_blank\" rel=\"noreferrer noopener\">www.transylvanianfurniture.com<\/a><\/strong><\/p>\n\n\n\n<p><\/p>\n<\/div>\n<\/div>","protected":false},"excerpt":{"rendered":"<p>The Transylvanian Furniture Cluster was established in 2012 as a legal entity association type and its main activity resides in the furniture manufacturing sector.&nbsp; The Cluster represents 86 members and it\u2019s a platform for cooperation and networking of furniture manufacturers, representation of interests, educational and research institutions, and public administration.&nbsp; The membership of the cluster [&hellip;]<\/p>","protected":false},"author":3,"featured_media":0,"parent":0,"menu_order":0,"comment_status":"closed","ping_status":"closed","template":"page-full-width.php","meta":[],"_links":{"self":[{"href":"https:\/\/intride.eu\/es\/wp-json\/wp\/v2\/pages\/237"}],"collection":[{"href":"https:\/\/intride.eu\/es\/wp-json\/wp\/v2\/pages"}],"about":[{"href":"https:\/\/intride.eu\/es\/wp-json\/wp\/v2\/types\/page"}],"author":[{"embeddable":true,"href":"https:\/\/intride.eu\/es\/wp-json\/wp\/v2\/users\/3"}],"replies":[{"embeddable":true,"href":"https:\/\/intride.eu\/es\/wp-json\/wp\/v2\/comments?post=237"}],"version-history":[{"count":15,"href":"https:\/\/intride.eu\/es\/wp-json\/wp\/v2\/pages\/237\/revisions"}],"predecessor-version":[{"id":1174,"href":"https:\/\/intride.eu\/es\/wp-json\/wp\/v2\/pages\/237\/revisions\/1174"}],"wp:attachment":[{"href":"https:\/\/intride.eu\/es\/wp-json\/wp\/v2\/media?parent=237"}],"curies":[{"name":"wp","href":"https:\/\/api.w.org\/{rel}","templated":true}]}}