{"id":239,"date":"2019-06-17T13:17:09","date_gmt":"2019-06-17T13:17:09","guid":{"rendered":"https:\/\/intride.eu\/?page_id=239"},"modified":"2019-10-29T10:24:56","modified_gmt":"2019-10-29T10:24:56","slug":"transilvania-university-of-brasov","status":"publish","type":"page","link":"https:\/\/intride.eu\/es\/transilvania-university-of-brasov\/","title":{"rendered":""},"content":{"rendered":"<div class=\"wp-block-columns has-2-columns\">\n<div class=\"wp-block-column\">\n<div class=\"wp-block-image\"><figure class=\"aligncenter\"><a href=\"https:\/\/www.unitbv.ro\/en\/\" target=\"_blank\" rel=\"noopener noreferrer\"><img loading=\"lazy\" width=\"310\" height=\"131\" src=\"https:\/\/intride.eu\/wp-content\/uploads\/2019\/08\/TUB.png\" alt=\"\" class=\"wp-image-640\" srcset=\"https:\/\/intride.eu\/wp-content\/uploads\/2019\/08\/TUB.png 310w, https:\/\/intride.eu\/wp-content\/uploads\/2019\/08\/TUB-300x127.png 300w\" sizes=\"(max-width: 310px) 100vw, 310px\" \/><\/a><\/figure><\/div>\n<\/div>\n\n\n\n<div class=\"wp-block-column\">\n<p class=\" translation-block\">Durante sus 70 a\u00f1os de existencia, <strong><a href=\"https:\/\/www.unitbv.ro\/\" target=\"_blank\" rel=\"noreferrer noopener\" aria-label=\"Transilvania University of Bra\u0219ov (abre en una nueva pesta\u00f1a)\">Universidad de Transilvania de Brasov<\/a><\/strong> se ha convertido en una instituci\u00f3n realmente prestigiosa tanto a escala nacional como internacional. Hoy en d\u00eda es una reconocida instituci\u00f3n p\u00fablica de ense\u00f1anza superior que ha sido galardonada con el \u00abAlto Grado de Confianza\u00bb de la Agencia rumana de Garant\u00eda de la Calidad en la Ense\u00f1anza Superior y es evaluada a nivel internacional por la Asociaci\u00f3n de Universidades Europeas (EUA-IEP). La <strong>Universidad de Transilvania de Brasov<\/strong> cuenta ahora con 18 facultades que ofrecen estudios de grado (en m\u00e1s de 100 programas), m\u00e1steres (m\u00e1s de 60 programas) y doctorados (18 \u00e1mbitos) a aproximadamente 20.000 estudiantes. Cumple con los requisitos del Espacio Europeo de Ense\u00f1anza Superior e Investigaci\u00f3n seg\u00fan se definen en las Declaraciones de Bolonia, Copenhague y Lisboa, y est\u00e1 promovida por la Estrategia Nacional para la Ense\u00f1anza Superior de Ruman\u00eda.<\/p>\n\n\n\n<p class=\" translation-block\">En la universidad se ejecutan proyectos de educaci\u00f3n e investigaci\u00f3n cient\u00edfica, y se conceden subvenciones y contratos, financiados por fuentes p\u00fablicas o privadas nacionales e internacionales. La financiaci\u00f3n de los proyectos y las subvenciones se obtiene participando en competiciones nacionales (que se desarrollan sobre todo en el marco del Plan Nacional de Investigaci\u00f3n, Desarrollo e Innovaci\u00f3n o PNCDI), y tambi\u00e9n en competiciones internacionales (principalmente en el marco de los programas Horizon 2020 y Erasmus Plus). En la <strong>Universidad de Transilvania<\/strong> se realiza una investigaci\u00f3n avanzada que se centra en los principales temas de desarrollo sostenible, en concreto en su Instituto de I+D de Productos de Alta Tecnolog\u00eda para un Desarrollo Sostenible, que ofrece una infraestructura de alto rendimiento en 12 laboratorios especializados, a disposici\u00f3n de los 28 departamentos de investigaci\u00f3n de la universidad, adem\u00e1s de la cooperaci\u00f3n con instalaciones de investigaci\u00f3n nacionales y europeas y divisiones de investigaci\u00f3n de diversas empresas.<\/p>\n\n\n\n<p class=\" translation-block\"><\/p>\n\n\n\n<p class=\" translation-block\"><\/p>\n\n\n\n<p> <\/p>\n<\/div>\n<\/div>","protected":false},"excerpt":{"rendered":"<p>During its 70 years of existence, Transilvania University of Bra\u0219ov has developed into a truly prestigious institution both at a national and international level. It is an accredited state higher-education institution awarded with \u00abHigh Degree of Confidence\u00bb by the Romanian Agency for Quality Assurance in Higher Education and is internationally evaluated by the European University [&hellip;]<\/p>","protected":false},"author":3,"featured_media":0,"parent":0,"menu_order":0,"comment_status":"closed","ping_status":"closed","template":"page-full-width.php","meta":[],"_links":{"self":[{"href":"https:\/\/intride.eu\/es\/wp-json\/wp\/v2\/pages\/239"}],"collection":[{"href":"https:\/\/intride.eu\/es\/wp-json\/wp\/v2\/pages"}],"about":[{"href":"https:\/\/intride.eu\/es\/wp-json\/wp\/v2\/types\/page"}],"author":[{"embeddable":true,"href":"https:\/\/intride.eu\/es\/wp-json\/wp\/v2\/users\/3"}],"replies":[{"embeddable":true,"href":"https:\/\/intride.eu\/es\/wp-json\/wp\/v2\/comments?post=239"}],"version-history":[{"count":11,"href":"https:\/\/intride.eu\/es\/wp-json\/wp\/v2\/pages\/239\/revisions"}],"predecessor-version":[{"id":773,"href":"https:\/\/intride.eu\/es\/wp-json\/wp\/v2\/pages\/239\/revisions\/773"}],"wp:attachment":[{"href":"https:\/\/intride.eu\/es\/wp-json\/wp\/v2\/media?parent=239"}],"curies":[{"name":"wp","href":"https:\/\/api.w.org\/{rel}","templated":true}]}}