{"id":266,"date":"2019-06-17T13:50:56","date_gmt":"2019-06-17T13:50:56","guid":{"rendered":"https:\/\/intride.eu\/?page_id=266"},"modified":"2019-08-14T10:34:06","modified_gmt":"2019-08-14T10:34:06","slug":"metodo","status":"publish","type":"page","link":"https:\/\/intride.eu\/es\/metodo\/","title":{"rendered":""},"content":{"rendered":"<div class=\"wp-block-columns has-2-columns\">\n<div class=\"wp-block-column\">\n<div class=\"wp-block-image\"><figure class=\"aligncenter\"><a href=\"http:\/\/www.metodogrupo.com\/es\" target=\"_blank\" rel=\"noopener noreferrer\"><img loading=\"lazy\" width=\"316\" height=\"149\" src=\"https:\/\/intride.eu\/wp-content\/uploads\/2019\/08\/METODO.png\" alt=\"\" class=\"wp-image-638\" srcset=\"https:\/\/intride.eu\/wp-content\/uploads\/2019\/08\/METODO.png 316w, https:\/\/intride.eu\/wp-content\/uploads\/2019\/08\/METODO-300x141.png 300w\" sizes=\"(max-width: 316px) 100vw, 316px\" \/><\/a><\/figure><\/div>\n<\/div>\n\n\n\n<div class=\"wp-block-column\">\n<p class=\" translation-block\"><strong><a rel=\"noreferrer noopener\" aria-label=\"M\u00e9todo  (abre en una nueva pesta\u00f1a)\" href=\"http:\/\/www.metodogrupo.com\/es\" target=\"_blank\">M\u00e9todo<\/a><\/strong> is a leading&nbsp;e-learning innovative solutions and consultancy&nbsp;SME for advanced services in&nbsp;training, social labour research, design and implementation of projects. We have offices in Spain and Romania.<\/p>\n\n\n\n<p>Nuestra principal \u00e1rea de experiencia es la formaci\u00f3n para el empleo, especialmente a trav\u00e9s de nuestra plataforma e-learning, somos pioneros y l\u00edderes en el mercado espa\u00f1ol; aunque tambi\u00e9n ofrecemos otros modos de formaci\u00f3n como puede ser el aprendizaje combinado y formaci\u00f3n en el aula.<\/p>\n\n\n\n<p>Hemos implementado m\u00e1s de 30 proyectos europeos de diferentes programas como Erasmus+, Leonardo da Vinci, Interreg y Cooperaci\u00f3n transfronteriza, que tienen como objetivos principales: promover el esp\u00edritu emprendedor en las escuelas a trav\u00e9s de herramientas TIC, educaci\u00f3n y capacitaci\u00f3n abiertas, desarrollo de habilidades profesionales, dise\u00f1o de competencias clave para el mercado laboral o mejora de competencias para el emprendimiento en el campo de los servicios sociales.<\/p>\n<\/div>\n<\/div>","protected":false},"excerpt":{"rendered":"<p>M\u00e9todo is a leading\u00a0e-learning innovative solutions and consultancy\u00a0SME for advanced services in\u00a0training, social labour research, design and implementation of projects. We have offices in Spain and Romania. Our main expertise area is training for employment, especially through e-learning mode, on which we are pioneers and leaders in Spanish market, although we also provide other training [&hellip;]<\/p>","protected":false},"author":3,"featured_media":0,"parent":0,"menu_order":0,"comment_status":"closed","ping_status":"closed","template":"page-full-width.php","meta":[],"_links":{"self":[{"href":"https:\/\/intride.eu\/es\/wp-json\/wp\/v2\/pages\/266"}],"collection":[{"href":"https:\/\/intride.eu\/es\/wp-json\/wp\/v2\/pages"}],"about":[{"href":"https:\/\/intride.eu\/es\/wp-json\/wp\/v2\/types\/page"}],"author":[{"embeddable":true,"href":"https:\/\/intride.eu\/es\/wp-json\/wp\/v2\/users\/3"}],"replies":[{"embeddable":true,"href":"https:\/\/intride.eu\/es\/wp-json\/wp\/v2\/comments?post=266"}],"version-history":[{"count":8,"href":"https:\/\/intride.eu\/es\/wp-json\/wp\/v2\/pages\/266\/revisions"}],"predecessor-version":[{"id":679,"href":"https:\/\/intride.eu\/es\/wp-json\/wp\/v2\/pages\/266\/revisions\/679"}],"wp:attachment":[{"href":"https:\/\/intride.eu\/es\/wp-json\/wp\/v2\/media?parent=266"}],"curies":[{"name":"wp","href":"https:\/\/api.w.org\/{rel}","templated":true}]}}