{"id":270,"date":"2019-06-17T13:53:42","date_gmt":"2019-06-17T13:53:42","guid":{"rendered":"https:\/\/intride.eu\/?page_id=270"},"modified":"2020-07-01T07:44:50","modified_gmt":"2020-07-01T07:44:50","slug":"elisava","status":"publish","type":"page","link":"https:\/\/intride.eu\/es\/elisava\/","title":{"rendered":""},"content":{"rendered":"<div class=\"wp-block-columns has-2-columns\">\n<div class=\"wp-block-column\">\n<div class=\"wp-block-image\"><figure class=\"aligncenter size-large is-resized\"><a href=\"https:\/\/www.elisava.net\/es\" target=\"_blank\" rel=\"noopener noreferrer\"><img loading=\"lazy\" src=\"https:\/\/intride.eu\/wp-content\/uploads\/2020\/07\/ELISAVA\u2013black.png\" alt=\"\" class=\"wp-image-974\" width=\"349\" height=\"135\" srcset=\"https:\/\/intride.eu\/wp-content\/uploads\/2020\/07\/ELISAVA\u2013black.png 433w, https:\/\/intride.eu\/wp-content\/uploads\/2020\/07\/ELISAVA\u2013black-300x117.png 300w\" sizes=\"(max-width: 349px) 100vw, 349px\" \/><\/a><\/figure><\/div>\n<\/div>\n\n\n\n<div class=\"wp-block-column\">\n<p>En <a rel=\"noreferrer noopener\" href=\"http:\/\/www.elisava.net\/\" target=\"_blank\"><strong>Elisava, Escuela T\u00e9cnica Superior de Dise\u00f1o e Ingenier\u00eda de Barcelona<\/strong><\/a>, entendemos el dise\u00f1o y la ingenier\u00eda como instrumentos para cambiar el mundo a trav\u00e9s de la creatividad, la innovaci\u00f3n y el pensamiento cr\u00edtico.<\/p>\n\n\n\n<p>Desde hace casi 60 a\u00f1os apostamos por una l\u00ednea de educaci\u00f3n e investigaci\u00f3n abierta, flexible y multidisciplinar orientada al mundo profesional. Estamos afiliados a la Universitat Pompeu Fabra, una de las universidades m\u00e1s prestigiosas de Barcelona y Europa.<\/p>\n\n\n\n<p>Hemos formado a m\u00e1s de 17.000 estudiantes de 70 pa\u00edses para ayudarles a afrontar y superar retos profesionales, teniendo en cuenta los aspectos sociales, medioambientales y de g\u00e9nero.&nbsp;<\/p>\n\n\n\n<p>Por lo tanto, fomentamos la investigaci\u00f3n multidisciplinaria, fuertemente orientada a conectar empresas, instituciones, organizaciones sin fines de lucro y universidades de todo el mundo. Colaboramos con socios como F\u00fatbol Club Barcelona, elBullifoundation, Adidas, Vitra, M\u00e9dicos Sin Fronteras, SEAT, Danone y MUJI, entre otros.<\/p>\n\n\n\n<p>La escuela est\u00e1 ubicada en Barcelona, la capital del dise\u00f1o. Tenemos la suerte de estar en una ciudad cosmopolita que ofrece excelentes actividades culturales y de ocio. Barcelona vive y respira dise\u00f1o.&nbsp;<\/p>\n\n\n\n<p><strong><a href=\"https:\/\/www.elisava.net\/es\" target=\"_blank\" rel=\"noreferrer noopener\">www.elisava.net<\/a><\/strong><\/p>\n<\/div>\n<\/div>","protected":false},"excerpt":{"rendered":"<p>At Elisava, Barcelona School of Design and Engineering, we understand design and engineering as instruments to change the world through creativity, innovation and critical thinking. For almost 60 years we have been committed to an open, flexible and multidisciplinary line of education and research oriented towards the professional world. We are affiliated with the Universitat [&hellip;]<\/p>","protected":false},"author":3,"featured_media":0,"parent":0,"menu_order":0,"comment_status":"closed","ping_status":"closed","template":"page-full-width.php","meta":[],"_links":{"self":[{"href":"https:\/\/intride.eu\/es\/wp-json\/wp\/v2\/pages\/270"}],"collection":[{"href":"https:\/\/intride.eu\/es\/wp-json\/wp\/v2\/pages"}],"about":[{"href":"https:\/\/intride.eu\/es\/wp-json\/wp\/v2\/types\/page"}],"author":[{"embeddable":true,"href":"https:\/\/intride.eu\/es\/wp-json\/wp\/v2\/users\/3"}],"replies":[{"embeddable":true,"href":"https:\/\/intride.eu\/es\/wp-json\/wp\/v2\/comments?post=270"}],"version-history":[{"count":14,"href":"https:\/\/intride.eu\/es\/wp-json\/wp\/v2\/pages\/270\/revisions"}],"predecessor-version":[{"id":982,"href":"https:\/\/intride.eu\/es\/wp-json\/wp\/v2\/pages\/270\/revisions\/982"}],"wp:attachment":[{"href":"https:\/\/intride.eu\/es\/wp-json\/wp\/v2\/media?parent=270"}],"curies":[{"name":"wp","href":"https:\/\/api.w.org\/{rel}","templated":true}]}}