{"id":275,"date":"2019-06-17T13:59:04","date_gmt":"2019-06-17T13:59:04","guid":{"rendered":"https:\/\/intride.eu\/?page_id=275"},"modified":"2020-09-22T11:22:02","modified_gmt":"2020-09-22T11:22:02","slug":"wsb","status":"publish","type":"page","link":"https:\/\/intride.eu\/es\/wsb\/","title":{"rendered":""},"content":{"rendered":"<div class=\"wp-block-columns has-2-columns\">\n<div class=\"wp-block-column\">\n<div class=\"wp-block-image\"><figure class=\"aligncenter size-large is-resized\"><a href=\"http:\/\/www.wsb.edu.pl\/\" target=\"_blank\" rel=\"noopener noreferrer\"><img loading=\"lazy\" src=\"https:\/\/intride.eu\/wp-content\/uploads\/2020\/07\/WSB\u2013color.png\" alt=\"\" class=\"wp-image-993\" width=\"448\" height=\"53\" srcset=\"https:\/\/intride.eu\/wp-content\/uploads\/2020\/07\/WSB\u2013color.png 808w, https:\/\/intride.eu\/wp-content\/uploads\/2020\/07\/WSB\u2013color-300x36.png 300w, https:\/\/intride.eu\/wp-content\/uploads\/2020\/07\/WSB\u2013color-768x91.png 768w, https:\/\/intride.eu\/wp-content\/uploads\/2020\/07\/WSB\u2013color-732x87.png 732w\" sizes=\"(max-width: 448px) 100vw, 448px\" \/><\/a><\/figure><\/div>\n<\/div>\n\n\n\n<div class=\"wp-block-column\">\n<p><strong>WSB University<\/strong> (WSB) es una IES privada (sin fines de lucro) que opera en el mercado polaco desde 1995. Seg\u00fan el rango nacional, WSB es la primera universidad privada polaca fuera de Varsovia. WSB tiene 6 sucursales en el sur de Polonia (en Cracovia y en la frontera entre Polonia, Rep\u00fablica Checa y Eslovaquia). WSB ense\u00f1a a unos 12.000 estudiantes de 40 pa\u00edses. Desde 2013, la universidad WSB y sus investigadores han trabajado en m\u00e1s de 100 proyectos (fondos: alrededor de 37 millones de euros), bajo Visegrad Fund, Horizon 2020, Erasmus +, Interreg Central Europe, Interreg PL-SK, Interreg CZR-PL, AI for Earth, COST Acciones, programas nacionales EFRD, etc. WSB se centra en la investigaci\u00f3n interdisciplinaria en equipos internacionales con apoyo administrativo del Departamento de Desarrollo Cient\u00edfico. Los principales campos de investigaci\u00f3n son: Gesti\u00f3n y Econom\u00eda, Educaci\u00f3n, Seguridad e Ingenier\u00eda (incluidas las TIC). WSB trabaja en amplias redes internacionales de cl\u00fasteres, euro-regiones, empresas, IES, centros de investigaci\u00f3n, ONG, autoridades locales, escuelas y comunidades innovadoras como espacios de creaci\u00f3n o centros. WSB dirige el Instituto de Investigaci\u00f3n sobre Cooperaci\u00f3n Territorial e Interorganizacional, el Centro de Calidad e Innovaci\u00f3n, el Centro de Transferencia de Tecnolog\u00eda y el Centro de M\u00e9todos y Tecnolog\u00edas Modernas.<\/p>\n\n\n\n<p><a href=\"http:\/\/www.wsb.edu.pl\/\" target=\"_blank\" rel=\"noreferrer noopener\"><strong>www.wsb.edu.pl<\/strong><\/a><\/p>\n<\/div>\n<\/div>\n\n\n\n<p><\/p>","protected":false},"excerpt":{"rendered":"<p>WSB University (WSB) is a private (non-profit) HEI operated on Polish market since 1995. According to national rank, WSB is 1st private Polish university outside Warsaw. WSB has 6 branches in South Poland (in Cracow and on Polish-Czech-Slovak border). WSB teaches around 12 000 students from 40 countries. Since 2013 WSB university and its researchers [&hellip;]<\/p>","protected":false},"author":3,"featured_media":0,"parent":0,"menu_order":0,"comment_status":"closed","ping_status":"closed","template":"page-full-width.php","meta":[],"_links":{"self":[{"href":"https:\/\/intride.eu\/es\/wp-json\/wp\/v2\/pages\/275"}],"collection":[{"href":"https:\/\/intride.eu\/es\/wp-json\/wp\/v2\/pages"}],"about":[{"href":"https:\/\/intride.eu\/es\/wp-json\/wp\/v2\/types\/page"}],"author":[{"embeddable":true,"href":"https:\/\/intride.eu\/es\/wp-json\/wp\/v2\/users\/3"}],"replies":[{"embeddable":true,"href":"https:\/\/intride.eu\/es\/wp-json\/wp\/v2\/comments?post=275"}],"version-history":[{"count":12,"href":"https:\/\/intride.eu\/es\/wp-json\/wp\/v2\/pages\/275\/revisions"}],"predecessor-version":[{"id":1025,"href":"https:\/\/intride.eu\/es\/wp-json\/wp\/v2\/pages\/275\/revisions\/1025"}],"wp:attachment":[{"href":"https:\/\/intride.eu\/es\/wp-json\/wp\/v2\/media?parent=275"}],"curies":[{"name":"wp","href":"https:\/\/api.w.org\/{rel}","templated":true}]}}