{"id":278,"date":"2019-06-17T14:01:33","date_gmt":"2019-06-17T14:01:33","guid":{"rendered":"https:\/\/intride.eu\/?page_id=278"},"modified":"2020-09-22T11:22:24","modified_gmt":"2020-09-22T11:22:24","slug":"did","status":"publish","type":"page","link":"https:\/\/intride.eu\/es\/did\/","title":{"rendered":""},"content":{"rendered":"<div class=\"wp-block-columns has-2-columns\">\n<div class=\"wp-block-column\">\n<div class=\"wp-block-image\"><figure class=\"aligncenter size-large is-resized\"><a href=\"https:\/\/www.distrettointerniedesign.it\/network\" target=\"_blank\" rel=\"noopener noreferrer\"><img loading=\"lazy\" src=\"https:\/\/intride.eu\/wp-content\/uploads\/2020\/07\/DID\u2013color.png\" alt=\"\" class=\"wp-image-1019\" width=\"280\" height=\"268\" srcset=\"https:\/\/intride.eu\/wp-content\/uploads\/2020\/07\/DID\u2013color.png 379w, https:\/\/intride.eu\/wp-content\/uploads\/2020\/07\/DID\u2013color-300x287.png 300w\" sizes=\"(max-width: 280px) 100vw, 280px\" \/><\/a><\/figure><\/div>\n<\/div>\n\n\n\n<div class=\"wp-block-column\">\n<p>El <a href=\"http:\/\/www.distrettointerniedesign.it\/\" target=\"_blank\" rel=\"noreferrer noopener\"><strong>Cl\u00faster Tecnol\u00f3gico Toscano para Interiores y Dise\u00f1o DID<\/strong><\/a> se centra en la innovaci\u00f3n y la transferencia tecnol\u00f3gica relacionada con los interiores en el hogar \/ veh\u00edculos recreativos \/ sectores n\u00e1uticos y la innovaci\u00f3n del dise\u00f1o en general.<\/p>\n\n\n\n<p class=\" translation-block\">Est\u00e1 formado por 5 centros de promoci\u00f3n e incluye asociaciones empresariales. La participaci\u00f3n de los organismos de investigaci\u00f3n es estrat\u00e9gica ya que el enfoque de <strong>DID<\/strong> es acercar competencias a las empresas, principalmente PYMES, para desarrollar procesos de I+D+i.<\/p>\n\n\n\n<p class=\" translation-block\">El cl&uacute;ster tecnol&oacute;gico <strong>DID <\/strong>se concentra en varios sectores del &aacute;rea de fabricaci&oacute;n, tiene una visi&oacute;n multidisciplinar y nace de forma natural para desarrollar actividades relacionadas con la I+D+i, la formaci&oacute;n y la internacionalizaci&oacute;n de todos los miembros. Las redes de organizaciones de investigaci&oacute;n y actores internacionales que <strong>DID<\/strong> pone en cooperaci&oacute;n con las empresas miembro son relaciones bien establecidas con puntos de vista muy concretos.<\/p>\n\n\n\n<p>Servicios de apoyo prestados:<\/p>\n\n\n\n<ul><li>Acceso a ayudas p\u00fablicas (programas regionales \/ nacionales, vales de innovaci\u00f3n, etc.)<\/li><li>Facilitaci\u00f3n de la colaboraci\u00f3n entre miembros<\/li><li>Apoyo a la transferencia de conocimientos<\/li><li>Gesti\u00f3n de la innovaci\u00f3n \/ Soporte de procesos de innovaci\u00f3n (internos, externos)<\/li><\/ul>\n\n\n\n<p><strong><a href=\"https:\/\/www.distrettointerniedesign.it\/network\" target=\"_blank\" rel=\"noreferrer noopener\">www.distrettointerniedesign.it\/network<\/a><\/strong><\/p>\n<\/div>\n<\/div>","protected":false},"excerpt":{"rendered":"<p>The Tuscan Technological Cluster for Interiors and Design DID is focused on innovation and technological transfer related to interiors in the home \/ recreational vehicles \/ nautical sectors and design innovation in general. It is formed by 5 promotion centers and includes business associations. The participation of research organizations is strategic as the focus of [&hellip;]<\/p>","protected":false},"author":3,"featured_media":0,"parent":0,"menu_order":0,"comment_status":"closed","ping_status":"closed","template":"page-full-width.php","meta":[],"_links":{"self":[{"href":"https:\/\/intride.eu\/es\/wp-json\/wp\/v2\/pages\/278"}],"collection":[{"href":"https:\/\/intride.eu\/es\/wp-json\/wp\/v2\/pages"}],"about":[{"href":"https:\/\/intride.eu\/es\/wp-json\/wp\/v2\/types\/page"}],"author":[{"embeddable":true,"href":"https:\/\/intride.eu\/es\/wp-json\/wp\/v2\/users\/3"}],"replies":[{"embeddable":true,"href":"https:\/\/intride.eu\/es\/wp-json\/wp\/v2\/comments?post=278"}],"version-history":[{"count":8,"href":"https:\/\/intride.eu\/es\/wp-json\/wp\/v2\/pages\/278\/revisions"}],"predecessor-version":[{"id":1023,"href":"https:\/\/intride.eu\/es\/wp-json\/wp\/v2\/pages\/278\/revisions\/1023"}],"wp:attachment":[{"href":"https:\/\/intride.eu\/es\/wp-json\/wp\/v2\/media?parent=278"}],"curies":[{"name":"wp","href":"https:\/\/api.w.org\/{rel}","templated":true}]}}