{"id":321,"date":"2019-06-26T14:21:34","date_gmt":"2019-06-26T14:21:34","guid":{"rendered":"https:\/\/intride.eu\/?page_id=321"},"modified":"2021-07-27T14:05:02","modified_gmt":"2021-07-27T14:05:02","slug":"dida","status":"publish","type":"page","link":"https:\/\/intride.eu\/es\/dida\/","title":{"rendered":""},"content":{"rendered":"<div class=\"wp-block-columns has-2-columns\">\n<div class=\"wp-block-column\">\n<div class=\"wp-block-image\"><figure class=\"aligncenter size-large is-resized\"><img loading=\"lazy\" src=\"https:\/\/intride.eu\/wp-content\/uploads\/2021\/06\/UNIFI_positivo.jpg\" alt=\"\" class=\"wp-image-1295\" width=\"398\" height=\"193\" srcset=\"https:\/\/intride.eu\/wp-content\/uploads\/2021\/06\/UNIFI_positivo.jpg 993w, https:\/\/intride.eu\/wp-content\/uploads\/2021\/06\/UNIFI_positivo-300x146.jpg 300w, https:\/\/intride.eu\/wp-content\/uploads\/2021\/06\/UNIFI_positivo-768x373.jpg 768w, https:\/\/intride.eu\/wp-content\/uploads\/2021\/06\/UNIFI_positivo-16x8.jpg 16w, https:\/\/intride.eu\/wp-content\/uploads\/2021\/06\/UNIFI_positivo-732x355.jpg 732w\" sizes=\"(max-width: 398px) 100vw, 398px\" \/><\/figure><\/div>\n\n\n\n<p><\/p>\n<\/div>\n\n\n\n<div class=\"wp-block-column\">\n<p>El <strong><a href=\"https:\/\/www.unifi.it\/\" target=\"_blank\" rel=\"noreferrer noopener\">Universidad de Florencia<\/a><\/strong> es un importante centro de investigaci\u00f3n y educaci\u00f3n superior en Italia, con 1.800 profesores y personal de investigaci\u00f3n interno, 1.600 de personal t\u00e9cnico y m\u00e1s de 1.600 investigadores y estudiantes de doctorado. Ofrece una amplia gama de programas de estudio en todas las \u00e1reas del conocimiento.<\/p>\n\n\n\n<p>Es uno de los sistemas p\u00fablicos de investigaci\u00f3n m\u00e1s grandes y productivos de Italia. Esto se logra gracias a la cantidad de investigadores permanentes y temporales que trabajan en una amplia gama de campos disciplinarios y cient\u00edficos. Tambi\u00e9n se debe a una intensa participaci\u00f3n en programas de investigaci\u00f3n de relevancia nacional e internacional.&nbsp;<\/p>\n\n\n\n<p>En los \u00faltimos a\u00f1os, la Universidad de Florencia ha consolidado cada vez m\u00e1s sus iniciativas en el campo de la transferencia de conocimiento: desde la presentaci\u00f3n de patentes hasta la puesta en marcha de talleres conjuntos con empresas, pasando por la participaci\u00f3n en empresas spin-off.<\/p>\n\n\n\n<p>UNIFI participa en el proyecto INTRIDE con el Departamento de Arquitectura - DIDA y el Departamento de Ingenier\u00eda Industrial - DIEF.<\/p>\n\n\n\n<p>DIEF ha desarrollado diversas investigaciones enfocadas a lograr la innovaci\u00f3n tecnol\u00f3gica en el campo de la ingenier\u00eda industrial, cubriendo los principales aspectos culturales, cient\u00edficos y profesionales.<\/p>\n\n\n\n<p><a rel=\"noreferrer noopener\" href=\"https:\/\/www.dida.unifi.it\/\" target=\"_blank\"><strong>www.dida.unifi.it<\/strong><\/a><br><a href=\"http:\/\/www.dief.unifi.it\"><strong>www.dief.unifi.it<\/strong><\/a><\/p>\n<\/div>\n<\/div>\n\n\n\n<p><\/p>","protected":false},"excerpt":{"rendered":"<p>The University of Florence is an important centre for research and higher education in Italy, with 1,800 lecturers and internal research staff, 1,600 technical staff, and over 1,600 researchers and PhD students. It offers a wide range of study programmes in all areas of knowledge. It is one of the largest and most productive public [&hellip;]<\/p>","protected":false},"author":3,"featured_media":0,"parent":0,"menu_order":0,"comment_status":"closed","ping_status":"closed","template":"page-full-width.php","meta":[],"_links":{"self":[{"href":"https:\/\/intride.eu\/es\/wp-json\/wp\/v2\/pages\/321"}],"collection":[{"href":"https:\/\/intride.eu\/es\/wp-json\/wp\/v2\/pages"}],"about":[{"href":"https:\/\/intride.eu\/es\/wp-json\/wp\/v2\/types\/page"}],"author":[{"embeddable":true,"href":"https:\/\/intride.eu\/es\/wp-json\/wp\/v2\/users\/3"}],"replies":[{"embeddable":true,"href":"https:\/\/intride.eu\/es\/wp-json\/wp\/v2\/comments?post=321"}],"version-history":[{"count":25,"href":"https:\/\/intride.eu\/es\/wp-json\/wp\/v2\/pages\/321\/revisions"}],"predecessor-version":[{"id":1418,"href":"https:\/\/intride.eu\/es\/wp-json\/wp\/v2\/pages\/321\/revisions\/1418"}],"wp:attachment":[{"href":"https:\/\/intride.eu\/es\/wp-json\/wp\/v2\/media?parent=321"}],"curies":[{"name":"wp","href":"https:\/\/api.w.org\/{rel}","templated":true}]}}