{"id":325,"date":"2019-06-26T14:33:22","date_gmt":"2019-06-26T14:33:22","guid":{"rendered":"https:\/\/intride.eu\/?page_id=325"},"modified":"2020-09-22T09:19:47","modified_gmt":"2020-09-22T09:19:47","slug":"cluj","status":"publish","type":"page","link":"https:\/\/intride.eu\/es\/cluj\/","title":{"rendered":""},"content":{"rendered":"<div class=\"wp-block-columns has-2-columns\">\n<div class=\"wp-block-column\">\n<div class=\"wp-block-image\"><figure class=\"aligncenter size-large is-resized\"><a href=\"http:\/\/www.uad.ro\/\" target=\"_blank\" rel=\"noopener noreferrer\"><img loading=\"lazy\" src=\"https:\/\/intride.eu\/wp-content\/uploads\/2020\/07\/CLUJ-black.png\" alt=\"\" class=\"wp-image-988\" width=\"403\" height=\"174\" srcset=\"https:\/\/intride.eu\/wp-content\/uploads\/2020\/07\/CLUJ-black.png 675w, https:\/\/intride.eu\/wp-content\/uploads\/2020\/07\/CLUJ-black-300x130.png 300w\" sizes=\"(max-width: 403px) 100vw, 403px\" \/><\/a><\/figure><\/div>\n<\/div>\n\n\n\n<div class=\"wp-block-column\">\n<p>Una de las instituciones rumanas m\u00e1s din\u00e1micas en sucampo, la <strong><a href=\"http:\/\/www.uad.ro\" target=\"_blank\" rel=\"noreferrer noopener\">Universidad de Arte y Dise\u00f1o en Cluj-Napoca<\/a><\/strong> ofrece a sus estudiantes y profesores una apertura y oportunidades excepcionales de manifestaci\u00f3n y creaci\u00f3n art\u00edstica al proporcionar espacios de exposici\u00f3n y trabajo y tambi\u00e9n a trav\u00e9s de los acuerdos firmados interna e internacionalmente con museos, galer\u00edas, academias, escuelas de arte, universidades e institutos de arte donde los representantes de la Universidad tienen la oportunidad de entrar en contacto directo con las tendencias y direcciones del arte contempor\u00e1neo actual, pero tambi\u00e9n pueden dejar su huella personal de creatividad y autenticidad de Transilvania o Rumania.<\/p>\n\n\n\n<p>La misi\u00f3n fundamental de la UAD es brindar una educaci\u00f3n de la m\u00e1s alta calidad a quienes pretendan seguir una carrera en el campo de las artes visuales (bellas artes, artes decorativas y dise\u00f1o) y contribuir, a trav\u00e9s de la creaci\u00f3n e investigaci\u00f3n art\u00edstica, al desarrollo de la sociedad satisfaciendo las necesidades de la comunidad, anticip\u00e1ndose e influyendo en ellas. Tradici\u00f3n, creatividad e innovaci\u00f3n son conceptos clave en nuestra filosof\u00eda, posicionando nuestras actividades de creaci\u00f3n e investigaci\u00f3n hacia la investigaci\u00f3n del patrimonio nacional y universal, hacia la observaci\u00f3n de la cultura (visual) contempor\u00e1nea y hacia el examen de las m\u00e1s recientes teor\u00edas y tecnolog\u00edas cient\u00edficas. Todo ello tienen como resultado nuevas formas de creaci\u00f3n y pr\u00e1cticas art\u00edsticas que conducen a la mejora del entorno social y econ\u00f3mico (pos)industrial.&nbsp;&nbsp;<\/p>\n\n\n\n<p><strong>Estructuras acad\u00e9micas<\/strong><\/p>\n\n\n\n<p>Hay dos facultades: la Facultad de Bellas Artes y la Facultad de Artes Decorativas y Dise\u00f1o, luego la Escuela de Doctorado (en Artes Visuales) y el Departamento de Formaci\u00f3n del Profesorado.<\/p>\n\n\n\n<p><strong><a href=\"http:\/\/www.uad.ro\/\" target=\"_blank\" rel=\"noreferrer noopener\">www.uad.ro<\/a><\/strong><\/p>\n<\/div>\n<\/div>\n\n\n\n<p><\/p>","protected":false},"excerpt":{"rendered":"<p>One of the most dynamic Romanian institutions in the field, the University of Art and Design in Cluj-Napoca offers its students and professors an exceptional opening and opportunities of artistic manifestation and creation by providing exhibition and work spaces and also by the internal and international partnerships signed with museums, galleries, academies, art schools, art [&hellip;]<\/p>","protected":false},"author":3,"featured_media":0,"parent":0,"menu_order":0,"comment_status":"closed","ping_status":"closed","template":"page-full-width.php","meta":[],"_links":{"self":[{"href":"https:\/\/intride.eu\/es\/wp-json\/wp\/v2\/pages\/325"}],"collection":[{"href":"https:\/\/intride.eu\/es\/wp-json\/wp\/v2\/pages"}],"about":[{"href":"https:\/\/intride.eu\/es\/wp-json\/wp\/v2\/types\/page"}],"author":[{"embeddable":true,"href":"https:\/\/intride.eu\/es\/wp-json\/wp\/v2\/users\/3"}],"replies":[{"embeddable":true,"href":"https:\/\/intride.eu\/es\/wp-json\/wp\/v2\/comments?post=325"}],"version-history":[{"count":17,"href":"https:\/\/intride.eu\/es\/wp-json\/wp\/v2\/pages\/325\/revisions"}],"predecessor-version":[{"id":1087,"href":"https:\/\/intride.eu\/es\/wp-json\/wp\/v2\/pages\/325\/revisions\/1087"}],"wp:attachment":[{"href":"https:\/\/intride.eu\/es\/wp-json\/wp\/v2\/media?parent=325"}],"curies":[{"name":"wp","href":"https:\/\/api.w.org\/{rel}","templated":true}]}}