{"id":332,"date":"2019-06-26T14:42:59","date_gmt":"2019-06-26T14:42:59","guid":{"rendered":"https:\/\/intride.eu\/?page_id=332"},"modified":"2020-09-22T09:21:30","modified_gmt":"2020-09-22T09:21:30","slug":"zc","status":"publish","type":"page","link":"https:\/\/intride.eu\/es\/zc\/","title":{"rendered":""},"content":{"rendered":"<div class=\"wp-block-columns has-2-columns\">\n<div class=\"wp-block-column\">\n<div class=\"wp-block-image\"><figure class=\"aligncenter size-large is-resized\"><a href=\"http:\/\/www.zamekcieszyn.pl\/\" target=\"_blank\" rel=\"noopener noreferrer\"><img loading=\"lazy\" src=\"https:\/\/intride.eu\/wp-content\/uploads\/2020\/07\/ZC\u2013black.png\" alt=\"\" class=\"wp-image-1009\" width=\"324\" height=\"202\" srcset=\"https:\/\/intride.eu\/wp-content\/uploads\/2020\/07\/ZC\u2013black.png 431w, https:\/\/intride.eu\/wp-content\/uploads\/2020\/07\/ZC\u2013black-300x187.png 300w\" sizes=\"(max-width: 324px) 100vw, 324px\" \/><\/a><\/figure><\/div>\n<\/div>\n\n\n\n<div class=\"wp-block-column\">\n<p><strong><a href=\"http:\/\/www.zamekcieszyn.pl\" target=\"_blank\" rel=\"noreferrer noopener\">Zamek Cieszyn<\/a><\/strong> (Castillo de Cieszyn) es el primer centro de dise\u00f1o regional polaco. Es un organismo municipal cuyo objetivo es aprovechar el potencial de los dise\u00f1adores para estimular el desarrollo en Polonia, especialmente en la regi\u00f3n de Silesia.\u00a0 <\/p>\n\n\n\n<p>El principal desaf\u00edo de la organizaci\u00f3n es promover el dise\u00f1o como herramienta para incrementar la competitividad de empresas y organismos p\u00fablicos. Nuestros enfoques particulares son: implementaci\u00f3n del pensamiento de dise\u00f1o y dise\u00f1o de servicios en el sector p\u00fablico y privado, lanzamiento de nuevos productos, promoci\u00f3n del turismo cultural y la artesan\u00eda.<\/p>\n\n\n\n<p>Presentamos y educamos a j\u00f3venes dise\u00f1adores, emprendedores, j\u00f3venes y turistas mostrando dise\u00f1o y arquitectura moderna. Tambi\u00e9n protegemos la artesan\u00eda tradicional al mismo tiempo que promovemos sus notables nuevos roles. Zamek promueve la idea de Dise\u00f1o para Todos, que implica tener en cuenta las diferencias f\u00edsicas, sociales y culturales. Nuestros diferentes objetivos se logran principalmente a trav\u00e9s de formaciones y promoci\u00f3n, cooperaci\u00f3n con centros de investigaci\u00f3n cient\u00edfica, empresas, instituciones de apoyo empresarial, ONG, gobiernos locales, incluidas entidades extranjeras. Contratamos a 22 personas. Zamek Cieszyn estuvo involucrado en los proyectos internacionales (por ejemplo, See Sharing Experience Europe, Design Silesia, Human Cities, tambi\u00e9n proyectos de Visegrad), tambi\u00e9n es el hogar del Silesian Design Cluster.<\/p>\n\n\n\n<p><strong><a href=\"http:\/\/www.zamekcieszyn.pl\/\" target=\"_blank\" rel=\"noreferrer noopener\">www.zamekcieszyn.pl<\/a><\/strong><\/p>\n\n\n\n<p><br><\/p>\n<\/div>\n<\/div>\n\n\n\n<p><\/p>","protected":false},"excerpt":{"rendered":"<p>Zamek Cieszyn (Cieszyn Castle) is a first Polish regional design center. It is a municipal body which aims are to harness the potential of designers to stimulate development in Poland, especially in Silesia region.\u00a0 The main challenge for the organization is to promote design as a tool for increasing the competitiveness of businesses and public [&hellip;]<\/p>","protected":false},"author":3,"featured_media":0,"parent":0,"menu_order":0,"comment_status":"closed","ping_status":"closed","template":"page-full-width.php","meta":[],"_links":{"self":[{"href":"https:\/\/intride.eu\/es\/wp-json\/wp\/v2\/pages\/332"}],"collection":[{"href":"https:\/\/intride.eu\/es\/wp-json\/wp\/v2\/pages"}],"about":[{"href":"https:\/\/intride.eu\/es\/wp-json\/wp\/v2\/types\/page"}],"author":[{"embeddable":true,"href":"https:\/\/intride.eu\/es\/wp-json\/wp\/v2\/users\/3"}],"replies":[{"embeddable":true,"href":"https:\/\/intride.eu\/es\/wp-json\/wp\/v2\/comments?post=332"}],"version-history":[{"count":14,"href":"https:\/\/intride.eu\/es\/wp-json\/wp\/v2\/pages\/332\/revisions"}],"predecessor-version":[{"id":1088,"href":"https:\/\/intride.eu\/es\/wp-json\/wp\/v2\/pages\/332\/revisions\/1088"}],"wp:attachment":[{"href":"https:\/\/intride.eu\/es\/wp-json\/wp\/v2\/media?parent=332"}],"curies":[{"name":"wp","href":"https:\/\/api.w.org\/{rel}","templated":true}]}}