{"id":51,"date":"2019-04-16T11:26:29","date_gmt":"2019-04-16T11:26:29","guid":{"rendered":"https:\/\/intride.eu\/?page_id=51"},"modified":"2021-12-22T15:17:40","modified_gmt":"2021-12-22T15:17:40","slug":"mesmerize","status":"publish","type":"page","link":"https:\/\/intride.eu\/es\/","title":{"rendered":"INTRIDE \u2014 Habilidades Sociales, Digitales y de Sostenibilidad para Dise\u00f1adores Smart: los Dise\u00f1adores como Desencadenantes de la Innovaci\u00f3n en las PYMES del sector productivo."},"content":{"rendered":"<p><div style=\"text-align:center;\"><iframe loading=\"lazy\" width=\"750\" height=\"422\" src=\"https:\/\/www.youtube.com\/embed\/r98AlbFIJME\" title=\"YouTube video player\" frameborder=\"0\" allow=\"accelerometer; autoplay; clipboard-write; encrypted-media; gyroscope; picture-in-picture\" allowfullscreen><\/iframe><\/div><\/p>\n\n\n\n<p class=\" translation-block\">En <strong>INTRIDE <\/strong>estamos liderando la creaci\u00f3n de un fuerte v\u00ednculo e interacci\u00f3n continua entre las <strong>IES (Instituciones de Educaci\u00f3n Superior)<\/strong>, la <strong>industria<\/strong> y los <strong>intermediarios<\/strong> mediante el desarrollo de un <strong>curr\u00edculum conjunto<\/strong> del <strong>dise\u00f1ador <\/strong>con <strong>habilidades blandas, digitales y verdes<\/strong> concebido como <strong>potenciador de la innovaci\u00f3n <\/strong>en la activaci\u00f3n de los procesos de innovaci\u00f3n y la gesti\u00f3n del ecosistema de colaboraci\u00f3n.<\/p>\n\n\n\n<p>Per\u00edodo de implementaci\u00f3n: 01\/01\/2020 \u2013 31\/12\/2022<\/p>\n\n\n\n<hr class=\"wp-block-separator\"\/>\n\n\n\n<p><\/p>\n\n\n\n<h4 class=\"has-text-align-left\"><strong>NUESTRO TRI\u00c1NGULO DEL CONOCIMIENTO<\/strong><\/h4>\n\n\n\n<figure class=\"wp-block-image size-large\"><img loading=\"lazy\" width=\"1024\" height=\"608\" src=\"https:\/\/intride.eu\/wp-content\/uploads\/2020\/09\/Our-Knowledge-triangle-SP.png\" alt=\"\" class=\"wp-image-935\" srcset=\"https:\/\/intride.eu\/wp-content\/uploads\/2020\/09\/Our-Knowledge-triangle-SP.png 1104w, https:\/\/intride.eu\/wp-content\/uploads\/2020\/09\/Our-Knowledge-triangle-SP-300x178.png 300w, https:\/\/intride.eu\/wp-content\/uploads\/2020\/09\/Our-Knowledge-triangle-SP-1024x608.png 1024w, https:\/\/intride.eu\/wp-content\/uploads\/2020\/09\/Our-Knowledge-triangle-SP-768x456.png 768w, https:\/\/intride.eu\/wp-content\/uploads\/2020\/09\/Our-Knowledge-triangle-SP-732x435.png 732w\" sizes=\"(max-width: 1024px) 100vw, 1024px\" \/><\/figure>\n\n\n\n<p><\/p>","protected":false},"excerpt":{"rendered":"<p>In INTRIDE we are leading the creation of a strong link and continuous interaction among HEIs (Higher Education Institutions), industry and intermediaries by developing a joint curriculum of the designer with soft, digital and green skills conceived as innovation trigger in activating innovation processes and managing the collaboration ecosystem. Implementation period: 01\/01\/2020 \u2013 31\/12\/2022 OUR [&hellip;]<\/p>","protected":false},"author":1,"featured_media":0,"parent":0,"menu_order":0,"comment_status":"closed","ping_status":"closed","template":"page-full-width.php","meta":[],"_links":{"self":[{"href":"https:\/\/intride.eu\/es\/wp-json\/wp\/v2\/pages\/51"}],"collection":[{"href":"https:\/\/intride.eu\/es\/wp-json\/wp\/v2\/pages"}],"about":[{"href":"https:\/\/intride.eu\/es\/wp-json\/wp\/v2\/types\/page"}],"author":[{"embeddable":true,"href":"https:\/\/intride.eu\/es\/wp-json\/wp\/v2\/users\/1"}],"replies":[{"embeddable":true,"href":"https:\/\/intride.eu\/es\/wp-json\/wp\/v2\/comments?post=51"}],"version-history":[{"count":86,"href":"https:\/\/intride.eu\/es\/wp-json\/wp\/v2\/pages\/51\/revisions"}],"predecessor-version":[{"id":1658,"href":"https:\/\/intride.eu\/es\/wp-json\/wp\/v2\/pages\/51\/revisions\/1658"}],"wp:attachment":[{"href":"https:\/\/intride.eu\/es\/wp-json\/wp\/v2\/media?parent=51"}],"curies":[{"name":"wp","href":"https:\/\/api.w.org\/{rel}","templated":true}]}}