{"id":182,"date":"2019-06-12T19:01:50","date_gmt":"2019-06-12T19:01:50","guid":{"rendered":"https:\/\/intride.eu\/?page_id=182"},"modified":"2020-07-01T07:12:41","modified_gmt":"2020-07-01T07:12:41","slug":"digital-transformation","status":"publish","type":"page","link":"https:\/\/intride.eu\/it\/digital-transformation\/","title":{"rendered":"SDG Skills"},"content":{"rendered":"<p class=\" translation-block\">I <strong>designer <\/strong>del futuro avranno bisogno di <strong>competenze complementari \"Soft, Digital &amp; Green\"<\/strong>, oltre a quelle creative, per diventare attori chiavi catalizzatori di innovazione nelle PMI del settore manifatturiero, in particolare per l&rsquo;arredamento.<\/p>\n\n\n\n<hr class=\"wp-block-separator\"\/>\n\n\n\n<h4><\/h4>\n\n\n\n<figure class=\"wp-block-image size-large is-resized\"><img loading=\"lazy\" src=\"https:\/\/intride.eu\/wp-content\/uploads\/2020\/07\/Intride\u2013Visual-identity_Soft-skills.png\" alt=\"\" class=\"wp-image-940\" width=\"113\" height=\"114\" srcset=\"https:\/\/intride.eu\/wp-content\/uploads\/2020\/07\/Intride\u2013Visual-identity_Soft-skills.png 859w, https:\/\/intride.eu\/wp-content\/uploads\/2020\/07\/Intride\u2013Visual-identity_Soft-skills-297x300.png 297w, https:\/\/intride.eu\/wp-content\/uploads\/2020\/07\/Intride\u2013Visual-identity_Soft-skills-150x150.png 150w, https:\/\/intride.eu\/wp-content\/uploads\/2020\/07\/Intride\u2013Visual-identity_Soft-skills-768x777.png 768w, https:\/\/intride.eu\/wp-content\/uploads\/2020\/07\/Intride\u2013Visual-identity_Soft-skills-732x741.png 732w\" sizes=\"(max-width: 113px) 100vw, 113px\" \/><\/figure>\n\n\n\n<p>Le Soft Skills, anche chiamate competenze trasversali, possono essere assimilate  alle caratteristiche e alle attitudini personali. Queste abilit\u00e0 sono immateriali e in genere difficili da osservare, quantificare e misurare. Vengono acquisite attraverso la crescita individuale sia con l\u2019utilizzo in ambito lavorativo sia nella vita personale.&nbsp;<\/p>\n\n\n\n<div class=\"wp-block-columns\">\n<div class=\"wp-block-column\">\n<p>Le Soft Skills vengono classificate come un set di abilit\u00e0 sociali e personali, che possono essere correlate in parte alle capacit\u00e0 cognitive, ma da cui differiscono nell'aspetto interrelazionale.<\/p>\n\n\n\n<p>Le abilit\u00e0 sociali sono tipicamente legate alla necessit\u00e0 di collaborare e interagire con altre persone. Alcuni esempi sono la comunicazione, l'intelligenza emotiva, l'assertivit\u00e0, il lavoro di squadra, ecc.<\/p>\n\n\n\n<p>Le caratteristiche personali si riferiscono alle predisposizioni personali che caratterizzano il modo in cui una persona affronta i compiti lavorativi: risoluzione di problemi complessi, autogestione, adattabilit\u00e0, responsabilit\u00e0, creativit\u00e0, ecc.<\/p>\n\n\n\n<p>Nella grande competizione del mondo aziendale, le Soft Skills ti aiutano a distinguerti dalle persone in cerca di lavoro.<\/p>\n\n\n\n<p>Avere la capacit\u00e0 di identificare problemi e bisogni come anche avere approcci diversi alla soluzione dei problemi sono alcune delle principali Soft Skills ricercate dai designer.<\/p>\n\n\n\n<p>Nel futuro, i designer avranno bisogno di competenze trasversali per identificare soluzioni, pensare e agire in modo diverso nell\u2019affrontare i problemi. Le abilit\u00e0 sociali sono importanti per creare empatia ed essere in grado di sviluppare un user-centred design incentrato sull'utente e per lavorare efficacemente all'interno di un team.<\/p>\n<\/div>\n\n\n\n<div class=\"wp-block-column\">\n<figure class=\"wp-block-image size-large\"><img loading=\"lazy\" width=\"2560\" height=\"1707\" src=\"https:\/\/intride.eu\/wp-content\/uploads\/2020\/06\/photo-of-people-using-laptop-s-3182759-scaled.jpg\" alt=\"\" class=\"wp-image-928\" srcset=\"https:\/\/intride.eu\/wp-content\/uploads\/2020\/06\/photo-of-people-using-laptop-s-3182759-scaled.jpg 2560w, https:\/\/intride.eu\/wp-content\/uploads\/2020\/06\/photo-of-people-using-laptop-s-3182759-300x200.jpg 300w, https:\/\/intride.eu\/wp-content\/uploads\/2020\/06\/photo-of-people-using-laptop-s-3182759-768x512.jpg 768w, https:\/\/intride.eu\/wp-content\/uploads\/2020\/06\/photo-of-people-using-laptop-s-3182759-2048x1365.jpg 2048w, https:\/\/intride.eu\/wp-content\/uploads\/2020\/06\/photo-of-people-using-laptop-s-3182759-732x488.jpg 732w\" sizes=\"(max-width: 2560px) 100vw, 2560px\" \/><\/figure>\n<\/div>\n<\/div>\n\n\n\n<hr class=\"wp-block-separator\"\/>\n\n\n\n<figure class=\"wp-block-image size-large is-resized\"><img loading=\"lazy\" src=\"https:\/\/intride.eu\/wp-content\/uploads\/2020\/07\/Intride\u2013Visual-identity_Digital-skills-1024x574.png\" alt=\"\" class=\"wp-image-943\" width=\"113\" height=\"63\" srcset=\"https:\/\/intride.eu\/wp-content\/uploads\/2020\/07\/Intride\u2013Visual-identity_Digital-skills-1024x574.png 1024w, https:\/\/intride.eu\/wp-content\/uploads\/2020\/07\/Intride\u2013Visual-identity_Digital-skills-300x168.png 300w, https:\/\/intride.eu\/wp-content\/uploads\/2020\/07\/Intride\u2013Visual-identity_Digital-skills-768x430.png 768w, https:\/\/intride.eu\/wp-content\/uploads\/2020\/07\/Intride\u2013Visual-identity_Digital-skills-732x410.png 732w, https:\/\/intride.eu\/wp-content\/uploads\/2020\/07\/Intride\u2013Visual-identity_Digital-skills.png 1051w\" sizes=\"(max-width: 113px) 100vw, 113px\" \/><\/figure>\n\n\n\n<p>Le Digital Skills sono definite come una gamma di abilit\u00e0 legate alla capacit\u00e0 di utilizzare dispositivi digitali, applicazioni di comunicazione e reti per accedere e gestire le informazioni.<\/p>\n\n\n\n<div class=\"wp-block-columns\">\n<div class=\"wp-block-column\">\n<p> Consentono alle persone di creare e condividere contenuti digitali, comunicare, collaborare e risolvere problemi nelle occasioni formative, professionali e sociali attraverso un\u2019autorealizzazione efficace e creativa.<\/p>\n\n\n\n<p>Le competenze digitali entry-level, ovvero le competenze funzionali di base necessarie ad un uso primario di dispositivi digitali e applicazioni online, sono ampiamente considerate una componente cruciale all\u2019interno di una nuova serie di abilit\u00e0 di alfabetizzazione nell'era digitale, insieme alle tradizionali capacit\u00e0 di lettura, scrittura e calcolo.<\/p>\n\n\n\n<p class=\" translation-block\">Lo spettro di Digital Skills di pi\u00f9 alto livello consente ai professionisti di sfruttare appieno le tecnologie digitali attraverso l'empowerment. Le principali trasformazioni digitali come la realt\u00e0 virtuale e aumentata, l'analisi dei big data o la sicurezza informatica richiedono nuove competenze e, a loro volta, hanno un impatto sulla creazione di capacit\u00e0 e sullo sviluppo delle competenze per l'economia digitale del 21 \u00b0 secolo.<\/p>\n\n\n\n<p>Il settore industriale \u00e8 investito dalla trasformazione digitale e il settore dell'arredamento non \u00e8 immune da questa trasformazione. I designer del futuro devono acquisire conoscenze e competenze digitali al fine di sviluppare nuovi prodotti e progettare nuovi modelli di business competitivi e all'avanguardia.<\/p>\n<\/div>\n\n\n\n<div class=\"wp-block-column\">\n<figure class=\"wp-block-image size-large\"><img loading=\"lazy\" width=\"2560\" height=\"1709\" src=\"https:\/\/intride.eu\/wp-content\/uploads\/2020\/06\/AdobeStock_320477605-scaled.jpeg\" alt=\"\" class=\"wp-image-929\" srcset=\"https:\/\/intride.eu\/wp-content\/uploads\/2020\/06\/AdobeStock_320477605-scaled.jpeg 2560w, https:\/\/intride.eu\/wp-content\/uploads\/2020\/06\/AdobeStock_320477605-300x200.jpeg 300w, https:\/\/intride.eu\/wp-content\/uploads\/2020\/06\/AdobeStock_320477605-768x513.jpeg 768w, https:\/\/intride.eu\/wp-content\/uploads\/2020\/06\/AdobeStock_320477605-2048x1367.jpeg 2048w, https:\/\/intride.eu\/wp-content\/uploads\/2020\/06\/AdobeStock_320477605-732x489.jpeg 732w\" sizes=\"(max-width: 2560px) 100vw, 2560px\" \/><\/figure>\n<\/div>\n<\/div>\n\n\n\n<hr class=\"wp-block-separator\"\/>\n\n\n\n<figure class=\"wp-block-image size-large is-resized\"><img loading=\"lazy\" src=\"https:\/\/intride.eu\/wp-content\/uploads\/2020\/07\/Intride\u2013Visual-identity_Green-skills.png\" alt=\"\" class=\"wp-image-946\" width=\"132\" height=\"61\" srcset=\"https:\/\/intride.eu\/wp-content\/uploads\/2020\/07\/Intride\u2013Visual-identity_Green-skills.png 963w, https:\/\/intride.eu\/wp-content\/uploads\/2020\/07\/Intride\u2013Visual-identity_Green-skills-300x138.png 300w, https:\/\/intride.eu\/wp-content\/uploads\/2020\/07\/Intride\u2013Visual-identity_Green-skills-768x354.png 768w, https:\/\/intride.eu\/wp-content\/uploads\/2020\/07\/Intride\u2013Visual-identity_Green-skills-732x337.png 732w\" sizes=\"(max-width: 132px) 100vw, 132px\" \/><\/figure>\n\n\n\n<p>Le Green Skills sono le capacit\u00e0 necessarie per vivere, sviluppare e sostenere una societ\u00e0 che mira a ridurre l'impatto nocivo delle attivit\u00e0 umane sull'ambiente.<\/p>\n\n\n\n<p>Le competenze green possono essere classificate nei seguenti gruppi:<\/p>\n\n\n\n<div class=\"wp-block-columns\">\n<div class=\"wp-block-column\">\n<ul><li>Competenze green generiche che aiutano a sviluppare consapevolezza o implementare attivit\u00e0 efficienti sotto il profilo delle risorse, eco-cittadinanza, ecc.<\/li><li>Competenze green specifiche necessarie per implementare le soluzioni tecniche relative a: ridurre il consumo di energia, materiali e acqua, generare meno rifiuti \/ contaminanti, utilizzare sostanze meno pericolose, implementare schemi di recupero per il riciclaggio o il riutilizzo, ecc.<\/li><li>Competenze ambientali altamente specializzate per sviluppare e implementare nuove tecnologie pulite, materiali ecologici avanzati, modelli di business circolari complessi, processi di rigenerazione, ecc.&nbsp;<\/li><\/ul>\n\n\n\n<p>Le Green Skills sono quelle abilit\u00e0 necessarie a convertire prodotti, servizi e processi ai requisiti ambientali. Le competenze ambientali saranno necessarie a tutti i settori e a tutti i livelli della forza lavoro.<\/p>\n\n\n\n<p>Il Green Deal europeo e il nuovo Piano d'azione per l'economia circolare della Commissione europea accelereranno la transizione del settore verso un'economia pi\u00f9 circolare. Il futuro delle aziende sar\u00e0 senza dubbio pi\u00f9 \"digitale\", ma anche pi\u00f9 \"verde\". In futuro i designer dovranno possedere queste competenze \"green\" per garantire che i loro nuovi prodotti, sviluppi e modelli di business comprendano i valori e le pratiche dell'Economia Circolare.&nbsp;<\/p>\n<\/div>\n\n\n\n<div class=\"wp-block-column\">\n<figure class=\"wp-block-image size-large\"><img loading=\"lazy\" width=\"1024\" height=\"621\" src=\"https:\/\/intride.eu\/wp-content\/uploads\/2020\/06\/AdobeStock_321034269-1024x621.jpeg\" alt=\"\" class=\"wp-image-930\" srcset=\"https:\/\/intride.eu\/wp-content\/uploads\/2020\/06\/AdobeStock_321034269-1024x621.jpeg 1024w, https:\/\/intride.eu\/wp-content\/uploads\/2020\/06\/AdobeStock_321034269-300x182.jpeg 300w, https:\/\/intride.eu\/wp-content\/uploads\/2020\/06\/AdobeStock_321034269-768x466.jpeg 768w, https:\/\/intride.eu\/wp-content\/uploads\/2020\/06\/AdobeStock_321034269-2048x1242.jpeg 2048w, https:\/\/intride.eu\/wp-content\/uploads\/2020\/06\/AdobeStock_321034269-732x444.jpeg 732w\" sizes=\"(max-width: 1024px) 100vw, 1024px\" \/><\/figure>\n<\/div>\n<\/div>","protected":false},"excerpt":{"rendered":"<p>The designers of the future will need complementary \u201cSoft, Digital &amp; Green\u201d skills, in addition to the creative ones to become true agents and key catalysts of innovation in SMEs that manufacture habitat products. Non-cognitive skills are often labelled as \u2018soft skills\u2019 and can blend into personal characteristics and attitudes. These types of skills are [&hellip;]<\/p>","protected":false},"author":3,"featured_media":0,"parent":0,"menu_order":0,"comment_status":"closed","ping_status":"closed","template":"page-full-width.php","meta":[],"_links":{"self":[{"href":"https:\/\/intride.eu\/it\/wp-json\/wp\/v2\/pages\/182"}],"collection":[{"href":"https:\/\/intride.eu\/it\/wp-json\/wp\/v2\/pages"}],"about":[{"href":"https:\/\/intride.eu\/it\/wp-json\/wp\/v2\/types\/page"}],"author":[{"embeddable":true,"href":"https:\/\/intride.eu\/it\/wp-json\/wp\/v2\/users\/3"}],"replies":[{"embeddable":true,"href":"https:\/\/intride.eu\/it\/wp-json\/wp\/v2\/comments?post=182"}],"version-history":[{"count":46,"href":"https:\/\/intride.eu\/it\/wp-json\/wp\/v2\/pages\/182\/revisions"}],"predecessor-version":[{"id":948,"href":"https:\/\/intride.eu\/it\/wp-json\/wp\/v2\/pages\/182\/revisions\/948"}],"wp:attachment":[{"href":"https:\/\/intride.eu\/it\/wp-json\/wp\/v2\/media?parent=182"}],"curies":[{"name":"wp","href":"https:\/\/api.w.org\/{rel}","templated":true}]}}