{"id":217,"date":"2019-06-17T09:43:26","date_gmt":"2019-06-17T09:43:26","guid":{"rendered":"https:\/\/intride.eu\/?page_id=217"},"modified":"2019-07-18T08:03:37","modified_gmt":"2019-07-18T08:03:37","slug":"privacy-policy","status":"publish","type":"page","link":"https:\/\/intride.eu\/it\/privacy-policy\/","title":{"rendered":"Privacy Policy"},"content":{"rendered":"<h3>User information<\/h3>\n\n\n\n<p><strong>Centre de Difusi\u00f3 Tecnol\u00f2gica Fusta i Moble de Catalunya, Fundaci\u00f3 Privada<\/strong>,\n hereinafter the DATA CONTROLLER, is responsible for the processing of \nthe User&#8217;s personal data and informs you that this data will be \nprocessed in accordance with the provisions of Regulation (EU) 2016\/679 \nof 27 April 2016 (GDPR) on the protection of natural persons with regard\n to the processing of personal data and on the free movement of such \ndata, therefore this information on the processing is provided to you:<\/p>\n\n\n\n<p><strong>Purpose of the processing:<\/strong> to maintain a commercial relationship with the User. The planned processing operations are:<\/p>\n\n\n\n<ul><li>Sending commercial advertising communications by email, fax, SMS, \nMMS, social networks  or by any other electronic or physical means, \npresent or future, that make it possible to carry out commercial \ncommunications. These communications will be sent by the DATA CONTROLLER\n and will be related to their products and services, or those of their \npartners or suppliers with whom they have reached a promotion agreement.\n In this case, the third parties will never have access to personal \ndata.<\/li><li>Conducting statistical studies.<\/li><li>Processing orders, queries or any type of request made by the user through any of the available contact methods.<\/li><li>Sending the website newsletter.<\/li><\/ul>\n\n\n\n<p><strong>Legal basis of the treatment:<\/strong> consent of the interested party.<\/p>\n\n\n\n<p><strong>Data retention criteria:<\/strong> data shall be retained \nwhile there is a mutual interest in maintaining the purpose of \nprocessing and when such purpose is no longer necessary, the data shall \nbe erased with the appropriate security measures to ensure the \npseudonymisation or the complete destruction of them.<\/p>\n\n\n\n<p>Data communication: Data will not be disclosed to third parties, unless legally obliged to do so.<\/p>\n\n\n\n<p><strong>Rights of the User:<\/strong><\/p>\n\n\n\n<ul><li>Right to withdraw consent at any time.<\/li><li>Right of access, rectification, portability and erasure of your data and the restriction or objection to their processing.<\/li><li>You have the right to file a complaint with the Spanish Supervisory \nAuthority (www.aepd.es) if you consider that the processing does not \ncomply with current legislation.<\/li><\/ul>\n\n\n\n<p><strong>Contact information for exercising your rights:<\/strong><\/p>\n\n\n\n<p>Postal adress: Centre de Difusi\u00f3 Tecnol\u00f2gica Fusta i Moble de \nCatalunya, Fundaci\u00f3 Privada. Avinguda Generalitat, 66 43560 LA S\u00c8NIA \n(TARRAGONA). Email: <a href=\"mailto:jordi.albacar@cenfim.org\">jordi.albacar@cenfim.org<\/a><\/p>\n\n\n\n<h3>Compulsory or optional nature of the information provided by the user<\/h3>\n\n\n\n<p>The Users, by means of marking the corresponding boxes and entering \ndata in the fields marked with an asterisk (*) in the contact form or \ndownload forms, accept expressly and in a free and unequivocal way that \ntheir data are necessary for the provider to meet their request, \nvoluntarily providing their data in the remaining fields. The User \nensures that the personal data provided to the DATA CONTROLLER are true \nand is responsible for communicating any changes to them.<\/p>\n\n\n\n<p>The DATA CONTROLLER informs and expressly ensures users that their \npersonal data will not be transferred to third parties under any \ncircumstances, and that whenever any type of personal data transfer is \nmade, the express, informed and unequivocal consent of the Users will be\n requested in advance. All data requested through the website is \nmandatory, as it is necessary for the provision of an optimal service to\n the User. In the event that not all of the data is provided, there is \nno guarantee that the information and services provided will be \ncompletely adapted to your needs.<\/p>\n\n\n\n<h3>Security measures<\/h3>\n\n\n\n<p>That in accordance with the provisions of the current regulations on \nthe protection of personal data, the DATA CONTROLLER is complying with \nall the provisions of the GDPR regulations for processing the personal \ndata for which they are responsible, and is manifestly complying with \nthe principles described in Article 5 of the GDPR, under which they are \nprocessed in a lawful, fair and transparent manner in relation to the \nPerson Concerned and are appropriate, relevant and limited to what is \nnecessary in relation to the purposes for which they are processed.<\/p>\n\n\n\n<p>The DATA CONTROLLER guarantees that all appropriate technical and \norganisational policies have been implemented to apply the security \nmeasures established by the GDPR in order to protect the rights and \nfreedoms of Users, and has communicated the appropriate information for \nthem to be able to exercise their rights and freedoms.<\/p>","protected":false},"excerpt":{"rendered":"<p>User information Centre de Difusi\u00f3 Tecnol\u00f2gica Fusta i Moble de Catalunya, Fundaci\u00f3 Privada, hereinafter the DATA CONTROLLER, is responsible for the processing of the User&#8217;s personal data and informs you that this data will be processed in accordance with the provisions of Regulation (EU) 2016\/679 of 27 April 2016 (GDPR) on the protection of natural [&hellip;]<\/p>","protected":false},"author":3,"featured_media":0,"parent":0,"menu_order":0,"comment_status":"closed","ping_status":"closed","template":"page-full-width.php","meta":[],"_links":{"self":[{"href":"https:\/\/intride.eu\/it\/wp-json\/wp\/v2\/pages\/217"}],"collection":[{"href":"https:\/\/intride.eu\/it\/wp-json\/wp\/v2\/pages"}],"about":[{"href":"https:\/\/intride.eu\/it\/wp-json\/wp\/v2\/types\/page"}],"author":[{"embeddable":true,"href":"https:\/\/intride.eu\/it\/wp-json\/wp\/v2\/users\/3"}],"replies":[{"embeddable":true,"href":"https:\/\/intride.eu\/it\/wp-json\/wp\/v2\/comments?post=217"}],"version-history":[{"count":1,"href":"https:\/\/intride.eu\/it\/wp-json\/wp\/v2\/pages\/217\/revisions"}],"predecessor-version":[{"id":218,"href":"https:\/\/intride.eu\/it\/wp-json\/wp\/v2\/pages\/217\/revisions\/218"}],"wp:attachment":[{"href":"https:\/\/intride.eu\/it\/wp-json\/wp\/v2\/media?parent=217"}],"curies":[{"name":"wp","href":"https:\/\/api.w.org\/{rel}","templated":true}]}}