{"id":237,"date":"2019-06-17T13:18:31","date_gmt":"2019-06-17T13:18:31","guid":{"rendered":"https:\/\/intride.eu\/?page_id=237"},"modified":"2020-11-05T08:42:03","modified_gmt":"2020-11-05T08:42:03","slug":"tfc","status":"publish","type":"page","link":"https:\/\/intride.eu\/it\/tfc\/","title":{"rendered":""},"content":{"rendered":"<div class=\"wp-block-columns has-2-columns\">\n<div class=\"wp-block-column\">\n<div class=\"wp-block-image\"><figure class=\"aligncenter size-large is-resized\"><a href=\"https:\/\/www.mobiliertransilvan.ro\/\" target=\"_blank\" rel=\"noopener noreferrer\"><img loading=\"lazy\" src=\"https:\/\/intride.eu\/wp-content\/uploads\/2020\/07\/CMT\u2013color.png\" alt=\"\" class=\"wp-image-997\" width=\"287\" height=\"253\" srcset=\"https:\/\/intride.eu\/wp-content\/uploads\/2020\/07\/CMT\u2013color.png 335w, https:\/\/intride.eu\/wp-content\/uploads\/2020\/07\/CMT\u2013color-300x265.png 300w\" sizes=\"(max-width: 287px) 100vw, 287px\" \/><\/a><\/figure><\/div>\n<\/div>\n\n\n\n<div class=\"wp-block-column\">\n<p class=\" translation-block\">Il <strong>Transylvanian Furniture Cluster<\/strong> \u00e8 stato istituito nel 2012 come entit\u00e0 giuridica di tipo associativo e la sua attivit\u00e0 principale risiede nel settore della produzione di mobili.<\/p>\n\n\n\n<p>Il Cluster rappresenta 86 membri ed \u00e8 una piattaforma per la cooperazione e il collegamento in rete di produttori di mobili, rappresentanza di interessi, istituti di istruzione e ricerca e pubblica amministrazione.&nbsp;<\/p>\n\n\n\n<p>L'appartenenza al cluster \u00e8 composta da 63 aziende, 11 istituti di ricerca e istruzione, 8 catalizzatori e 2 pubblici istituzione. Nel 2018 il fatturato \u00e8 stato di circa 10 milioni di euro, con oltre 4mila dipendenti.<\/p>\n\n\n\n<p>L'obiettivo principale del cluster \u00e8 aumentare la competitivit\u00e0 economica, sia sul mercato interno che estero, sulla base di qualit\u00e0, innovazione e sviluppo sostenibile.&nbsp;<\/p>\n\n\n\n<p>Una parte essenziale di questa impresa \u00e8 il rafforzamento della cooperazione tra le aziende manifatturiere e gli enti di ricerca e sviluppo. Attraverso partnership attive nel cluster, le aziende ricevono informazioni tempestive sugli sviluppi e le tendenze futuri che sono destinati a plasmare la situazione competitiva e possono quindi migliorare la loro competitivit\u00e0 in forma cooperativa.<\/p>\n\n\n\n<p>I servizi che i cluster forniscono ai membri includono:<\/p>\n\n\n\n<ul><li>Business matchmaking, sviluppo di partnership, sviluppo di progetti e \/ o relazioni commerciali, nonch\u00e9 accesso ai programmi del cluster: Gate for Export, Acquisition Center, Learn2Do e accesso a dati statistici complessi dall'industria del mobile;<\/li><li>Uso congiunto dell'infrastruttura RDI del cluster: laboratorio di rivestimenti funzionali - progettazione della ricetta del colore; misurazione dello spessore della vernice; misurazione dell'umidit\u00e0 del legno<\/li><li>Coinvolgimento in azioni di ricerca-sviluppo-innovazione, concentrandosi su progetti di sviluppo di prodotti e \/ o servizi<\/li><li>Servizi di internazionalizzazione: organizzazione di missioni economiche, partecipazione a fiere ed eventi di matchmaking;<\/li><li>Partecipazione a programmi e corsi di formazione organizzati dal cluster<\/li><li>Filiale per l'innovazione: design del prodotto; sviluppo di materiali e soluzioni costruttive; sviluppo di prototipi di prodotto; ottimizzazione del flusso di produzione.<\/li><\/ul>\n\n\n\n<p>TFC \u00e8 membro fondatore del Northern Transylvania Clusters Consortium, che ogni anno organizza la Transylvanian Clusters International Conference con l'obiettivo di sostenere l'ambiente economico e di facilitare lo scambio internazionale di conoscenze e buone pratiche. fornendo una piattaforma di collaborazione intersettoriale per affrontare le sfide globali.<\/p>\n\n\n\n<p><strong><a href=\"https:\/\/www.mobiliertransilvan.ro\/\" target=\"_blank\" rel=\"noreferrer noopener\">www.mobiliertransilvan.ro<\/a><br><a href=\"http:\/\/www.transylvanianfurniture.com\/\" target=\"_blank\" rel=\"noreferrer noopener\">www.transylvanianfurniture.com<\/a><\/strong><\/p>\n\n\n\n<p><\/p>\n<\/div>\n<\/div>","protected":false},"excerpt":{"rendered":"<p>The Transylvanian Furniture Cluster was established in 2012 as a legal entity association type and its main activity resides in the furniture manufacturing sector.&nbsp; The Cluster represents 86 members and it\u2019s a platform for cooperation and networking of furniture manufacturers, representation of interests, educational and research institutions, and public administration.&nbsp; The membership of the cluster [&hellip;]<\/p>","protected":false},"author":3,"featured_media":0,"parent":0,"menu_order":0,"comment_status":"closed","ping_status":"closed","template":"page-full-width.php","meta":[],"_links":{"self":[{"href":"https:\/\/intride.eu\/it\/wp-json\/wp\/v2\/pages\/237"}],"collection":[{"href":"https:\/\/intride.eu\/it\/wp-json\/wp\/v2\/pages"}],"about":[{"href":"https:\/\/intride.eu\/it\/wp-json\/wp\/v2\/types\/page"}],"author":[{"embeddable":true,"href":"https:\/\/intride.eu\/it\/wp-json\/wp\/v2\/users\/3"}],"replies":[{"embeddable":true,"href":"https:\/\/intride.eu\/it\/wp-json\/wp\/v2\/comments?post=237"}],"version-history":[{"count":15,"href":"https:\/\/intride.eu\/it\/wp-json\/wp\/v2\/pages\/237\/revisions"}],"predecessor-version":[{"id":1174,"href":"https:\/\/intride.eu\/it\/wp-json\/wp\/v2\/pages\/237\/revisions\/1174"}],"wp:attachment":[{"href":"https:\/\/intride.eu\/it\/wp-json\/wp\/v2\/media?parent=237"}],"curies":[{"name":"wp","href":"https:\/\/api.w.org\/{rel}","templated":true}]}}