{"id":239,"date":"2019-06-17T13:17:09","date_gmt":"2019-06-17T13:17:09","guid":{"rendered":"https:\/\/intride.eu\/?page_id=239"},"modified":"2019-10-29T10:24:56","modified_gmt":"2019-10-29T10:24:56","slug":"transilvania-university-of-brasov","status":"publish","type":"page","link":"https:\/\/intride.eu\/it\/transilvania-university-of-brasov\/","title":{"rendered":""},"content":{"rendered":"<div class=\"wp-block-columns has-2-columns\">\n<div class=\"wp-block-column\">\n<div class=\"wp-block-image\"><figure class=\"aligncenter\"><a href=\"https:\/\/www.unitbv.ro\/en\/\" target=\"_blank\" rel=\"noopener noreferrer\"><img loading=\"lazy\" width=\"310\" height=\"131\" src=\"https:\/\/intride.eu\/wp-content\/uploads\/2019\/08\/TUB.png\" alt=\"\" class=\"wp-image-640\" srcset=\"https:\/\/intride.eu\/wp-content\/uploads\/2019\/08\/TUB.png 310w, https:\/\/intride.eu\/wp-content\/uploads\/2019\/08\/TUB-300x127.png 300w\" sizes=\"(max-width: 310px) 100vw, 310px\" \/><\/a><\/figure><\/div>\n<\/div>\n\n\n\n<div class=\"wp-block-column\">\n<p class=\" translation-block\">Nei 70 anni successivi alla sua fondazione, <strong><a href=\"https:\/\/www.unitbv.ro\/\" target=\"_blank\" rel=\"noreferrer noopener\" aria-label=\"Transilvania University of Bra\u0219ov (abre en una nueva pesta\u00f1a)\">l'Universit\u00e0 Transilvania di Bra\u015fov<\/a><\/strong> \u00e8 diventata un'istituzione di reale prestigio sia a livello nazionale sia internazionale. \u00c8 un istituto di istruzione superiore statale accreditato, premiato con \" High Degree of Confidence \" dall'Agenzia rumena per la validazione della qualit\u00e0 nell'istruzione superiore ed \u00e8 valutato a livello internazionale dall'Associazione delle universit\u00e0 europee (EUA-IEP). l'Universit\u00e0 Transilvania di Bra\u015fov si compone di 18 facolt\u00e0, offrendo bachelor (per oltre 100 programmi), master (oltre 60 programmi) e studi di dottorato (18 discipline) a circa 20000 studenti. Soddisfa i requisiti dello European Space for Higher Education and Research come definito nelle Dichiarazioni di Bologna, Copenaghen e Lisbona e promosso dalla Strategia nazionale per l'istruzione superiore in Romania.<\/p>\n\n\n\n<p class=\" translation-block\">All'interno dell'universit\u00e0, sono attuati progetti di ricerca scientifica e istruzione, sovvenzioni e contratti, finanziati da fonti pubbliche o private nazionali e internazionali. Il finanziamento di progetti e sovvenzioni viene ottenuto sia partecipando a bandi nazionali (svolti principalmente nel quadro del Piano nazionale per la ricerca, sviluppo e innovazione PNCDI), sia partecipando a bandi internazionali (principalmente nell'ambito dei programmi Horizon 2020 e Erasmus Plus). La ricerca avanzata, focalizzata sui principali temi di sviluppo sostenibile, \u00e8 sviluppata dall\u2019<b>Universit\u00e0 di Transilvania<\/b> nel suo <em>Istituto di Ricerca e Sviluppo di prodotti ad alta tecnologia per lo sviluppo sostenibile<\/em>, che offre infrastrutture ad alte prestazioni in 12 laboratori specializzati, disponibili per i 28 dipartimenti di ricerca dell'universit\u00e0, oltre alla cooperazione con strutture di ricerca nazionali ed europee e divisioni di ricerca di diverse imprese.<\/p>\n\n\n\n<p class=\" translation-block\"><\/p>\n\n\n\n<p class=\" translation-block\"><\/p>\n\n\n\n<p> <\/p>\n<\/div>\n<\/div>","protected":false},"excerpt":{"rendered":"<p>During its 70 years of existence, Transilvania University of Bra\u0219ov has developed into a truly prestigious institution both at a national and international level. It is an accredited state higher-education institution awarded with \u00abHigh Degree of Confidence\u00bb by the Romanian Agency for Quality Assurance in Higher Education and is internationally evaluated by the European University [&hellip;]<\/p>","protected":false},"author":3,"featured_media":0,"parent":0,"menu_order":0,"comment_status":"closed","ping_status":"closed","template":"page-full-width.php","meta":[],"_links":{"self":[{"href":"https:\/\/intride.eu\/it\/wp-json\/wp\/v2\/pages\/239"}],"collection":[{"href":"https:\/\/intride.eu\/it\/wp-json\/wp\/v2\/pages"}],"about":[{"href":"https:\/\/intride.eu\/it\/wp-json\/wp\/v2\/types\/page"}],"author":[{"embeddable":true,"href":"https:\/\/intride.eu\/it\/wp-json\/wp\/v2\/users\/3"}],"replies":[{"embeddable":true,"href":"https:\/\/intride.eu\/it\/wp-json\/wp\/v2\/comments?post=239"}],"version-history":[{"count":11,"href":"https:\/\/intride.eu\/it\/wp-json\/wp\/v2\/pages\/239\/revisions"}],"predecessor-version":[{"id":773,"href":"https:\/\/intride.eu\/it\/wp-json\/wp\/v2\/pages\/239\/revisions\/773"}],"wp:attachment":[{"href":"https:\/\/intride.eu\/it\/wp-json\/wp\/v2\/media?parent=239"}],"curies":[{"name":"wp","href":"https:\/\/api.w.org\/{rel}","templated":true}]}}