{"id":270,"date":"2019-06-17T13:53:42","date_gmt":"2019-06-17T13:53:42","guid":{"rendered":"https:\/\/intride.eu\/?page_id=270"},"modified":"2020-07-01T07:44:50","modified_gmt":"2020-07-01T07:44:50","slug":"elisava","status":"publish","type":"page","link":"https:\/\/intride.eu\/it\/elisava\/","title":{"rendered":""},"content":{"rendered":"<div class=\"wp-block-columns has-2-columns\">\n<div class=\"wp-block-column\">\n<div class=\"wp-block-image\"><figure class=\"aligncenter size-large is-resized\"><a href=\"https:\/\/www.elisava.net\/es\" target=\"_blank\" rel=\"noopener noreferrer\"><img loading=\"lazy\" src=\"https:\/\/intride.eu\/wp-content\/uploads\/2020\/07\/ELISAVA\u2013black.png\" alt=\"\" class=\"wp-image-974\" width=\"349\" height=\"135\" srcset=\"https:\/\/intride.eu\/wp-content\/uploads\/2020\/07\/ELISAVA\u2013black.png 433w, https:\/\/intride.eu\/wp-content\/uploads\/2020\/07\/ELISAVA\u2013black-300x117.png 300w\" sizes=\"(max-width: 349px) 100vw, 349px\" \/><\/a><\/figure><\/div>\n<\/div>\n\n\n\n<div class=\"wp-block-column\">\n<p>Ad <a rel=\"noreferrer noopener\" href=\"http:\/\/www.elisava.net\/\" target=\"_blank\"><strong>Elisava, la Scuola di Design e Ingegneria di Barcellona<\/strong><\/a>, il design e l'ingegneria sono intesi come strumenti che permettono di cambiare il mondo attraverso la creativit\u00e0, l'innovazione e il pensiero critico.<\/p>\n\n\n\n<p>Da quasi 60 anni si impegna in una linea di formazione e ricerca aperta, flessibile e multidisciplinare, orientata al mondo professionale. \u00c9 affiliata alla Universitat Pompeu Fabra, una delle universit\u00e0 pi\u00f9 prestigiose di Barcellona e d'Europa.<\/p>\n\n\n\n<p>Ha formato pi\u00f9 di 17.000 studenti provenienti da 70 paesi per aiutarli ad affrontare e superare le sfide professionali, tenendo conto degli aspetti sociali, ambientali e di genere.&nbsp;<\/p>\n\n\n\n<p>Incoraggia quindi la ricerca multidisciplinare, fortemente orientata al collegamento di aziende, istituzioni, organizzazioni non profit e universit\u00e0 in tutto il mondo, collaborando con partner come F\u00fatbol Club Barcelona, \u200b\u200belBullifoundation, Adidas, Vitra, Medici Senza Frontiere, SEAT, Danone, MUJI, e altri.<\/p>\n\n\n\n<p>La scuola si trova a Barcellona, \u200b\u200bla capitale del design, citt\u00e0 cosmopolita che offre eccellenti attivit\u00e0 culturali e ricreative. Barcellona vive e respira il design.&nbsp;<\/p>\n\n\n\n<p><strong><a href=\"https:\/\/www.elisava.net\/es\" target=\"_blank\" rel=\"noreferrer noopener\">www.elisava.net<\/a><\/strong><\/p>\n<\/div>\n<\/div>","protected":false},"excerpt":{"rendered":"<p>At Elisava, Barcelona School of Design and Engineering, we understand design and engineering as instruments to change the world through creativity, innovation and critical thinking. For almost 60 years we have been committed to an open, flexible and multidisciplinary line of education and research oriented towards the professional world. We are affiliated with the Universitat [&hellip;]<\/p>","protected":false},"author":3,"featured_media":0,"parent":0,"menu_order":0,"comment_status":"closed","ping_status":"closed","template":"page-full-width.php","meta":[],"_links":{"self":[{"href":"https:\/\/intride.eu\/it\/wp-json\/wp\/v2\/pages\/270"}],"collection":[{"href":"https:\/\/intride.eu\/it\/wp-json\/wp\/v2\/pages"}],"about":[{"href":"https:\/\/intride.eu\/it\/wp-json\/wp\/v2\/types\/page"}],"author":[{"embeddable":true,"href":"https:\/\/intride.eu\/it\/wp-json\/wp\/v2\/users\/3"}],"replies":[{"embeddable":true,"href":"https:\/\/intride.eu\/it\/wp-json\/wp\/v2\/comments?post=270"}],"version-history":[{"count":14,"href":"https:\/\/intride.eu\/it\/wp-json\/wp\/v2\/pages\/270\/revisions"}],"predecessor-version":[{"id":982,"href":"https:\/\/intride.eu\/it\/wp-json\/wp\/v2\/pages\/270\/revisions\/982"}],"wp:attachment":[{"href":"https:\/\/intride.eu\/it\/wp-json\/wp\/v2\/media?parent=270"}],"curies":[{"name":"wp","href":"https:\/\/api.w.org\/{rel}","templated":true}]}}