{"id":325,"date":"2019-06-26T14:33:22","date_gmt":"2019-06-26T14:33:22","guid":{"rendered":"https:\/\/intride.eu\/?page_id=325"},"modified":"2020-09-22T09:19:47","modified_gmt":"2020-09-22T09:19:47","slug":"cluj","status":"publish","type":"page","link":"https:\/\/intride.eu\/it\/cluj\/","title":{"rendered":""},"content":{"rendered":"<div class=\"wp-block-columns has-2-columns\">\n<div class=\"wp-block-column\">\n<div class=\"wp-block-image\"><figure class=\"aligncenter size-large is-resized\"><a href=\"http:\/\/www.uad.ro\/\" target=\"_blank\" rel=\"noopener noreferrer\"><img loading=\"lazy\" src=\"https:\/\/intride.eu\/wp-content\/uploads\/2020\/07\/CLUJ-black.png\" alt=\"\" class=\"wp-image-988\" width=\"403\" height=\"174\" srcset=\"https:\/\/intride.eu\/wp-content\/uploads\/2020\/07\/CLUJ-black.png 675w, https:\/\/intride.eu\/wp-content\/uploads\/2020\/07\/CLUJ-black-300x130.png 300w\" sizes=\"(max-width: 403px) 100vw, 403px\" \/><\/a><\/figure><\/div>\n<\/div>\n\n\n\n<div class=\"wp-block-column\">\n<p>L' <strong><a href=\"http:\/\/www.uad.ro\" target=\"_blank\" rel=\"noreferrer noopener\">Universit\u00e0 di Arte e Design di Cluj-Napoca<\/a><\/strong> \u00e8 una delle istituzioni pi\u00f9 dinamiche del proprio settore e offre ai suoi studenti e professori un'eccezionale apertura e opportunit\u00e0 di manifestazione artistica e creazione. Ci\u00f2 mettendo a disposizione spazi espositivi e di lavoro, come anche partnership interne e internazionali firmate con musei, gallerie, accademie, scuole d'arte, universit\u00e0 d'arte e istituti dove i rappresentanti dell'Universit\u00e0 hanno la possibilit\u00e0 di entrare in contatto diretto con le tendenze e le direzioni dell'arte contemporanea odierna, ma possono anche lasciare il loro segno personale di creativit\u00e0 e autenticit\u00e0 Transilvana o Rumena.<\/p>\n\n\n\n<p>La missione di UAD \u00e8 quella di fornire un'istruzione di altissima qualit\u00e0 a coloro che intendono seguire una carriera nel campo delle arti visive (belle arti, arti decorative e design) e contribuire, attraverso la creazione artistica e la ricerca, allo sviluppo della societ\u00e0  per soddisfare i bisogni della comunit\u00e0, anticipandoli e influenzandoli. Tradizione, creativit\u00e0 e innovazione sono concetti chiave della sua filosofia, per orientare l\u2019attivit\u00e0 di creazione e ricerca verso un' indagine del patrimonio nazionale e universale, verso l'osservazione della cultura (visiva) contemporanea e verso l'esame delle pi\u00f9 recenti teorie e tecnologie scientifiche . Tutti ci\u00f2 ha come risultato nuove forme di creazione e di pratiche artistiche che portano al miglioramento dell'ambiente sociale ed economico (post) industriale.&nbsp;&nbsp;<\/p>\n\n\n\n<p><strong>Strutture accademiche<\/strong><\/p>\n\n\n\n<p>Sono presenti due facolt\u00e0: la Facolt\u00e0 di Belle Arti e la Facolt\u00e0 di Arti Decorative e Design, oltre che la Scuola di Dottorato (in Arti Visive) e il Dipartimento di Formazione per Insegnanti.<\/p>\n\n\n\n<p><strong><a href=\"http:\/\/www.uad.ro\/\" target=\"_blank\" rel=\"noreferrer noopener\">www.uad.ro<\/a><\/strong><\/p>\n<\/div>\n<\/div>\n\n\n\n<p><\/p>","protected":false},"excerpt":{"rendered":"<p>One of the most dynamic Romanian institutions in the field, the University of Art and Design in Cluj-Napoca offers its students and professors an exceptional opening and opportunities of artistic manifestation and creation by providing exhibition and work spaces and also by the internal and international partnerships signed with museums, galleries, academies, art schools, art [&hellip;]<\/p>","protected":false},"author":3,"featured_media":0,"parent":0,"menu_order":0,"comment_status":"closed","ping_status":"closed","template":"page-full-width.php","meta":[],"_links":{"self":[{"href":"https:\/\/intride.eu\/it\/wp-json\/wp\/v2\/pages\/325"}],"collection":[{"href":"https:\/\/intride.eu\/it\/wp-json\/wp\/v2\/pages"}],"about":[{"href":"https:\/\/intride.eu\/it\/wp-json\/wp\/v2\/types\/page"}],"author":[{"embeddable":true,"href":"https:\/\/intride.eu\/it\/wp-json\/wp\/v2\/users\/3"}],"replies":[{"embeddable":true,"href":"https:\/\/intride.eu\/it\/wp-json\/wp\/v2\/comments?post=325"}],"version-history":[{"count":17,"href":"https:\/\/intride.eu\/it\/wp-json\/wp\/v2\/pages\/325\/revisions"}],"predecessor-version":[{"id":1087,"href":"https:\/\/intride.eu\/it\/wp-json\/wp\/v2\/pages\/325\/revisions\/1087"}],"wp:attachment":[{"href":"https:\/\/intride.eu\/it\/wp-json\/wp\/v2\/media?parent=325"}],"curies":[{"name":"wp","href":"https:\/\/api.w.org\/{rel}","templated":true}]}}