{"id":196,"date":"2019-06-14T10:41:25","date_gmt":"2019-06-14T10:41:25","guid":{"rendered":"https:\/\/intride.eu\/?page_id=196"},"modified":"2022-12-19T12:19:32","modified_gmt":"2022-12-19T12:19:32","slug":"ambit","status":"publish","type":"page","link":"https:\/\/intride.eu\/pl\/ambit\/","title":{"rendered":""},"content":{"rendered":"<div class=\"wp-block-columns has-2-columns\">\n<div class=\"wp-block-column\">\n<p class=\"has-text-align-center\"><img class=\"wp-image-1026\" style=\"width: 300px;\" src=\"https:\/\/intride.eu\/wp-content\/uploads\/2022\/12\/LOGO_02.png\" alt=\"\"><\/p>\n<\/div>\n\n\n\n<div class=\"wp-block-column\">\n<p><strong><a rel=\"noreferrer noopener\" href=\"https:\/\/ambitcluster.org\" target=\"_blank\">AMBIT<\/a>\u00a0\u2013 Living Spaces Cluster<\/strong> ma za zadanie przyczynia\u0107 si\u0119 do poprawy konkurencyjno\u015bci producent\u00f3w mebli i firm meblarskich na ka\u017cdym etapie \u0142a\u0144cucha produkcji mebli. CENFIM zosta\u0142utworzony przez stowarzyszenia firm z bran\u017cy drzewnej i meblarskiej oraz podmioty publiczne jako organizacja non-profit. Zrzesza 140 firm stowarzyszonych z bran\u017cy meblarskiej, stolarskiej, pod\u0142ogowej, \u0142azienkowej, o\u015bwietleniowej i tekstyli\u00f3w domowych.\u00a0<\/p>\n\n\n\n<p><strong>AMBIT<\/strong> contributes to the member companies competitiveness improving their innovation and commercialisation capacities through promoting collaborative projects and providing training. The innovation activities of AMBIT are focused on 4 areas:<\/p>\n\n\n\n<p>1) Digitalizacja.<\/p>\n\n\n\n<p>2) Gospodarka w obiegu zamkni\u0119tym.<\/p>\n\n\n\n<p>3) Projektowanie produktu.<\/p>\n\n\n\n<p>4) Zarz\u0105dzanie organizacj\u0105.<\/p>\n\n\n\n<p>In order to support member companies commercialization, AMBIT has created the hotel interiors marketplace, <strong><a rel=\"noreferrer noopener\" href=\"https:\/\/www.interihotel.com\/\" target=\"_blank\">interihotel<\/a><\/strong>z coroczn\u0105 edycj\u0105 w Barcelonie, salony <strong><a rel=\"noreferrer noopener\" href=\"http:\/\/www.wecontractbcn.com\/\" target=\"_blank\">WEcontract BCN<\/a> <\/strong>w Barcelonie i <a rel=\"noreferrer noopener\" href=\"https:\/\/docontractmad.com\/es\/\" target=\"_blank\"><strong>docontract MAD<\/strong><\/a> w Madrycie oraz platform\u0119 internetow\u0105 B2B <strong><a href=\"https:\/\/www.hicontract.net\/\">hicontract<\/a><\/strong>.<\/p>\n\n\n\n<p><strong><a href=\"https:\/\/ambitcluster.org\/es\/\"><a rel=\"noreferrer noopener\" href=\"https:\/\/ambitcluster.org\/es\/\" target=\"_blank\">ambitcluster.org<\/a><\/a><\/strong><\/p>\n<\/div>\n<\/div>\n\n\n\n<p><\/p>","protected":false},"excerpt":{"rendered":"<p>AMBIT\u00a0\u2013 Living Spaces Cluster has the mission to contribute to improve the competitiveness of furniture producers and companies along all interiors value chain. It was created by wood and furniture sector companies\u2019 associations and public entities as a non-profit organization. It has 140 associated companies from the furnishings sector: furniture, carpentry, flooring, bathrooms, lighting and [&hellip;]<\/p>","protected":false},"author":2,"featured_media":0,"parent":0,"menu_order":0,"comment_status":"closed","ping_status":"closed","template":"page-full-width.php","meta":[],"_links":{"self":[{"href":"https:\/\/intride.eu\/pl\/wp-json\/wp\/v2\/pages\/196"}],"collection":[{"href":"https:\/\/intride.eu\/pl\/wp-json\/wp\/v2\/pages"}],"about":[{"href":"https:\/\/intride.eu\/pl\/wp-json\/wp\/v2\/types\/page"}],"author":[{"embeddable":true,"href":"https:\/\/intride.eu\/pl\/wp-json\/wp\/v2\/users\/2"}],"replies":[{"embeddable":true,"href":"https:\/\/intride.eu\/pl\/wp-json\/wp\/v2\/comments?post=196"}],"version-history":[{"count":69,"href":"https:\/\/intride.eu\/pl\/wp-json\/wp\/v2\/pages\/196\/revisions"}],"predecessor-version":[{"id":1784,"href":"https:\/\/intride.eu\/pl\/wp-json\/wp\/v2\/pages\/196\/revisions\/1784"}],"wp:attachment":[{"href":"https:\/\/intride.eu\/pl\/wp-json\/wp\/v2\/media?parent=196"}],"curies":[{"name":"wp","href":"https:\/\/api.w.org\/{rel}","templated":true}]}}