{"id":237,"date":"2019-06-17T13:18:31","date_gmt":"2019-06-17T13:18:31","guid":{"rendered":"https:\/\/intride.eu\/?page_id=237"},"modified":"2020-11-05T08:42:03","modified_gmt":"2020-11-05T08:42:03","slug":"tfc","status":"publish","type":"page","link":"https:\/\/intride.eu\/pl\/tfc\/","title":{"rendered":""},"content":{"rendered":"<div class=\"wp-block-columns has-2-columns\">\n<div class=\"wp-block-column\">\n<div class=\"wp-block-image\"><figure class=\"aligncenter size-large is-resized\"><a href=\"https:\/\/www.mobiliertransilvan.ro\/\" target=\"_blank\" rel=\"noopener noreferrer\"><img loading=\"lazy\" src=\"https:\/\/intride.eu\/wp-content\/uploads\/2020\/07\/CMT\u2013color.png\" alt=\"\" class=\"wp-image-997\" width=\"287\" height=\"253\" srcset=\"https:\/\/intride.eu\/wp-content\/uploads\/2020\/07\/CMT\u2013color.png 335w, https:\/\/intride.eu\/wp-content\/uploads\/2020\/07\/CMT\u2013color-300x265.png 300w\" sizes=\"(max-width: 287px) 100vw, 287px\" \/><\/a><\/figure><\/div>\n<\/div>\n\n\n\n<div class=\"wp-block-column\">\n<p class=\" translation-block\">The <strong>Transylvanian Furniture Cluster<\/strong> was established in 2012 as a legal entity association type and its main activity resides in the furniture manufacturing sector.<\/p>\n\n\n\n<p>Klaster reprezentuje 86 cz\u0142onk\u00f3w i jest platform\u0105 wsp\u00f3\u0142pracy i sieciowania producent\u00f3w mebli, instytucji edukacyjnych i badawczych oraz administracji publicznej.&nbsp;<\/p>\n\n\n\n<p>Klaster sk\u0142ada si\u0119 z 63 firm, 11 instytucji naukowo-dydaktycznych, 8 centr\u00f3w technologicznych  i 2 instytucji publicznych. W 2018 roku przych\u00f3d wyni\u00f3s\u0142 oko\u0142o 10 mln euro, przy ponad 4 tysi\u0105cach pracownik\u00f3w.<\/p>\n\n\n\n<p>G\u0142\u00f3wnym celem klastra jest wzrost konkurencyjno\u015bci gospodarczej, zar\u00f3wno na rynku krajowym, jak i zagranicznym, w oparciu o jako\u015b\u0107, innowacyjno\u015b\u0107 i zr\u00f3wnowa\u017cony rozw\u00f3j.&nbsp;<\/p>\n\n\n\n<p>Istotnym elementem tego przedsi\u0119wzi\u0119cia jest zacie\u015bnienie wsp\u00f3\u0142pracy pomi\u0119dzy firmami produkcyjnymi a jednostkami badawczo-rozwojowymi. Dzi\u0119ki aktywnemu partnerstwu w klastrze firmy otrzymuj\u0105 wczesne informacje na temat przysz\u0142ych zmian i trend\u00f3w, kt\u00f3re maj\u0105 kszta\u0142towa\u0107 sytuacj\u0119 konkurencyjn\u0105, a tym samym mog\u0105 zwi\u0119kszy\u0107 swoj\u0105 konkurencyjno\u015b\u0107 w formie sp\u00f3\u0142dzielczej.<\/p>\n\n\n\n<p>Us\u0142ugi \u015bwiadczone przez klastry na rzecz cz\u0142onk\u00f3w obejmuj\u0105:<\/p>\n\n\n\n<ul><li>Kojarzenie biznesowe, rozw\u00f3j partnerstw, rozw\u00f3j projekt\u00f3w i \/ lub relacji biznesowych, a tak\u017ce dost\u0119p do program\u00f3w klastrowych: Gate for Export, Acquisition Center, Learn2Do oraz dost\u0119p do z\u0142o\u017conych danych statystycznych z bran\u017cy meblarskiej;<\/li><li>Wsp\u00f3lne wykorzystanie infrastruktury badawczej klastra: Laboratorium pow\u0142ok funkcjonalnych - projekt receptury kolorystycznej; pomiar grubo\u015bci lakieru; pomiar wilgotno\u015bci drewna<\/li><li>Zaanga\u017cowanie w dzia\u0142ania badawczo-rozwojowo-innowacyjne, koncentruj\u0105ce si\u0119 na projektach rozwoju produkt\u00f3w i \/ lub us\u0142ug<\/li><li>Us\u0142ugi internacjonalizacji: organizacja misji gospodarczych, udzia\u0142 w targach i imprezach kojarzeniowych;<\/li><li>Udzia\u0142 w programach i szkoleniach organizowanych przez klaster<\/li><li>Filia ds. Innowacji: projektowanie produkt\u00f3w; opracowanie materia\u0142\u00f3w i konstruktywnych rozwi\u0105za\u0144; rozw\u00f3j prototyp\u00f3w produktu; optymalizacja przep\u0142ywu produkcji.<\/li><\/ul>\n\n\n\n<p>TFC jest cz\u0142onkiem-za\u0142o\u017cycielem konsorcjum Northern Transylvania Clusters Consortium, kt\u00f3re corocznie organizuje mi\u0119dzynarodow\u0105 konferencj\u0119 Transylvanian Clusters, kt\u00f3rej celem jest wspieranie \u015brodowiska gospodarczego i u\u0142atwianie mi\u0119dzynarodowej wymiany wiedzy i dobrych praktyk oraz zapewnienie mi\u0119dzysektorowej platformy wsp\u00f3\u0142pracy w celu sprostania globalnym wyzwaniom.<\/p>\n\n\n\n<p><strong><a href=\"https:\/\/www.mobiliertransilvan.ro\/\" target=\"_blank\" rel=\"noreferrer noopener\">www.mobiliertransilvan.ro<\/a><br><a href=\"http:\/\/www.transylvanianfurniture.com\/\" target=\"_blank\" rel=\"noreferrer noopener\">www.transylvanianfurniture.com<\/a><\/strong><\/p>\n\n\n\n<p><\/p>\n<\/div>\n<\/div>","protected":false},"excerpt":{"rendered":"<p>The Transylvanian Furniture Cluster was established in 2012 as a legal entity association type and its main activity resides in the furniture manufacturing sector.&nbsp; The Cluster represents 86 members and it\u2019s a platform for cooperation and networking of furniture manufacturers, representation of interests, educational and research institutions, and public administration.&nbsp; The membership of the cluster [&hellip;]<\/p>","protected":false},"author":3,"featured_media":0,"parent":0,"menu_order":0,"comment_status":"closed","ping_status":"closed","template":"page-full-width.php","meta":[],"_links":{"self":[{"href":"https:\/\/intride.eu\/pl\/wp-json\/wp\/v2\/pages\/237"}],"collection":[{"href":"https:\/\/intride.eu\/pl\/wp-json\/wp\/v2\/pages"}],"about":[{"href":"https:\/\/intride.eu\/pl\/wp-json\/wp\/v2\/types\/page"}],"author":[{"embeddable":true,"href":"https:\/\/intride.eu\/pl\/wp-json\/wp\/v2\/users\/3"}],"replies":[{"embeddable":true,"href":"https:\/\/intride.eu\/pl\/wp-json\/wp\/v2\/comments?post=237"}],"version-history":[{"count":15,"href":"https:\/\/intride.eu\/pl\/wp-json\/wp\/v2\/pages\/237\/revisions"}],"predecessor-version":[{"id":1174,"href":"https:\/\/intride.eu\/pl\/wp-json\/wp\/v2\/pages\/237\/revisions\/1174"}],"wp:attachment":[{"href":"https:\/\/intride.eu\/pl\/wp-json\/wp\/v2\/media?parent=237"}],"curies":[{"name":"wp","href":"https:\/\/api.w.org\/{rel}","templated":true}]}}