{"id":239,"date":"2019-06-17T13:17:09","date_gmt":"2019-06-17T13:17:09","guid":{"rendered":"https:\/\/intride.eu\/?page_id=239"},"modified":"2019-10-29T10:24:56","modified_gmt":"2019-10-29T10:24:56","slug":"transilvania-university-of-brasov","status":"publish","type":"page","link":"https:\/\/intride.eu\/pl\/transilvania-university-of-brasov\/","title":{"rendered":""},"content":{"rendered":"<div class=\"wp-block-columns has-2-columns\">\n<div class=\"wp-block-column\">\n<div class=\"wp-block-image\"><figure class=\"aligncenter\"><a href=\"https:\/\/www.unitbv.ro\/en\/\" target=\"_blank\" rel=\"noopener noreferrer\"><img loading=\"lazy\" width=\"310\" height=\"131\" src=\"https:\/\/intride.eu\/wp-content\/uploads\/2019\/08\/TUB.png\" alt=\"\" class=\"wp-image-640\" srcset=\"https:\/\/intride.eu\/wp-content\/uploads\/2019\/08\/TUB.png 310w, https:\/\/intride.eu\/wp-content\/uploads\/2019\/08\/TUB-300x127.png 300w\" sizes=\"(max-width: 310px) 100vw, 310px\" \/><\/a><\/figure><\/div>\n<\/div>\n\n\n\n<div class=\"wp-block-column\">\n<p class=\" translation-block\">Podczas 70 lat istnienia <strong><a href=\"https:\/\/www.unitbv.ro\/\" target=\"_blank\" rel=\"noreferrer noopener\" aria-label=\"Transilvania University of Bra\u0219ov (abre en una nueva pesta\u00f1a)\">Uniwersytet Brasov<\/strong><\/a> \nprzekszta\u0142ci\u0142 si\u0119 w prawdziwie presti\u017cow\u0105 instytucj\u0119 zar\u00f3wno na poziomie krajowym, jak i mi\u0119dzynarodowym. Jest to akredytowana pa\u0144stwowa instytucja szkolnictwa wy\u017cszego nagrodzona \u201eRumu\u0144sk\u0105 Agencj\u0105 ds. Zapewnienia Jako\u015bci w Szkolnictwie Wy\u017cszym\u201e wysokim stopniem zaufania \u201d. Uniwersytet jest tak\u017ce oceniany na szczeblu mi\u0119dzynarodowym przez Europejskie Stowarzyszenie Uniwersytet\u00f3w (EUA-IEP).  Uniwersytet Transylwa\u0144ski w Brasov posiada 18 wydzia\u0142\u00f3w, oferuj\u0105c studia na poziomie licencjatu (dla ponad 100 program\u00f3w), magisterskie (ponad 60 program\u00f3w) i studia doktoranckie (18 domen). Uczelnia kszta\u0142ci jednocze\u015bnie 20 000 student\u00f3w. Uniwersytet spe\u0142nia wymagania Europejskiej Przestrzeni dla Szkolnictwa Wy\u017cszego i Bada\u0144, kt\u00f3re okre\u015blone s\u0105 w Deklaracji Bolo\u0144skiej, Kopenhaskiej i Lizbo\u0144skiej oraz promowane s\u0105 przez Krajow\u0105 Strategi\u0119 Szkolnictwa Wy\u017cszego w Rumunii.<\/p>\n\n\n\n<p class=\" translation-block\">Na uniwersytecie realizowane s\u0105: projekty dotycz\u0105ce bada\u0144 naukowych i edukacji, granty i kontrakty, kt\u00f3re finansowane s\u0105 ze \u015brodk\u00f3w publicznych lub prywatnych \u017ar\u00f3de\u0142 krajowych i mi\u0119dzynarodowych. Finansowanie projekt\u00f3w i dotacje uzyskuje si\u0119 zar\u00f3wno poprzez uczestnictwo w konkursach krajowych (prowadzonych g\u0142\u00f3wnie w ramach Krajowego Planu Bada\u0144, Rozwoju i Innowacji PNCDI), jak i poprzez uczestnictwo w konkursach mi\u0119dzynarodowych (g\u0142\u00f3wnie w ramach program\u00f3w Horyzont 2020 i Erasmus Plus). Zaawansowane badania koncentruj\u0105ce si\u0119 na g\u0142\u00f3wnych tematach zr\u00f3wnowa\u017conego rozwoju. Badanie te s\u0105 prowadzone na <b>Uniwersytecie Transylwa\u0144skim<\/b>  w Instytucie Badawczo-Rozwojowym ds. Produkt\u00f3w Zaawansowanych Technologii na rzecz Zr\u00f3wnowa\u017conego Rozwoju, kt\u00f3ry oferuje wysoce wydajn\u0105 infrastruktur\u0119 w 12 wyspecjalizowanych laboratoriach, dost\u0119pnych dla 28 wydzia\u0142\u00f3w badawczych uniwersytetu, a tak\u017ce dla wsp\u00f3\u0142pracy z krajowymi i europejskimi o\u015brodkami badawczymi oraz dzia\u0142ami badawczymi r\u00f3\u017cnych firm.<\/p>\n\n\n\n<p class=\" translation-block\"><\/p>\n\n\n\n<p class=\" translation-block\"><\/p>\n\n\n\n<p> <\/p>\n<\/div>\n<\/div>","protected":false},"excerpt":{"rendered":"<p>During its 70 years of existence, Transilvania University of Bra\u0219ov has developed into a truly prestigious institution both at a national and international level. It is an accredited state higher-education institution awarded with \u00abHigh Degree of Confidence\u00bb by the Romanian Agency for Quality Assurance in Higher Education and is internationally evaluated by the European University [&hellip;]<\/p>","protected":false},"author":3,"featured_media":0,"parent":0,"menu_order":0,"comment_status":"closed","ping_status":"closed","template":"page-full-width.php","meta":[],"_links":{"self":[{"href":"https:\/\/intride.eu\/pl\/wp-json\/wp\/v2\/pages\/239"}],"collection":[{"href":"https:\/\/intride.eu\/pl\/wp-json\/wp\/v2\/pages"}],"about":[{"href":"https:\/\/intride.eu\/pl\/wp-json\/wp\/v2\/types\/page"}],"author":[{"embeddable":true,"href":"https:\/\/intride.eu\/pl\/wp-json\/wp\/v2\/users\/3"}],"replies":[{"embeddable":true,"href":"https:\/\/intride.eu\/pl\/wp-json\/wp\/v2\/comments?post=239"}],"version-history":[{"count":11,"href":"https:\/\/intride.eu\/pl\/wp-json\/wp\/v2\/pages\/239\/revisions"}],"predecessor-version":[{"id":773,"href":"https:\/\/intride.eu\/pl\/wp-json\/wp\/v2\/pages\/239\/revisions\/773"}],"wp:attachment":[{"href":"https:\/\/intride.eu\/pl\/wp-json\/wp\/v2\/media?parent=239"}],"curies":[{"name":"wp","href":"https:\/\/api.w.org\/{rel}","templated":true}]}}