{"id":266,"date":"2019-06-17T13:50:56","date_gmt":"2019-06-17T13:50:56","guid":{"rendered":"https:\/\/intride.eu\/?page_id=266"},"modified":"2019-08-14T10:34:06","modified_gmt":"2019-08-14T10:34:06","slug":"metodo","status":"publish","type":"page","link":"https:\/\/intride.eu\/pl\/metodo\/","title":{"rendered":""},"content":{"rendered":"<div class=\"wp-block-columns has-2-columns\">\n<div class=\"wp-block-column\">\n<div class=\"wp-block-image\"><figure class=\"aligncenter\"><a href=\"http:\/\/www.metodogrupo.com\/es\" target=\"_blank\" rel=\"noopener noreferrer\"><img loading=\"lazy\" width=\"316\" height=\"149\" src=\"https:\/\/intride.eu\/wp-content\/uploads\/2019\/08\/METODO.png\" alt=\"\" class=\"wp-image-638\" srcset=\"https:\/\/intride.eu\/wp-content\/uploads\/2019\/08\/METODO.png 316w, https:\/\/intride.eu\/wp-content\/uploads\/2019\/08\/METODO-300x141.png 300w\" sizes=\"(max-width: 316px) 100vw, 316px\" \/><\/a><\/figure><\/div>\n<\/div>\n\n\n\n<div class=\"wp-block-column\">\n<p class=\" translation-block\"><strong><a rel=\"noreferrer noopener\" aria-label=\"M\u00e9todo  (abre en una nueva pesta\u00f1a)\" href=\"http:\/\/www.metodogrupo.com\/es\" target=\"_blank\">M\u00e9todo<\/a><\/strong> is a leading&nbsp;e-learning innovative solutions and consultancy&nbsp;SME for advanced services in&nbsp;training, social labour research, design and implementation of projects. We have offices in Spain and Romania.<\/p>\n\n\n\n<p>Naszym g\u0142\u00f3wnym obszarem dzia\u0142a\u0144 jest szkolenie pracownik\u00f3w sektora, zw\u0142aszcza poprzez tryb e-learningowy, w kt\u00f3rym jeste\u015bmy pionierami i liderami na rynku Hiszpa\u0144skim, jednak\u017ce zapewnimy tak\u017ce inne tryby szkoleniowe.<\/p>\n\n\n\n<p>Wdro\u017cyli\u015bmy ponad 30 innowacyjnych projekt\u00f3w UE w r\u00f3\u017cnych strukturach, takich jak ERASMUS +, Leonardo da Vinci, Interreg i wsp\u00f3\u0142praca transgraniczna. G\u0142\u00f3wnymi celami projekt\u00f3w jest: promowanie ducha przedsi\u0119biorczo\u015bci w szko\u0142ach poprzez innowacyjne rozwi\u0105zania IT&C, otwarte kszta\u0142cenie i szkolenie, rozw\u00f3j umiej\u0119tno\u015bci zawodowych , opracowywanie kluczowych kompetencji na rynku pracy lub podnoszenie kompetencji w zakresie przedsi\u0119biorczo\u015bci w dziedzinie us\u0142ug socjalnych.<\/p>\n<\/div>\n<\/div>","protected":false},"excerpt":{"rendered":"<p>M\u00e9todo is a leading\u00a0e-learning innovative solutions and consultancy\u00a0SME for advanced services in\u00a0training, social labour research, design and implementation of projects. We have offices in Spain and Romania. Our main expertise area is training for employment, especially through e-learning mode, on which we are pioneers and leaders in Spanish market, although we also provide other training [&hellip;]<\/p>","protected":false},"author":3,"featured_media":0,"parent":0,"menu_order":0,"comment_status":"closed","ping_status":"closed","template":"page-full-width.php","meta":[],"_links":{"self":[{"href":"https:\/\/intride.eu\/pl\/wp-json\/wp\/v2\/pages\/266"}],"collection":[{"href":"https:\/\/intride.eu\/pl\/wp-json\/wp\/v2\/pages"}],"about":[{"href":"https:\/\/intride.eu\/pl\/wp-json\/wp\/v2\/types\/page"}],"author":[{"embeddable":true,"href":"https:\/\/intride.eu\/pl\/wp-json\/wp\/v2\/users\/3"}],"replies":[{"embeddable":true,"href":"https:\/\/intride.eu\/pl\/wp-json\/wp\/v2\/comments?post=266"}],"version-history":[{"count":8,"href":"https:\/\/intride.eu\/pl\/wp-json\/wp\/v2\/pages\/266\/revisions"}],"predecessor-version":[{"id":679,"href":"https:\/\/intride.eu\/pl\/wp-json\/wp\/v2\/pages\/266\/revisions\/679"}],"wp:attachment":[{"href":"https:\/\/intride.eu\/pl\/wp-json\/wp\/v2\/media?parent=266"}],"curies":[{"name":"wp","href":"https:\/\/api.w.org\/{rel}","templated":true}]}}