{"id":270,"date":"2019-06-17T13:53:42","date_gmt":"2019-06-17T13:53:42","guid":{"rendered":"https:\/\/intride.eu\/?page_id=270"},"modified":"2020-07-01T07:44:50","modified_gmt":"2020-07-01T07:44:50","slug":"elisava","status":"publish","type":"page","link":"https:\/\/intride.eu\/pl\/elisava\/","title":{"rendered":""},"content":{"rendered":"<div class=\"wp-block-columns has-2-columns\">\n<div class=\"wp-block-column\">\n<div class=\"wp-block-image\"><figure class=\"aligncenter size-large is-resized\"><a href=\"https:\/\/www.elisava.net\/es\" target=\"_blank\" rel=\"noopener noreferrer\"><img loading=\"lazy\" src=\"https:\/\/intride.eu\/wp-content\/uploads\/2020\/07\/ELISAVA\u2013black.png\" alt=\"\" class=\"wp-image-974\" width=\"349\" height=\"135\" srcset=\"https:\/\/intride.eu\/wp-content\/uploads\/2020\/07\/ELISAVA\u2013black.png 433w, https:\/\/intride.eu\/wp-content\/uploads\/2020\/07\/ELISAVA\u2013black-300x117.png 300w\" sizes=\"(max-width: 349px) 100vw, 349px\" \/><\/a><\/figure><\/div>\n<\/div>\n\n\n\n<div class=\"wp-block-column\">\n<p>At <a rel=\"noreferrer noopener\" href=\"http:\/\/www.elisava.net\/\" target=\"_blank\"><strong>Elisava, Barcelona School of Design and Engineering<\/strong><\/a>, we understand design and engineering as instruments to change the world through creativity, innovation and critical thinking.<\/p>\n\n\n\n<p>Od prawie 60 lat jeste\u015bmy zaanga\u017cowani w otwart\u0105, elastyczn\u0105 i multidyscyplinarn\u0105 lini\u0119 edukacji i bada\u0144 ukierunkowan\u0105 na \u015bwiat zawodowy.  Stanowimy cz\u0119\u015b\u015b Uniwersytetu Pompeu Fabra, jednego z najbardziej presti\u017cowych uniwersytet\u00f3w w Barcelonie i Europie.<\/p>\n\n\n\n<p>Przeszkolili\u015bmy ponad 17 000 student\u00f3w z 70 kraj\u00f3w, aby pom\u00f3c im sprosta\u0107 wyzwaniom zawodowym i je pokona\u0107, maj\u0105c na uwadze aspekty spo\u0142eczne, \u015brodowiskowe i r\u00f3wno\u015bciowe.&nbsp;<\/p>\n\n\n\n<p>Dlatego zach\u0119camy do bada\u0144 multidyscyplinarnych, silnie ukierunkowanych na \u0142\u0105czenie firm, instytucji, organizacji non-profit i uniwersytet\u00f3w na ca\u0142ym \u015bwiecie. Wsp\u00f3\u0142pracujemy m.in. z takimi partnerami jak F\u00fatbol Club Barcelona, \u200b\u200belBullifoundation, Adidas, Vitra, Lekarze bez Granic, SEAT, Danone i MUJI.<\/p>\n\n\n\n<p>Szko\u0142a znajduje si\u0119 w Barcelonie, stolicy designu. Mamy szcz\u0119\u015bcie, \u017ce jeste\u015bmy w kosmopolitycznym mie\u015bcie, kt\u00f3re oferuje doskona\u0142e mo\u017cliwo\u015bci kulturalne i rekreacyjne. Barcelona \u017cyje i oddycha designem.&nbsp;<\/p>\n\n\n\n<p><strong><a href=\"https:\/\/www.elisava.net\/es\" target=\"_blank\" rel=\"noreferrer noopener\">www.elisava.net<\/a><\/strong><\/p>\n<\/div>\n<\/div>","protected":false},"excerpt":{"rendered":"<p>At Elisava, Barcelona School of Design and Engineering, we understand design and engineering as instruments to change the world through creativity, innovation and critical thinking. For almost 60 years we have been committed to an open, flexible and multidisciplinary line of education and research oriented towards the professional world. We are affiliated with the Universitat [&hellip;]<\/p>","protected":false},"author":3,"featured_media":0,"parent":0,"menu_order":0,"comment_status":"closed","ping_status":"closed","template":"page-full-width.php","meta":[],"_links":{"self":[{"href":"https:\/\/intride.eu\/pl\/wp-json\/wp\/v2\/pages\/270"}],"collection":[{"href":"https:\/\/intride.eu\/pl\/wp-json\/wp\/v2\/pages"}],"about":[{"href":"https:\/\/intride.eu\/pl\/wp-json\/wp\/v2\/types\/page"}],"author":[{"embeddable":true,"href":"https:\/\/intride.eu\/pl\/wp-json\/wp\/v2\/users\/3"}],"replies":[{"embeddable":true,"href":"https:\/\/intride.eu\/pl\/wp-json\/wp\/v2\/comments?post=270"}],"version-history":[{"count":14,"href":"https:\/\/intride.eu\/pl\/wp-json\/wp\/v2\/pages\/270\/revisions"}],"predecessor-version":[{"id":982,"href":"https:\/\/intride.eu\/pl\/wp-json\/wp\/v2\/pages\/270\/revisions\/982"}],"wp:attachment":[{"href":"https:\/\/intride.eu\/pl\/wp-json\/wp\/v2\/media?parent=270"}],"curies":[{"name":"wp","href":"https:\/\/api.w.org\/{rel}","templated":true}]}}