{"id":275,"date":"2019-06-17T13:59:04","date_gmt":"2019-06-17T13:59:04","guid":{"rendered":"https:\/\/intride.eu\/?page_id=275"},"modified":"2020-09-22T11:22:02","modified_gmt":"2020-09-22T11:22:02","slug":"wsb","status":"publish","type":"page","link":"https:\/\/intride.eu\/pl\/wsb\/","title":{"rendered":""},"content":{"rendered":"<div class=\"wp-block-columns has-2-columns\">\n<div class=\"wp-block-column\">\n<div class=\"wp-block-image\"><figure class=\"aligncenter size-large is-resized\"><a href=\"http:\/\/www.wsb.edu.pl\/\" target=\"_blank\" rel=\"noopener noreferrer\"><img loading=\"lazy\" src=\"https:\/\/intride.eu\/wp-content\/uploads\/2020\/07\/WSB\u2013color.png\" alt=\"\" class=\"wp-image-993\" width=\"448\" height=\"53\" srcset=\"https:\/\/intride.eu\/wp-content\/uploads\/2020\/07\/WSB\u2013color.png 808w, https:\/\/intride.eu\/wp-content\/uploads\/2020\/07\/WSB\u2013color-300x36.png 300w, https:\/\/intride.eu\/wp-content\/uploads\/2020\/07\/WSB\u2013color-768x91.png 768w, https:\/\/intride.eu\/wp-content\/uploads\/2020\/07\/WSB\u2013color-732x87.png 732w\" sizes=\"(max-width: 448px) 100vw, 448px\" \/><\/a><\/figure><\/div>\n<\/div>\n\n\n\n<div class=\"wp-block-column\">\n<p><strong>WSB University<\/strong> (WSB) jest uczelni\u0105 niepubliczn\u0105 (non-profit) dzia\u0142aj\u0105c\u0105 na polskim rynku od 1995 roku. W rankingu krajowym WSB jest najlepsz\u0105 polsk\u0105 uczelni\u0105 niepubliczn\u0105 poza Warszaw\u0105. WSB posiada 6 wydzia\u0142\u00f3w  w po\u0142udniowej Polsce (w Krakowie i na granicy polsko-czesko-s\u0142owackiej). WSB uczy oko\u0142o 12 000 student\u00f3w z 40 kraj\u00f3w. Od 2013 roku WSB i jej naukowcy pracowali nad ponad 100 projektami (o bud\u017cecie: ok. 37 mln euro), w ramach Funduszu Wyszehradzkiego, Program\u00f3w: Horyzont 2020, Erasmus +, Interreg Central Europe, Interreg PL-SK, Interreg CZR-PL, AI for Earth, Akcje COST i programy Krajowe z EFRR i EFS itp. WSB koncentruje si\u0119 na badaniach interdyscyplinarnych w zespo\u0142ach mi\u0119dzynarodowych przy wsparciu administracyjnym Dzia\u0142u Rozwoju Nauki. G\u0142\u00f3wne obszary bada\u0144 to: zarz\u0105dzanie i ekonomia, edukacja, bezpiecze\u0144stwo i in\u017cynieria (w tym Informatyka). WSB dzia\u0142a w rozleg\u0142ych mi\u0119dzynarodowych sieciach klastr\u00f3w, euroregion\u00f3w, przedsi\u0119biorstw, uczelni, o\u015brodk\u00f3w naukowych, organizacji pozarz\u0105dowych, w\u0142adz lokalnych, szk\u00f3\u0142 i \u015brodowisk innowacyjnych. WSB prowadzi Instytut Wsp\u00f3\u0142pracy Terytorialnej i Mi\u0119dzyorganizacyjnej, Centrum Jako\u015bci i Innowacji, Centrum Transferu Technologii oraz Centrum Nowoczesnych Metod i Technologii.<\/p>\n\n\n\n<p><a href=\"http:\/\/www.wsb.edu.pl\/\" target=\"_blank\" rel=\"noreferrer noopener\"><strong>www.wsb.edu.pl<\/strong><\/a><\/p>\n<\/div>\n<\/div>\n\n\n\n<p><\/p>","protected":false},"excerpt":{"rendered":"<p>WSB University (WSB) is a private (non-profit) HEI operated on Polish market since 1995. According to national rank, WSB is 1st private Polish university outside Warsaw. WSB has 6 branches in South Poland (in Cracow and on Polish-Czech-Slovak border). WSB teaches around 12 000 students from 40 countries. Since 2013 WSB university and its researchers [&hellip;]<\/p>","protected":false},"author":3,"featured_media":0,"parent":0,"menu_order":0,"comment_status":"closed","ping_status":"closed","template":"page-full-width.php","meta":[],"_links":{"self":[{"href":"https:\/\/intride.eu\/pl\/wp-json\/wp\/v2\/pages\/275"}],"collection":[{"href":"https:\/\/intride.eu\/pl\/wp-json\/wp\/v2\/pages"}],"about":[{"href":"https:\/\/intride.eu\/pl\/wp-json\/wp\/v2\/types\/page"}],"author":[{"embeddable":true,"href":"https:\/\/intride.eu\/pl\/wp-json\/wp\/v2\/users\/3"}],"replies":[{"embeddable":true,"href":"https:\/\/intride.eu\/pl\/wp-json\/wp\/v2\/comments?post=275"}],"version-history":[{"count":12,"href":"https:\/\/intride.eu\/pl\/wp-json\/wp\/v2\/pages\/275\/revisions"}],"predecessor-version":[{"id":1025,"href":"https:\/\/intride.eu\/pl\/wp-json\/wp\/v2\/pages\/275\/revisions\/1025"}],"wp:attachment":[{"href":"https:\/\/intride.eu\/pl\/wp-json\/wp\/v2\/media?parent=275"}],"curies":[{"name":"wp","href":"https:\/\/api.w.org\/{rel}","templated":true}]}}