{"id":278,"date":"2019-06-17T14:01:33","date_gmt":"2019-06-17T14:01:33","guid":{"rendered":"https:\/\/intride.eu\/?page_id=278"},"modified":"2020-09-22T11:22:24","modified_gmt":"2020-09-22T11:22:24","slug":"did","status":"publish","type":"page","link":"https:\/\/intride.eu\/pl\/did\/","title":{"rendered":""},"content":{"rendered":"<div class=\"wp-block-columns has-2-columns\">\n<div class=\"wp-block-column\">\n<div class=\"wp-block-image\"><figure class=\"aligncenter size-large is-resized\"><a href=\"https:\/\/www.distrettointerniedesign.it\/network\" target=\"_blank\" rel=\"noopener noreferrer\"><img loading=\"lazy\" src=\"https:\/\/intride.eu\/wp-content\/uploads\/2020\/07\/DID\u2013color.png\" alt=\"\" class=\"wp-image-1019\" width=\"280\" height=\"268\" srcset=\"https:\/\/intride.eu\/wp-content\/uploads\/2020\/07\/DID\u2013color.png 379w, https:\/\/intride.eu\/wp-content\/uploads\/2020\/07\/DID\u2013color-300x287.png 300w\" sizes=\"(max-width: 280px) 100vw, 280px\" \/><\/a><\/figure><\/div>\n<\/div>\n\n\n\n<div class=\"wp-block-column\">\n<p> <a href=\"http:\/\/www.distrettointerniedesign.it\/\" target=\"_blank\" rel=\"noreferrer noopener\"><strong>Tuscan Technological Cluster for Interiors and Design DID<\/strong><\/a> is focused on innovation and technological transfer related to interiors in the home \/ recreational vehicles \/ nautical sectors and design innovation in general.<\/p>\n\n\n\n<p class=\" translation-block\">Klaster tworzy 5 centr\u00f3w promocji i stowarzyszenie biznesowe. Udzia\u0142 organizacji badawczych jest strategiczny, poniewa\u017c <strong>DID<\/strong> koncentruje si\u0119 na dostarczaniu kompetencji przedsi\u0119biorstwom, g\u0142\u00f3wnie M\u015aP, w celu rozwijania proces\u00f3w badawczo-rozwojowych.<\/p>\n\n\n\n<p class=\" translation-block\">Klaster technologiczny <strong>DID<\/strong> koncentruje si\u0119 na kilku sektorach w obszarze produkcyjnym, ma multidyscyplinarn\u0105 wizj\u0119 i naturalnie narodzi\u0142 si\u0119 w celu rozwijania dzia\u0142a\u0144 zwi\u0105zanych z badaniami i rozwojem, szkoleniami i internacjonalizacj\u0105 dla wszystkich cz\u0142onk\u00f3w. Sieci organizacji badawczych i aktor\u00f3w mi\u0119dzynarodowych, kt\u00f3re <strong>DID<\/strong> stawia we wsp\u00f3\u0142pracy z firmami cz\u0142onkowskimi, to dobrze ugruntowane relacje o bardzo konkretnych pogl\u0105dach.<\/p>\n\n\n\n<p>\u015awiadczone us\u0142ugi wsparcia:<\/p>\n\n\n\n<ul><li>Dost\u0119p do wsparcia publicznego (programy regionalne \/ krajowe, bony na innowacje itp.)<\/li><li>U\u0142atwienie wsp\u00f3\u0142pracy mi\u0119dzy cz\u0142onkami<\/li><li>Wsparcie transferu wiedzy<\/li><li>Zarz\u0105dzanie innowacjami \/ Wsparcie proces\u00f3w innowacyjnych (wewn\u0119trzne, zewn\u0119trzne)<\/li><\/ul>\n\n\n\n<p><strong><a href=\"https:\/\/www.distrettointerniedesign.it\/network\" target=\"_blank\" rel=\"noreferrer noopener\">www.distrettointerniedesign.it\/network<\/a><\/strong><\/p>\n<\/div>\n<\/div>","protected":false},"excerpt":{"rendered":"<p>The Tuscan Technological Cluster for Interiors and Design DID is focused on innovation and technological transfer related to interiors in the home \/ recreational vehicles \/ nautical sectors and design innovation in general. It is formed by 5 promotion centers and includes business associations. The participation of research organizations is strategic as the focus of [&hellip;]<\/p>","protected":false},"author":3,"featured_media":0,"parent":0,"menu_order":0,"comment_status":"closed","ping_status":"closed","template":"page-full-width.php","meta":[],"_links":{"self":[{"href":"https:\/\/intride.eu\/pl\/wp-json\/wp\/v2\/pages\/278"}],"collection":[{"href":"https:\/\/intride.eu\/pl\/wp-json\/wp\/v2\/pages"}],"about":[{"href":"https:\/\/intride.eu\/pl\/wp-json\/wp\/v2\/types\/page"}],"author":[{"embeddable":true,"href":"https:\/\/intride.eu\/pl\/wp-json\/wp\/v2\/users\/3"}],"replies":[{"embeddable":true,"href":"https:\/\/intride.eu\/pl\/wp-json\/wp\/v2\/comments?post=278"}],"version-history":[{"count":8,"href":"https:\/\/intride.eu\/pl\/wp-json\/wp\/v2\/pages\/278\/revisions"}],"predecessor-version":[{"id":1023,"href":"https:\/\/intride.eu\/pl\/wp-json\/wp\/v2\/pages\/278\/revisions\/1023"}],"wp:attachment":[{"href":"https:\/\/intride.eu\/pl\/wp-json\/wp\/v2\/media?parent=278"}],"curies":[{"name":"wp","href":"https:\/\/api.w.org\/{rel}","templated":true}]}}