{"id":29,"date":"2019-04-16T11:17:43","date_gmt":"2019-04-16T11:17:43","guid":{"rendered":"https:\/\/intride.eu\/?page_id=29"},"modified":"2023-01-04T10:41:31","modified_gmt":"2023-01-04T10:41:31","slug":"downloads","status":"publish","type":"page","link":"https:\/\/intride.eu\/pl\/downloads\/","title":{"rendered":"Do pobrania"},"content":{"rendered":"<p class=\" translation-block\">Poni\u017cej przedstawiono rezultaty projektu <strong>INTRIDE<\/strong>:<\/p>\n\n\n\n<div style=\"height:50px\" aria-hidden=\"true\" class=\"wp-block-spacer\"><\/div>\n\n\n\n<h4><strong>Dokumenty techniczne<\/strong><\/h4>\n\n\n\n<hr class=\"wp-block-separator\"\/>\n\n\n\n<div class=\"wp-block-columns\">\n<div class=\"wp-block-column\">\n<div class=\"wp-block-media-text alignwide is-vertically-aligned-top\"><figure class=\"wp-block-media-text__media\"><img loading=\"lazy\" width=\"595\" height=\"842\" src=\"https:\/\/intride.eu\/wp-content\/uploads\/2021\/07\/INTRIDE-D4.1.jpg\" alt=\"\" class=\"wp-image-1427 size-full\" srcset=\"https:\/\/intride.eu\/wp-content\/uploads\/2021\/07\/INTRIDE-D4.1.jpg 595w, https:\/\/intride.eu\/wp-content\/uploads\/2021\/07\/INTRIDE-D4.1-212x300.jpg 212w, https:\/\/intride.eu\/wp-content\/uploads\/2021\/07\/INTRIDE-D4.1-8x12.jpg 8w\" sizes=\"(max-width: 595px) 100vw, 595px\" \/><\/figure><div class=\"wp-block-media-text__content\">\n<p><strong>D4.1 \u2013 Definicja wsp\u00f3lnego programu studi\u00f3w magisterskich i jego struktura<\/strong><\/p>\n\n\n\n<p class=\" translation-block\">Sprawozdanie to zawiera prezentacj\u0119 wsp\u00f3lnego programu studi\u00f3w magisterskich INTRIDE pod tytu\u0142em \u201eDizajn strategiczny na rzecz innowacji w sektorze produkcyjnym\u201d.<br><br><strong><a rel=\"noreferrer noopener\" href=\"https:\/\/intride.eu\/sdm_downloads\/definition-of-joint-master-degree-structure-and-programme\/\" target=\"_blank\">D4.1 _ Definition of Joint Master Degree structure and programme<\/a><\/strong><\/p>\n<\/div><\/div>\n\n\n\n<div class=\"wp-block-media-text alignwide is-stacked-on-mobile is-vertically-aligned-top\"><figure class=\"wp-block-media-text__media\"><img loading=\"lazy\" width=\"595\" height=\"841\" src=\"https:\/\/intride.eu\/wp-content\/uploads\/2021\/10\/D4.4-JMD-Syllabus-portada-1.png\" alt=\"\" class=\"wp-image-1538 size-full\" srcset=\"https:\/\/intride.eu\/wp-content\/uploads\/2021\/10\/D4.4-JMD-Syllabus-portada-1.png 595w, https:\/\/intride.eu\/wp-content\/uploads\/2021\/10\/D4.4-JMD-Syllabus-portada-1-212x300.png 212w, https:\/\/intride.eu\/wp-content\/uploads\/2021\/10\/D4.4-JMD-Syllabus-portada-1-8x12.png 8w\" sizes=\"(max-width: 595px) 100vw, 595px\" \/><\/figure><div class=\"wp-block-media-text__content\">\n<p><strong>D4.4 - Dostarczenie materia\u0142\u00f3w\nszkoleniowych<\/strong><\/p>\n\n\n\n<p>Raport zawiera sylabus studi\u00f3w w ramach\nprogramu INTRIDE &quot;Projektowanie\nstrategiczne na rzecz innowacji w sektorze\nprodukcyjnym&quot;. Opracowany kurs\npodyplomowy pn. &quot;Projektowanie na rzecz\nzr\u00f3wnowa\u017conego rozwoju w sektorze\nprodukcyjnym&quot; b\u0119dzie pilota\u017cowo wdra\u017cany\nw drugim semestrze roku akademickiego\n2021-22.<\/p>\n\n\n\n<p><\/p>\n\n\n\n<p><strong><a href=\"https:\/\/intride.eu\/sdm_downloads\/d4-4-entrega-de-materiales-de-formacion\/\">Spanish delivery<br><\/a><a href=\"https:\/\/intride.eu\/sdm_downloads\/d4-4-consegna-dei-materiali-di-formazione\/\">Italian delivery<\/a><br><a href=\"https:\/\/intride.eu\/sdm_downloads\/d4-4-livrarea-materialelor-de-instruire\/\">Romanian delivery<\/a><br><a href=\"https:\/\/intride.eu\/sdm_downloads\/d4-4-dostawa-materialow-szkoleniowych\/\">Polish delivery<\/a><br><a rel=\"noreferrer noopener\" href=\"https:\/\/intride.eu\/sdm_downloads\/delivery-of-training-materials\/\" data-type=\"URL\" data-id=\"https:\/\/intride.eu\/sdm_downloads\/delivery-of-training-materials\/\" target=\"_blank\">English delivery<\/a><\/strong><\/p>\n<\/div><\/div>\n<\/div>\n\n\n\n<div class=\"wp-block-column\">\n<div class=\"wp-block-media-text alignwide is-vertically-aligned-top\"><figure class=\"wp-block-media-text__media\"><img loading=\"lazy\" width=\"595\" height=\"842\" src=\"https:\/\/intride.eu\/wp-content\/uploads\/2021\/07\/INTRIDE-D4.2.jpg\" alt=\"\" class=\"wp-image-1429 size-full\" srcset=\"https:\/\/intride.eu\/wp-content\/uploads\/2021\/07\/INTRIDE-D4.2.jpg 595w, https:\/\/intride.eu\/wp-content\/uploads\/2021\/07\/INTRIDE-D4.2-212x300.jpg 212w, https:\/\/intride.eu\/wp-content\/uploads\/2021\/07\/INTRIDE-D4.2-8x12.jpg 8w\" sizes=\"(max-width: 595px) 100vw, 595px\" \/><\/figure><div class=\"wp-block-media-text__content\">\n<p><strong><strong>D4.2 \u2013 Definicja metodologii nauczania i narz\u0119dzi<\/strong><\/strong><\/p>\n\n\n\n<p class=\" translation-block\">W raporcie podsumowano metodologie nauczania i narz\u0119dzia, kt\u00f3re b\u0119d\u0105 stosowane w programie studi\u00f3w magisterskich \u201eDizajn strategiczny na rzecz innowacji w sektorze produkcyjnym\u201d.<br><br><strong><a rel=\"noreferrer noopener\" href=\"https:\/\/intride.eu\/sdm_downloads\/definition-of-joint-master-degree-structure-and-programme-2\/\" data-type=\"URL\" data-id=\"https:\/\/intride.eu\/sdm_downloads\/definition-of-joint-master-degree-structure-and-programme-2\/\" target=\"_blank\">D4.2 _ Definition of training methodologies and tools<\/a><\/strong><\/p>\n<\/div><\/div>\n<\/div>\n<\/div>\n\n\n\n<div style=\"height:100px\" aria-hidden=\"true\" class=\"wp-block-spacer\"><\/div>\n\n\n\n<div class=\"wp-block-columns\">\n<div class=\"wp-block-column\">\n<div class=\"wp-block-media-text alignwide\"><figure class=\"wp-block-media-text__media\"><img loading=\"lazy\" width=\"1024\" height=\"576\" src=\"https:\/\/intride.eu\/wp-content\/uploads\/2021\/03\/INTRIDE-WP4-report-sp-1024x576.jpg\" alt=\"\" class=\"wp-image-1256 size-full\" srcset=\"https:\/\/intride.eu\/wp-content\/uploads\/2021\/03\/INTRIDE-WP4-report-sp-1024x576.jpg 1024w, https:\/\/intride.eu\/wp-content\/uploads\/2021\/03\/INTRIDE-WP4-report-sp-300x169.jpg 300w, https:\/\/intride.eu\/wp-content\/uploads\/2021\/03\/INTRIDE-WP4-report-sp-768x432.jpg 768w, https:\/\/intride.eu\/wp-content\/uploads\/2021\/03\/INTRIDE-WP4-report-sp-16x9.jpg 16w, https:\/\/intride.eu\/wp-content\/uploads\/2021\/03\/INTRIDE-WP4-report-sp-732x412.jpg 732w, https:\/\/intride.eu\/wp-content\/uploads\/2021\/03\/INTRIDE-WP4-report-sp-1140x641.jpg 1140w, https:\/\/intride.eu\/wp-content\/uploads\/2021\/03\/INTRIDE-WP4-report-sp.jpg 1440w\" sizes=\"(max-width: 1024px) 100vw, 1024px\" \/><\/figure><div class=\"wp-block-media-text__content\">\n<p><strong>Sprawozdanie ze stanu aktualnego oferty edukacyjnej w zakresie studi\u00f3w magisterskich i innych stopni naukowych na kierunku wzornictwo \u2013 raporty krajowe<\/strong><\/p>\n\n\n\n<p>Sprawozdania zawieraj\u0105 analiz\u0119 oferty edukacyjnej w zakresie studi\u00f3w magisterskich i innych stopni naukowych na kierunku wzornictwo w krajach partner\u00f3w projektu.<br><br><strong><a rel=\"noreferrer noopener\" href=\"https:\/\/intride.eu\/sdm_downloads\/intride-wp4-spanish-report\/\" target=\"_blank\">Spanish report<\/a><\/strong><br><strong><a rel=\"noreferrer noopener\" href=\"https:\/\/intride.eu\/sdm_downloads\/wp4-italian-state-of-the-art\/\" target=\"_blank\">Italian report<\/a><br><a rel=\"noreferrer noopener\" href=\"https:\/\/intride.eu\/sdm_downloads\/wp4-romanian-state-of-the-art\/\" target=\"_blank\">Romanian report<\/a><\/strong><br><strong><a rel=\"noreferrer noopener\" href=\"https:\/\/intride.eu\/sdm_downloads\/wp4-polish-state-of-the-art\/\" target=\"_blank\">Polish report<\/a><br><a rel=\"noreferrer noopener\" href=\"https:\/\/intride.eu\/sdm_downloads\/wp4-eu-state-of-the-art\/\" target=\"_blank\">European report<\/a><\/strong><\/p>\n<\/div><\/div>\n<\/div>\n\n\n\n<div class=\"wp-block-column\">\n<div class=\"wp-block-media-text alignwide\"><figure class=\"wp-block-media-text__media\"><img loading=\"lazy\" width=\"1024\" height=\"767\" src=\"https:\/\/intride.eu\/wp-content\/uploads\/2021\/01\/INTRIDE-WP3-Final-Analysis-Report-EN-1024x767.png\" alt=\"\" class=\"wp-image-1227 size-full\" srcset=\"https:\/\/intride.eu\/wp-content\/uploads\/2021\/01\/INTRIDE-WP3-Final-Analysis-Report-EN-1024x767.png 1024w, https:\/\/intride.eu\/wp-content\/uploads\/2021\/01\/INTRIDE-WP3-Final-Analysis-Report-EN-300x225.png 300w, https:\/\/intride.eu\/wp-content\/uploads\/2021\/01\/INTRIDE-WP3-Final-Analysis-Report-EN-768x575.png 768w, https:\/\/intride.eu\/wp-content\/uploads\/2021\/01\/INTRIDE-WP3-Final-Analysis-Report-EN-1536x1150.png 1536w, https:\/\/intride.eu\/wp-content\/uploads\/2021\/01\/INTRIDE-WP3-Final-Analysis-Report-EN-2048x1534.png 2048w, https:\/\/intride.eu\/wp-content\/uploads\/2021\/01\/INTRIDE-WP3-Final-Analysis-Report-EN-16x12.png 16w, https:\/\/intride.eu\/wp-content\/uploads\/2021\/01\/INTRIDE-WP3-Final-Analysis-Report-EN-732x548.png 732w, https:\/\/intride.eu\/wp-content\/uploads\/2021\/01\/INTRIDE-WP3-Final-Analysis-Report-EN-1140x854.png 1140w\" sizes=\"(max-width: 1024px) 100vw, 1024px\" \/><\/figure><div class=\"wp-block-media-text__content\">\n<p><strong>Analiza potrzeb zwi\u0105zana z umiej\u0119tno\u015bciami mi\u0119kkimi, cyfrowymi, ekologicznymi, projektowymi i technologicznymi w tradycyjnym sektorze produkcyjnym - Raport z analizy ko\u0144cowej<\/strong><\/p>\n\n\n\n<p>Ko\u0144cowy raport zawiera najwa\u017cniejsze informacje z krajowych kwestionariuszy i warsztat\u00f3w.<br><br><strong><a rel=\"noreferrer noopener\" href=\"https:\/\/intride.eu\/sdm_downloads\/intride-wp3-final-analysis-report-en\/\" target=\"_blank\">Field Analysis\u2019 Summary Highlights<\/a><\/strong><\/p>\n<\/div><\/div>\n<\/div>\n<\/div>\n\n\n\n<div style=\"height:100px\" aria-hidden=\"true\" class=\"wp-block-spacer\"><\/div>\n\n\n\n<div class=\"wp-block-columns\">\n<div class=\"wp-block-column\">\n<div class=\"wp-block-media-text alignwide\"><figure class=\"wp-block-media-text__media\"><img loading=\"lazy\" width=\"1024\" height=\"575\" src=\"https:\/\/intride.eu\/wp-content\/uploads\/2021\/01\/INTRIDE-WP3-Workshops-Analysis-Report-EN-1024x575.png\" alt=\"\" class=\"wp-image-1225 size-full\" srcset=\"https:\/\/intride.eu\/wp-content\/uploads\/2021\/01\/INTRIDE-WP3-Workshops-Analysis-Report-EN-1024x575.png 1024w, https:\/\/intride.eu\/wp-content\/uploads\/2021\/01\/INTRIDE-WP3-Workshops-Analysis-Report-EN-300x168.png 300w, https:\/\/intride.eu\/wp-content\/uploads\/2021\/01\/INTRIDE-WP3-Workshops-Analysis-Report-EN-768x431.png 768w, https:\/\/intride.eu\/wp-content\/uploads\/2021\/01\/INTRIDE-WP3-Workshops-Analysis-Report-EN-1536x862.png 1536w, https:\/\/intride.eu\/wp-content\/uploads\/2021\/01\/INTRIDE-WP3-Workshops-Analysis-Report-EN-2048x1150.png 2048w, https:\/\/intride.eu\/wp-content\/uploads\/2021\/01\/INTRIDE-WP3-Workshops-Analysis-Report-EN-16x9.png 16w, https:\/\/intride.eu\/wp-content\/uploads\/2021\/01\/INTRIDE-WP3-Workshops-Analysis-Report-EN-732x411.png 732w, https:\/\/intride.eu\/wp-content\/uploads\/2021\/01\/INTRIDE-WP3-Workshops-Analysis-Report-EN-1140x640.png 1140w\" sizes=\"(max-width: 1024px) 100vw, 1024px\" \/><\/figure><div class=\"wp-block-media-text__content\">\n<p><strong><strong>Analiza potrzeb w zakresie kompetencji mi\u0119kkich, cyfrowych, ekologicznych, projektowych i technologicznych w tradycyjnym sektorze wytw\u00f3rczym - Raport z analizy ko\u0144cowej 2: Warsztaty<\/strong><\/strong><\/p>\n\n\n\n<p>Raport jest kompilacj\u0105 wynik\u00f3w i p\u00f3\u017aniejsz\u0105 analiz\u0105 opart\u0105 na r\u00f3\u017cnych warsztatach krajowych. <br><br><strong><a rel=\"noreferrer noopener\" href=\"https:\/\/intride.eu\/sdm_downloads\/intride-wp3-workshops-analysis-report-en\/\" target=\"_blank\">Final Analysis Report \u2013 National Workshops<\/a><\/strong><\/p>\n<\/div><\/div>\n<\/div>\n\n\n\n<div class=\"wp-block-column\">\n<div class=\"wp-block-media-text alignwide\"><figure class=\"wp-block-media-text__media\"><img loading=\"lazy\" width=\"1024\" height=\"573\" src=\"https:\/\/intride.eu\/wp-content\/uploads\/2021\/01\/INTRIDE-WP3-Surveys-Analysis-Report-EN-1024x573.png\" alt=\"\" class=\"wp-image-1223 size-full\" srcset=\"https:\/\/intride.eu\/wp-content\/uploads\/2021\/01\/INTRIDE-WP3-Surveys-Analysis-Report-EN-1024x573.png 1024w, https:\/\/intride.eu\/wp-content\/uploads\/2021\/01\/INTRIDE-WP3-Surveys-Analysis-Report-EN-300x168.png 300w, https:\/\/intride.eu\/wp-content\/uploads\/2021\/01\/INTRIDE-WP3-Surveys-Analysis-Report-EN-768x430.png 768w, https:\/\/intride.eu\/wp-content\/uploads\/2021\/01\/INTRIDE-WP3-Surveys-Analysis-Report-EN-1536x859.png 1536w, https:\/\/intride.eu\/wp-content\/uploads\/2021\/01\/INTRIDE-WP3-Surveys-Analysis-Report-EN-2048x1146.png 2048w, https:\/\/intride.eu\/wp-content\/uploads\/2021\/01\/INTRIDE-WP3-Surveys-Analysis-Report-EN-16x9.png 16w, https:\/\/intride.eu\/wp-content\/uploads\/2021\/01\/INTRIDE-WP3-Surveys-Analysis-Report-EN-732x409.png 732w, https:\/\/intride.eu\/wp-content\/uploads\/2021\/01\/INTRIDE-WP3-Surveys-Analysis-Report-EN-1140x638.png 1140w\" sizes=\"(max-width: 1024px) 100vw, 1024px\" \/><\/figure><div class=\"wp-block-media-text__content\">\n<p><strong>Analiza potrzeb w zakresie kompetencji mi\u0119kkich, cyfrowych, ekologicznych, projektowych i technologicznych w tradycyjnym sektorze produkcyjnym - Raport z analizy ko\u0144cowej 1: Ankieta<\/strong><\/p>\n\n\n\n<p>Raport jest kompilacj\u0105 wynik\u00f3w i p\u00f3\u017aniejsz\u0105 analiz\u0105 opart\u0105 na r\u00f3\u017cnych kwestionariuszach krajowych.<\/p>\n\n\n\n\n\n\n\n\n<\/p>\n\n\n\n<p><strong><a rel=\"noreferrer noopener\" href=\"https:\/\/intride.eu\/sdm_downloads\/intride-wp3-final-analysis-report-surveys-pl\/\" target=\"_blank\">Analiza raportu ko\u0144cowego &#8211; Badanie ankietowe<\/a><\/strong><\/p>\n\n\n<p>\n\n\n\n\n\n\n<\/div><\/div>\n<\/div>\n<\/div>\n\n\n\n<div style=\"height:100px\" aria-hidden=\"true\" class=\"wp-block-spacer\"><\/div>\n\n\n\n<div class=\"wp-block-columns\">\n<div class=\"wp-block-column\">\n<div class=\"wp-block-media-text alignwide\"><figure class=\"wp-block-media-text__media\"><img loading=\"lazy\" width=\"1024\" height=\"575\" src=\"https:\/\/intride.eu\/wp-content\/uploads\/2021\/01\/INTRIDE-WP3-Spanish-Report\u2013EN-1024x575.png\" alt=\"\" class=\"wp-image-1214 size-full\" srcset=\"https:\/\/intride.eu\/wp-content\/uploads\/2021\/01\/INTRIDE-WP3-Spanish-Report\u2013EN-1024x575.png 1024w, https:\/\/intride.eu\/wp-content\/uploads\/2021\/01\/INTRIDE-WP3-Spanish-Report\u2013EN-300x168.png 300w, https:\/\/intride.eu\/wp-content\/uploads\/2021\/01\/INTRIDE-WP3-Spanish-Report\u2013EN-768x431.png 768w, https:\/\/intride.eu\/wp-content\/uploads\/2021\/01\/INTRIDE-WP3-Spanish-Report\u2013EN-1536x862.png 1536w, https:\/\/intride.eu\/wp-content\/uploads\/2021\/01\/INTRIDE-WP3-Spanish-Report\u2013EN-2048x1150.png 2048w, https:\/\/intride.eu\/wp-content\/uploads\/2021\/01\/INTRIDE-WP3-Spanish-Report\u2013EN-16x9.png 16w, https:\/\/intride.eu\/wp-content\/uploads\/2021\/01\/INTRIDE-WP3-Spanish-Report\u2013EN-732x411.png 732w, https:\/\/intride.eu\/wp-content\/uploads\/2021\/01\/INTRIDE-WP3-Spanish-Report\u2013EN-1140x640.png 1140w\" sizes=\"(max-width: 1024px) 100vw, 1024px\" \/><\/figure><div class=\"wp-block-media-text__content\">\n<p class=\" translation-block\"><strong>Analiza potrzeb w zakresie kompetencji mi\u0119kkich, cyfrowych, ekologicznych, projektowych i technologicznych w tradycyjnym sektorze produkcyjnym - raporty krajowe<\/strong><\/p>\n\n\n\n<p class=\" translation-block\">Raporty zawieraj\u0105 analiz\u0119 odpowiedzi zebranych w ankietach krajowych.<br><br><strong><a rel=\"noreferrer noopener\" href=\"https:\/\/intride.eu\/sdm_downloads\/intride-wp3-spanish-report-en\/\" target=\"_self\">Spanish report<\/a><\/strong><br><strong><a rel=\"noreferrer noopener\" href=\"https:\/\/intride.eu\/sdm_downloads\/intride-wp3-italian-report-en\/\" target=\"_self\">Italian report<\/a><br><a rel=\"noreferrer noopener\" href=\"https:\/\/intride.eu\/sdm_downloads\/intride-wp3-romanian-report-en\/\" target=\"_self\">Romanian report<\/a><br><a rel=\"noreferrer noopener\" href=\"https:\/\/intride.eu\/sdm_downloads\/intride-wp3-polish-report-en\/\" target=\"_self\">Polish report<\/a><\/strong><\/p>\n<\/div><\/div>\n<\/div>\n\n\n\n<div class=\"wp-block-column\"><\/div>\n<\/div>\n\n\n\n<div style=\"height:50px\" aria-hidden=\"true\" class=\"wp-block-spacer\"><\/div>\n\n\n\n<h4><strong>Materia\u0142y informacyjne i promocyjne<\/strong><\/h4>\n\n\n\n<hr class=\"wp-block-separator\"\/>\n\n\n\n<div class=\"wp-block-columns has-2-columns\">\n<div class=\"wp-block-column\">\n<div class=\"wp-block-media-text alignwide\"><figure class=\"wp-block-media-text__media\"><img loading=\"lazy\" width=\"1024\" height=\"724\" src=\"https:\/\/intride.eu\/wp-content\/uploads\/2020\/07\/INTRIDE\u2013Brochure\u20131.2_P\u00e1gina_1-1024x724.jpg\" alt=\"\" class=\"wp-image-1066 size-full\" srcset=\"https:\/\/intride.eu\/wp-content\/uploads\/2020\/07\/INTRIDE\u2013Brochure\u20131.2_P\u00e1gina_1-1024x724.jpg 1024w, https:\/\/intride.eu\/wp-content\/uploads\/2020\/07\/INTRIDE\u2013Brochure\u20131.2_P\u00e1gina_1-300x212.jpg 300w, https:\/\/intride.eu\/wp-content\/uploads\/2020\/07\/INTRIDE\u2013Brochure\u20131.2_P\u00e1gina_1-768x543.jpg 768w, https:\/\/intride.eu\/wp-content\/uploads\/2020\/07\/INTRIDE\u2013Brochure\u20131.2_P\u00e1gina_1-732x518.jpg 732w, https:\/\/intride.eu\/wp-content\/uploads\/2020\/07\/INTRIDE\u2013Brochure\u20131.2_P\u00e1gina_1-1140x807.jpg 1140w, https:\/\/intride.eu\/wp-content\/uploads\/2020\/07\/INTRIDE\u2013Brochure\u20131.2_P\u00e1gina_1.jpg 1193w\" sizes=\"(max-width: 1024px) 100vw, 1024px\" \/><\/figure><div class=\"wp-block-media-text__content\">\n<p><strong>Broszura<\/strong><\/p>\n\n\n\n<p class=\" translation-block\">Broszura zawiera kr\u00f3tkie przedstawienie cel\u00f3w, termin realizacji oraz planowane rezultaty projektu INTRIDE. <br><br><a rel=\"noreferrer noopener\" href=\"https:\/\/intride.eu\/sdm_downloads\/broszura-2\/\" target=\"_blank\"><strong>Broszura<\/strong><\/a><\/p>\n\n\n\n<p><\/p>\n<\/div><\/div>\n<\/div>\n\n\n\n<div class=\"wp-block-column\">\n<div class=\"wp-block-media-text alignwide\" style=\"grid-template-columns:45% auto\"><figure class=\"wp-block-media-text__media\"><img loading=\"lazy\" width=\"764\" height=\"771\" src=\"https:\/\/intride.eu\/wp-content\/uploads\/2021\/07\/NL01.png\" alt=\"\" class=\"wp-image-1363 size-full\" srcset=\"https:\/\/intride.eu\/wp-content\/uploads\/2021\/07\/NL01.png 764w, https:\/\/intride.eu\/wp-content\/uploads\/2021\/07\/NL01-297x300.png 297w, https:\/\/intride.eu\/wp-content\/uploads\/2021\/07\/NL01-150x150.png 150w, https:\/\/intride.eu\/wp-content\/uploads\/2021\/07\/NL01-12x12.png 12w, https:\/\/intride.eu\/wp-content\/uploads\/2021\/07\/NL01-732x739.png 732w\" sizes=\"(max-width: 764px) 100vw, 764px\" \/><\/figure><div class=\"wp-block-media-text__content\">\n<p><strong>Newsletter<\/strong><\/p>\n\n\n\n<div class=\"wp-block-group\"><div class=\"wp-block-group__inner-container\">\n<div class=\"wp-block-group\"><div class=\"wp-block-group__inner-container\">\n<div class=\"wp-block-columns\">\n<div class=\"wp-block-column\" style=\"flex-basis:100%\">\n<div class=\"wp-block-group\"><div class=\"wp-block-group__inner-container\">\n<p>Biuletyn zawiera najnowsze wiadomo\u015bci zwi\u0105zane z projektem, a tak\u017ce inne wiadomo\u015bci z bran\u017cy.<br><\/p>\n\n\n\n\n\n\n\n\n\n\n\n<\/p>\n\n\n\n<p><strong><br><a rel=\"noreferrer noopener\" href=\"https:\/\/intride.eu\/sdm_downloads\/nl01-pl\/\" target=\"_blank\">Newsletter #1<\/a><br><a rel=\"noreferrer noopener\" href=\"https:\/\/intride.eu\/sdm_downloads\/nl02-pl\/\" target=\"_blank\">Newsletter #2<\/a><br><a rel=\"noreferrer noopener\" href=\"https:\/\/intride.eu\/sdm_downloads\/nl03-pl\/\" target=\"_blank\">Newsletter #3<\/a><br><a rel=\"noreferrer noopener\" href=\"https:\/\/intride.eu\/sdm_downloads\/nl04-pl\/\" data-type=\"URL\" target=\"_blank\">Newsletter #4<\/a><br><a rel=\"noreferrer noopener\" href=\"https:\/\/intride.eu\/sdm_downloads\/nl05-pl\/\" data-type=\"URL\" target=\"_blank\">Newsletter #5<\/a><br><a rel=\"noreferrer noopener\" href=\"https:\/\/intride.eu\/sdm_downloads\/nl06-pl\/\" data-type=\"URL\" target=\"_blank\">Newsletter #6<\/a><br><a rel=\"noreferrer noopener\" href=\"https:\/\/intride.eu\/sdm_downloads\/newsletter_7_pl\/\" data-type=\"URL\" target=\"_blank\">Newsletter #7<\/a><br><a href=\"https:\/\/intride.eu\/sdm_downloads\/intride-newsletter_8-pl\/\"><\/a><strong><a href=\"https:\/\/intride.eu\/sdm_downloads\/intride-newsletter_8-pl\/\">Newsletter #8<\/a><\/strong><\/strong><br><strong><a href=\"https:\/\/intride.eu\/sdm_downloads\/newsletter-intride-9-pl\/\">Newsletter #9<\/a><\/strong><\/p>\n\n\n<p>\n\n\n\n<\/div><\/div>\n<\/div>\n<\/div>\n<\/div><\/div>\n<\/div><\/div>\n<\/div><\/div>\n<\/div>\n<\/div>\n\n\n\n<p><\/p>\n\n\n\n<div class=\"wp-block-group\"><div class=\"wp-block-group__inner-container\">\n<div class=\"wp-block-columns\">\n<div class=\"wp-block-column\">\n<p><strong>Broszura<\/strong><\/p>\n\n\n\n<div class=\"wp-block-media-text alignwide\"><figure class=\"wp-block-media-text__media\"><img loading=\"lazy\" width=\"1024\" height=\"576\" src=\"https:\/\/intride.eu\/wp-content\/uploads\/2022\/11\/INTRIDE-Brochure_2-ES-1024x576.jpg\" alt=\"\" class=\"wp-image-1717 size-full\" srcset=\"https:\/\/intride.eu\/wp-content\/uploads\/2022\/11\/INTRIDE-Brochure_2-ES-1024x576.jpg 1024w, https:\/\/intride.eu\/wp-content\/uploads\/2022\/11\/INTRIDE-Brochure_2-ES-300x169.jpg 300w, https:\/\/intride.eu\/wp-content\/uploads\/2022\/11\/INTRIDE-Brochure_2-ES-768x432.jpg 768w, https:\/\/intride.eu\/wp-content\/uploads\/2022\/11\/INTRIDE-Brochure_2-ES-1536x864.jpg 1536w, https:\/\/intride.eu\/wp-content\/uploads\/2022\/11\/INTRIDE-Brochure_2-ES-2048x1152.jpg 2048w, https:\/\/intride.eu\/wp-content\/uploads\/2022\/11\/INTRIDE-Brochure_2-ES-16x9.jpg 16w, https:\/\/intride.eu\/wp-content\/uploads\/2022\/11\/INTRIDE-Brochure_2-ES-732x412.jpg 732w, https:\/\/intride.eu\/wp-content\/uploads\/2022\/11\/INTRIDE-Brochure_2-ES-1140x641.jpg 1140w\" sizes=\"(max-width: 1024px) 100vw, 1024px\" \/><\/figure><div class=\"wp-block-media-text__content\">\n<p><strong>Broszura<\/strong><\/p>\n\n\n\n<p class=\" translation-block\">Broszura zawiera kr\u00f3tk\u0105 prezentacj\u0119 wynik\u00f3w projektu INTRIDE.<br><br><a rel=\"noreferrer noopener\" href=\"https:\/\/intride.eu\/sdm_downloads\/broszura-3\/\" target=\"_self\"><strong>Broszura<\/strong><\/a><\/p>\n\n\n\n<p><\/p>\n<\/div><\/div>\n<\/div>\n\n\n\n<div class=\"wp-block-column\"><\/div>\n<\/div>\n<\/div><\/div>\n\n\n\n<p><\/p>","protected":false},"excerpt":{"rendered":"<p>The public outcomes of the INTRIDE project are listed and available below. Technical documents Dissemination materials<\/p>","protected":false},"author":1,"featured_media":0,"parent":0,"menu_order":0,"comment_status":"closed","ping_status":"closed","template":"page-full-width.php","meta":[],"_links":{"self":[{"href":"https:\/\/intride.eu\/pl\/wp-json\/wp\/v2\/pages\/29"}],"collection":[{"href":"https:\/\/intride.eu\/pl\/wp-json\/wp\/v2\/pages"}],"about":[{"href":"https:\/\/intride.eu\/pl\/wp-json\/wp\/v2\/types\/page"}],"author":[{"embeddable":true,"href":"https:\/\/intride.eu\/pl\/wp-json\/wp\/v2\/users\/1"}],"replies":[{"embeddable":true,"href":"https:\/\/intride.eu\/pl\/wp-json\/wp\/v2\/comments?post=29"}],"version-history":[{"count":180,"href":"https:\/\/intride.eu\/pl\/wp-json\/wp\/v2\/pages\/29\/revisions"}],"predecessor-version":[{"id":1857,"href":"https:\/\/intride.eu\/pl\/wp-json\/wp\/v2\/pages\/29\/revisions\/1857"}],"wp:attachment":[{"href":"https:\/\/intride.eu\/pl\/wp-json\/wp\/v2\/media?parent=29"}],"curies":[{"name":"wp","href":"https:\/\/api.w.org\/{rel}","templated":true}]}}