{"id":321,"date":"2019-06-26T14:21:34","date_gmt":"2019-06-26T14:21:34","guid":{"rendered":"https:\/\/intride.eu\/?page_id=321"},"modified":"2021-07-27T14:05:02","modified_gmt":"2021-07-27T14:05:02","slug":"dida","status":"publish","type":"page","link":"https:\/\/intride.eu\/pl\/dida\/","title":{"rendered":""},"content":{"rendered":"<div class=\"wp-block-columns has-2-columns\">\n<div class=\"wp-block-column\">\n<div class=\"wp-block-image\"><figure class=\"aligncenter size-large is-resized\"><img loading=\"lazy\" src=\"https:\/\/intride.eu\/wp-content\/uploads\/2021\/06\/UNIFI_positivo.jpg\" alt=\"\" class=\"wp-image-1295\" width=\"398\" height=\"193\" srcset=\"https:\/\/intride.eu\/wp-content\/uploads\/2021\/06\/UNIFI_positivo.jpg 993w, https:\/\/intride.eu\/wp-content\/uploads\/2021\/06\/UNIFI_positivo-300x146.jpg 300w, https:\/\/intride.eu\/wp-content\/uploads\/2021\/06\/UNIFI_positivo-768x373.jpg 768w, https:\/\/intride.eu\/wp-content\/uploads\/2021\/06\/UNIFI_positivo-16x8.jpg 16w, https:\/\/intride.eu\/wp-content\/uploads\/2021\/06\/UNIFI_positivo-732x355.jpg 732w\" sizes=\"(max-width: 398px) 100vw, 398px\" \/><\/figure><\/div>\n\n\n\n<p><\/p>\n<\/div>\n\n\n\n<div class=\"wp-block-column\">\n<p> <strong><a href=\"https:\/\/www.unifi.it\/\" target=\"_blank\" rel=\"noreferrer noopener\">University of Florence<\/a><\/strong> is an important centre for research and higher education in Italy, with 1,800 lecturers and internal research staff, 1,600 technical staff, and over 1,600 researchers and PhD students. It offers a wide range of study programmes in all areas of knowledge.<\/p>\n\n\n\n<p>Jest to jeden z najwi\u0119kszych i najbardziej produktywnych publicznych system\u00f3w badawczych we W\u0142oszech. Wynik ten jest mo\u017cliwy dzi\u0119ki licznym sta\u0142ym i dora\u017anym badaczom pracuj\u0105cym w wielu dziedzinach naukowych. Wynika to r\u00f3wnie\u017c z intensywnego udzia\u0142u w programach badawczych o znaczeniu krajowym i mi\u0119dzynarodowym.&nbsp;<\/p>\n\n\n\n<p>W ostatnich latach Uniwersytet we Florencji w coraz wi\u0119kszym stopniu konsolidowa\u0142 swoje przedsi\u0119wzi\u0119cia w zakresie transferu wiedzy: od sk\u0142adania patent\u00f3w, przez tworzenie wsp\u00f3lnych warsztat\u00f3w z przedsi\u0119biorstwami, po udzia\u0142 w sp\u00f3\u0142kach spin-off.<\/p>\n\n\n\n<p>UNIFI uczestniczy w projekcie INTRIDE poprzez Wydzia\u0142 Architektury \u2013 DIDA \u2013 oraz Wydzia\u0142 In\u017cynierii Przemys\u0142owej \u2013 DIEF.<\/p>\n\n\n\n<p>DIEF wykona\u0142 kilka bada\u0144, kt\u00f3rych celem by\u0142o osi\u0105gni\u0119cie innowacji technologicznej w zakresie in\u017cynierii przemys\u0142owej, obejmuj\u0105cej g\u0142\u00f3wne aspekty kulturowe, naukowe i zawodowe.<\/p>\n\n\n\n<p><a rel=\"noreferrer noopener\" href=\"https:\/\/www.dida.unifi.it\/\" target=\"_blank\"><strong>www.dida.unifi.it<\/strong><\/a><br><a href=\"http:\/\/www.dief.unifi.it\"><strong>www.dief.unifi.it<\/strong><\/a><\/p>\n<\/div>\n<\/div>\n\n\n\n<p><\/p>","protected":false},"excerpt":{"rendered":"<p>The University of Florence is an important centre for research and higher education in Italy, with 1,800 lecturers and internal research staff, 1,600 technical staff, and over 1,600 researchers and PhD students. It offers a wide range of study programmes in all areas of knowledge. It is one of the largest and most productive public [&hellip;]<\/p>","protected":false},"author":3,"featured_media":0,"parent":0,"menu_order":0,"comment_status":"closed","ping_status":"closed","template":"page-full-width.php","meta":[],"_links":{"self":[{"href":"https:\/\/intride.eu\/pl\/wp-json\/wp\/v2\/pages\/321"}],"collection":[{"href":"https:\/\/intride.eu\/pl\/wp-json\/wp\/v2\/pages"}],"about":[{"href":"https:\/\/intride.eu\/pl\/wp-json\/wp\/v2\/types\/page"}],"author":[{"embeddable":true,"href":"https:\/\/intride.eu\/pl\/wp-json\/wp\/v2\/users\/3"}],"replies":[{"embeddable":true,"href":"https:\/\/intride.eu\/pl\/wp-json\/wp\/v2\/comments?post=321"}],"version-history":[{"count":25,"href":"https:\/\/intride.eu\/pl\/wp-json\/wp\/v2\/pages\/321\/revisions"}],"predecessor-version":[{"id":1418,"href":"https:\/\/intride.eu\/pl\/wp-json\/wp\/v2\/pages\/321\/revisions\/1418"}],"wp:attachment":[{"href":"https:\/\/intride.eu\/pl\/wp-json\/wp\/v2\/media?parent=321"}],"curies":[{"name":"wp","href":"https:\/\/api.w.org\/{rel}","templated":true}]}}