{"id":325,"date":"2019-06-26T14:33:22","date_gmt":"2019-06-26T14:33:22","guid":{"rendered":"https:\/\/intride.eu\/?page_id=325"},"modified":"2020-09-22T09:19:47","modified_gmt":"2020-09-22T09:19:47","slug":"cluj","status":"publish","type":"page","link":"https:\/\/intride.eu\/pl\/cluj\/","title":{"rendered":""},"content":{"rendered":"<div class=\"wp-block-columns has-2-columns\">\n<div class=\"wp-block-column\">\n<div class=\"wp-block-image\"><figure class=\"aligncenter size-large is-resized\"><a href=\"http:\/\/www.uad.ro\/\" target=\"_blank\" rel=\"noopener noreferrer\"><img loading=\"lazy\" src=\"https:\/\/intride.eu\/wp-content\/uploads\/2020\/07\/CLUJ-black.png\" alt=\"\" class=\"wp-image-988\" width=\"403\" height=\"174\" srcset=\"https:\/\/intride.eu\/wp-content\/uploads\/2020\/07\/CLUJ-black.png 675w, https:\/\/intride.eu\/wp-content\/uploads\/2020\/07\/CLUJ-black-300x130.png 300w\" sizes=\"(max-width: 403px) 100vw, 403px\" \/><\/a><\/figure><\/div>\n<\/div>\n\n\n\n<div class=\"wp-block-column\">\n<p>Jedna z najbardziej dynamicznych rumu\u0144skich instytucji w dziedzinie projektowania, <strong><a href=\"http:\/\/www.uad.ro\" target=\"_blank\" rel=\"noreferrer noopener\">University of Art and Design w Cluj-Napoca<\/a><\/strong> oferuje swoim studentom i profesorom mo\u017cliwo\u015bci artystycznej manifestacji i tworzenia, zapewniaj\u0105c przestrze\u0144 wystawiennicz\u0105 i robocz\u0105. Dzi\u0119ki partnerstwom wewn\u0119trznym i mi\u0119dzynarodowym z muzeami, galeriami, akademiami, szko\u0142ami artystycznymi, uczelniami artystycznymi i instytutami, przedstawiciele Uczelni maj\u0105 szans\u0119 wej\u015b\u0107 w bezpo\u015bredni kontakt z tendencjami i kierunkami wsp\u00f3\u0142czesnej sztuki wsp\u00f3\u0142czesnej, ale mog\u0105 te\u017c pozostawi\u0107 sw\u00f3j osobisty \u015blad tw\u00f3rczo\u015bci transylwa\u0144skiej lub rumu\u0144sk\u0105 autentyczno\u015b\u0107.<\/p>\n\n\n\n<p>Podstawow\u0105 misj\u0105 UAD jest zapewnienie edukacji na najwy\u017cszym poziomie tym, kt\u00f3rzy chc\u0105 pod\u0105\u017ca\u0107 za karier\u0105 w dziedzinie sztuk wizualnych (sztuki plastyczne, sztuki dekoracyjne i wzornictwo) oraz przyczynia\u0107 si\u0119, poprzez tw\u00f3rczo\u015b\u0107 artystyczn\u0105 i badania, do rozwoju spo\u0142ecze\u0144stwa. zaspokajaj\u0105c potrzeby spo\u0142eczno\u015bci, przewiduj\u0105c je i wp\u0142ywaj\u0105c na nie. Tradycja, kreatywno\u015b\u0107 i innowacyjno\u015b\u0107 to kluczowe poj\u0119cia naszej filozofii, pozycjonuj\u0105ce nasz\u0105 dzia\u0142alno\u015b\u0107 tw\u00f3rcz\u0105 i badawcz\u0105 w kierunku badania dziedzictwa narodowego i powszechnego, obserwacji wsp\u00f3\u0142czesnej kultury (wizualnej) oraz w kierunku badania najnowszych teorii i technologii naukowych. Wszystko to skutkuje nowymi formami tw\u00f3rczo\u015bci i praktykami artystycznymi prowadz\u0105cymi do poprawy (post) industrialnego otoczenia spo\u0142eczno-gospodarczego.&nbsp;&nbsp;<\/p>\n\n\n\n<p><strong>Struktury akademickie<\/strong><\/p>\n\n\n\n<p>Istniej\u0105 dwa wydzia\u0142y: Wydzia\u0142 Sztuk Pi\u0119knych oraz Wydzia\u0142 Sztuk Zdobniczych i Wzornictwa, nast\u0119pnie Szko\u0142a Doktorska (w zakresie sztuk plastycznych) i Katedra Doskonalenia Nauczycieli.<\/p>\n\n\n\n<p><strong><a href=\"http:\/\/www.uad.ro\/\" target=\"_blank\" rel=\"noreferrer noopener\">www.uad.ro<\/a><\/strong><\/p>\n<\/div>\n<\/div>\n\n\n\n<p><\/p>","protected":false},"excerpt":{"rendered":"<p>One of the most dynamic Romanian institutions in the field, the University of Art and Design in Cluj-Napoca offers its students and professors an exceptional opening and opportunities of artistic manifestation and creation by providing exhibition and work spaces and also by the internal and international partnerships signed with museums, galleries, academies, art schools, art [&hellip;]<\/p>","protected":false},"author":3,"featured_media":0,"parent":0,"menu_order":0,"comment_status":"closed","ping_status":"closed","template":"page-full-width.php","meta":[],"_links":{"self":[{"href":"https:\/\/intride.eu\/pl\/wp-json\/wp\/v2\/pages\/325"}],"collection":[{"href":"https:\/\/intride.eu\/pl\/wp-json\/wp\/v2\/pages"}],"about":[{"href":"https:\/\/intride.eu\/pl\/wp-json\/wp\/v2\/types\/page"}],"author":[{"embeddable":true,"href":"https:\/\/intride.eu\/pl\/wp-json\/wp\/v2\/users\/3"}],"replies":[{"embeddable":true,"href":"https:\/\/intride.eu\/pl\/wp-json\/wp\/v2\/comments?post=325"}],"version-history":[{"count":17,"href":"https:\/\/intride.eu\/pl\/wp-json\/wp\/v2\/pages\/325\/revisions"}],"predecessor-version":[{"id":1087,"href":"https:\/\/intride.eu\/pl\/wp-json\/wp\/v2\/pages\/325\/revisions\/1087"}],"wp:attachment":[{"href":"https:\/\/intride.eu\/pl\/wp-json\/wp\/v2\/media?parent=325"}],"curies":[{"name":"wp","href":"https:\/\/api.w.org\/{rel}","templated":true}]}}