{"id":332,"date":"2019-06-26T14:42:59","date_gmt":"2019-06-26T14:42:59","guid":{"rendered":"https:\/\/intride.eu\/?page_id=332"},"modified":"2020-09-22T09:21:30","modified_gmt":"2020-09-22T09:21:30","slug":"zc","status":"publish","type":"page","link":"https:\/\/intride.eu\/pl\/zc\/","title":{"rendered":""},"content":{"rendered":"<div class=\"wp-block-columns has-2-columns\">\n<div class=\"wp-block-column\">\n<div class=\"wp-block-image\"><figure class=\"aligncenter size-large is-resized\"><a href=\"http:\/\/www.zamekcieszyn.pl\/\" target=\"_blank\" rel=\"noopener noreferrer\"><img loading=\"lazy\" src=\"https:\/\/intride.eu\/wp-content\/uploads\/2020\/07\/ZC\u2013black.png\" alt=\"\" class=\"wp-image-1009\" width=\"324\" height=\"202\" srcset=\"https:\/\/intride.eu\/wp-content\/uploads\/2020\/07\/ZC\u2013black.png 431w, https:\/\/intride.eu\/wp-content\/uploads\/2020\/07\/ZC\u2013black-300x187.png 300w\" sizes=\"(max-width: 324px) 100vw, 324px\" \/><\/a><\/figure><\/div>\n<\/div>\n\n\n\n<div class=\"wp-block-column\">\n<p><strong><a href=\"http:\/\/www.zamekcieszyn.pl\" target=\"_blank\" rel=\"noreferrer noopener\">Zamek Cieszyn<\/a><\/strong> to pierwsze w Polsce regionalne centrum wzornictwa. Jest organem miejskim, kt\u00f3rego celem jest wykorzystanie potencja\u0142u projektant\u00f3w do stymulowania rozwoju w Polsce, zw\u0142aszcza na \u015al\u0105sku.\u00a0 <\/p>\n\n\n\n<p>G\u0142\u00f3wnym wyzwaniem dla organizacji jest promowanie wzornictwa jako narz\u0119dzia zwi\u0119kszania konkurencyjno\u015bci przedsi\u0119biorstw i organ\u00f3w publicznych. Naszym szczeg\u00f3lnym celem jest: wdra\u017canie my\u015blenia projektowego i projektowania us\u0142ug do sektora prywatnego i publicznego, wprowadzanie nowych produkt\u00f3w, promocja turystyki kulturowej i rzemios\u0142a.<\/p>\n\n\n\n<p>Prezentujemy i edukujemy m\u0142odych projektant\u00f3w, przedsi\u0119biorc\u00f3w, m\u0142odzie\u017c i turyst\u00f3w prezentuj\u0105cych nowoczesny design i architektur\u0119. Chronimy r\u00f3wnie\u017c tradycyjne rzemios\u0142o, jednocze\u015bnie promuj\u0105c jego niezwyk\u0142e nowe role. Zamek promuje ide\u0119 Design for All, kt\u00f3ra zak\u0142ada dba\u0142o\u015b\u0107 o fizyczne, spo\u0142eczne i kulturowe r\u00f3\u017cnice. Nasze r\u00f3\u017cnorodne cele realizujemy g\u0142\u00f3wnie poprzez szkolenia i promocj\u0119, wsp\u00f3\u0142prac\u0119 z o\u015brodkami naukowymi, biznesem, instytucjami otoczenia biznesu, organizacjami pozarz\u0105dowymi, samorz\u0105dami, w tym zagranicznymi. Zatrudniamy 22 osoby. Zamek Cieszyn by\u0142 zaanga\u017cowany w projekty mi\u0119dzynarodowe (m.in. See Sharing Experience Europe, Design Silesia, Human Cities, tak\u017ce projekty w ramach Mi\u0119dzynarodowego Funduszu Wyszehradzkiego), jest te\u017c siedzib\u0105 \u015al\u0105skiego Klastra Designu.<\/p>\n\n\n\n<p><strong><a href=\"http:\/\/www.zamekcieszyn.pl\/\" target=\"_blank\" rel=\"noreferrer noopener\">www.zamekcieszyn.pl<\/a><\/strong><\/p>\n\n\n\n<p><br><\/p>\n<\/div>\n<\/div>\n\n\n\n<p><\/p>","protected":false},"excerpt":{"rendered":"<p>Zamek Cieszyn (Cieszyn Castle) is a first Polish regional design center. It is a municipal body which aims are to harness the potential of designers to stimulate development in Poland, especially in Silesia region.\u00a0 The main challenge for the organization is to promote design as a tool for increasing the competitiveness of businesses and public [&hellip;]<\/p>","protected":false},"author":3,"featured_media":0,"parent":0,"menu_order":0,"comment_status":"closed","ping_status":"closed","template":"page-full-width.php","meta":[],"_links":{"self":[{"href":"https:\/\/intride.eu\/pl\/wp-json\/wp\/v2\/pages\/332"}],"collection":[{"href":"https:\/\/intride.eu\/pl\/wp-json\/wp\/v2\/pages"}],"about":[{"href":"https:\/\/intride.eu\/pl\/wp-json\/wp\/v2\/types\/page"}],"author":[{"embeddable":true,"href":"https:\/\/intride.eu\/pl\/wp-json\/wp\/v2\/users\/3"}],"replies":[{"embeddable":true,"href":"https:\/\/intride.eu\/pl\/wp-json\/wp\/v2\/comments?post=332"}],"version-history":[{"count":14,"href":"https:\/\/intride.eu\/pl\/wp-json\/wp\/v2\/pages\/332\/revisions"}],"predecessor-version":[{"id":1088,"href":"https:\/\/intride.eu\/pl\/wp-json\/wp\/v2\/pages\/332\/revisions\/1088"}],"wp:attachment":[{"href":"https:\/\/intride.eu\/pl\/wp-json\/wp\/v2\/media?parent=332"}],"curies":[{"name":"wp","href":"https:\/\/api.w.org\/{rel}","templated":true}]}}