{"id":51,"date":"2019-04-16T11:26:29","date_gmt":"2019-04-16T11:26:29","guid":{"rendered":"https:\/\/intride.eu\/?page_id=51"},"modified":"2021-12-22T15:17:40","modified_gmt":"2021-12-22T15:17:40","slug":"mesmerize","status":"publish","type":"page","link":"https:\/\/intride.eu\/pl\/","title":{"rendered":"INTRIDE \u2014 Kompetencje mi\u0119kkie, cyfrowe i ekologiczne dla inteligentnych projektant\u00f3w: projektanci jako innowacyjni tw\u00f3rcy dla M\u015aP w sektorze produkcyjnym"},"content":{"rendered":"<p><div style=\"text-align:center;\"><iframe loading=\"lazy\" width=\"750\" height=\"422\" src=\"https:\/\/www.youtube.com\/embed\/r98AlbFIJME\" title=\"YouTube video player\" frameborder=\"0\" allow=\"accelerometer; autoplay; clipboard-write; encrypted-media; gyroscope; picture-in-picture\" allowfullscreen><\/iframe><\/div><\/p>\n\n\n\n<p class=\" translation-block\">W <strong>INTRIDE <\/strong>prowadzimy tworzenie silnych powi\u0105za\u0144 i ci\u0105g\u0142ej interakcji pomi\u0119dzy <strong>HEI (Higher Education Institutions)<\/strong>, <strong>przemys\u0142em <\/strong>i <strong>po\u015brednikami <\/strong>poprzez rozw\u00f3j <strong>wsp\u00f3lnego programu <\/strong>nauczania dla <strong>projektant\u00f3w <\/strong> z <strong>mi\u0119kkimi, cyfrowymi i zielonymi umiej\u0119tno\u015bciami <\/strong>, kt\u00f3re s\u0105 postrzegane jako wyzwalacz innowacji w aktywowaniu proces\u00f3w innowacyjnych i zarz\u0105dzaniu ekosystemem wsp\u00f3\u0142pracy.<\/p>\n\n\n\n<p>Czas realizacji projektu: 01\/01\/2020\u201331\/12\/2022<\/p>\n\n\n\n<hr class=\"wp-block-separator\"\/>\n\n\n\n<p><\/p>\n\n\n\n<h4 class=\"has-text-align-left\"><strong>NASZ TR\u00d3JK\u0104T WIEDZY<\/strong><\/h4>\n\n\n\n<figure class=\"wp-block-image size-large\"><img loading=\"lazy\" width=\"1024\" height=\"608\" src=\"https:\/\/intride.eu\/wp-content\/uploads\/2020\/09\/Our-Knowledge-triangle-PL.png\" alt=\"\" class=\"wp-image-935\" srcset=\"https:\/\/intride.eu\/wp-content\/uploads\/2020\/09\/Our-Knowledge-triangle-PL.png 1104w, https:\/\/intride.eu\/wp-content\/uploads\/2020\/09\/Our-Knowledge-triangle-PL-300x178.png 300w, https:\/\/intride.eu\/wp-content\/uploads\/2020\/09\/Our-Knowledge-triangle-PL-1024x608.png 1024w, https:\/\/intride.eu\/wp-content\/uploads\/2020\/09\/Our-Knowledge-triangle-PL-768x456.png 768w, https:\/\/intride.eu\/wp-content\/uploads\/2020\/09\/Our-Knowledge-triangle-PL-732x435.png 732w\" sizes=\"(max-width: 1024px) 100vw, 1024px\" \/><\/figure>\n\n\n\n<p><\/p>","protected":false},"excerpt":{"rendered":"<p>In INTRIDE we are leading the creation of a strong link and continuous interaction among HEIs (Higher Education Institutions), industry and intermediaries by developing a joint curriculum of the designer with soft, digital and green skills conceived as innovation trigger in activating innovation processes and managing the collaboration ecosystem. Implementation period: 01\/01\/2020 \u2013 31\/12\/2022 OUR [&hellip;]<\/p>","protected":false},"author":1,"featured_media":0,"parent":0,"menu_order":0,"comment_status":"closed","ping_status":"closed","template":"page-full-width.php","meta":[],"_links":{"self":[{"href":"https:\/\/intride.eu\/pl\/wp-json\/wp\/v2\/pages\/51"}],"collection":[{"href":"https:\/\/intride.eu\/pl\/wp-json\/wp\/v2\/pages"}],"about":[{"href":"https:\/\/intride.eu\/pl\/wp-json\/wp\/v2\/types\/page"}],"author":[{"embeddable":true,"href":"https:\/\/intride.eu\/pl\/wp-json\/wp\/v2\/users\/1"}],"replies":[{"embeddable":true,"href":"https:\/\/intride.eu\/pl\/wp-json\/wp\/v2\/comments?post=51"}],"version-history":[{"count":86,"href":"https:\/\/intride.eu\/pl\/wp-json\/wp\/v2\/pages\/51\/revisions"}],"predecessor-version":[{"id":1658,"href":"https:\/\/intride.eu\/pl\/wp-json\/wp\/v2\/pages\/51\/revisions\/1658"}],"wp:attachment":[{"href":"https:\/\/intride.eu\/pl\/wp-json\/wp\/v2\/media?parent=51"}],"curies":[{"name":"wp","href":"https:\/\/api.w.org\/{rel}","templated":true}]}}