{"id":618,"date":"2019-07-26T06:49:26","date_gmt":"2019-07-26T06:49:26","guid":{"rendered":"https:\/\/intride.eu\/?page_id=618"},"modified":"2020-10-13T11:48:10","modified_gmt":"2020-10-13T11:48:10","slug":"subscibe-to-our-newsletter","status":"publish","type":"page","link":"https:\/\/intride.eu\/pl\/subscibe-to-our-newsletter\/","title":{"rendered":"Subscibe to our newsletter"},"content":{"rendered":"<div role=\"form\" class=\"wpcf7\" id=\"wpcf7-f593-o1\" lang=\"es-ES\" dir=\"ltr\">\n<div class=\"screen-reader-response\"><p role=\"status\" aria-live=\"polite\" aria-atomic=\"true\"><\/p> <ul><\/ul><\/div>\n<form action=\"\/pl\/wp-json\/wp\/v2\/pages\/618#wpcf7-f593-o1\" method=\"post\" class=\"wpcf7-form init\" novalidate=\"novalidate\" data-status=\"init\" data-trp-original-action=\"\/pl\/wp-json\/wp\/v2\/pages\/618#wpcf7-f593-o1\">\n<div style=\"display: none;\">\n<input type=\"hidden\" name=\"_wpcf7\" value=\"593\" \/>\n<input type=\"hidden\" name=\"_wpcf7_version\" value=\"5.4\" \/>\n<input type=\"hidden\" name=\"_wpcf7_locale\" value=\"es_ES\" \/>\n<input type=\"hidden\" name=\"_wpcf7_unit_tag\" value=\"wpcf7-f593-o1\" \/>\n<input type=\"hidden\" name=\"_wpcf7_container_post\" value=\"0\" \/>\n<input type=\"hidden\" name=\"_wpcf7_posted_data_hash\" value=\"\" \/>\n<input type=\"hidden\" name=\"_wpcf7_recaptcha_response\" value=\"\" \/>\n<\/div>\n<p><label> Imi\u0119 (wymagane)<br \/>\n    <span class=\"wpcf7-form-control-wrap your-name\"><input type=\"text\" name=\"your-name\" value=\"\" size=\"40\" class=\"wpcf7-form-control wpcf7-text wpcf7-validates-as-required\" aria-required=\"true\" aria-invalid=\"false\" \/><\/span> <\/label><br \/>\n<label> Nazwisko (wymagane)<br \/>\n    <span class=\"wpcf7-form-control-wrap last-name\"><input type=\"text\" name=\"last-name\" value=\"\" size=\"40\" class=\"wpcf7-form-control wpcf7-text wpcf7-validates-as-required\" aria-required=\"true\" aria-invalid=\"false\" \/><\/span> <\/label><br \/>\n<label> E-mail (wymagane)<br \/>\n    <span class=\"wpcf7-form-control-wrap your-email\"><input type=\"email\" name=\"your-email\" value=\"\" size=\"40\" class=\"wpcf7-form-control wpcf7-text wpcf7-email wpcf7-validates-as-required wpcf7-validates-as-email\" aria-required=\"true\" aria-invalid=\"false\" \/><\/span> <\/label><br \/>\n<label> Kraj (wymagane)<br \/>\n    <span class=\"wpcf7-form-control-wrap country\"><input type=\"text\" name=\"country\" value=\"\" size=\"40\" class=\"wpcf7-form-control wpcf7-text wpcf7-validates-as-required\" aria-required=\"true\" aria-invalid=\"false\" \/><\/span> <\/label><\/p>\n<p><label> Wybierz \u017c\u0105dany j\u0119zyk (wymagane)<br \/>\n<span class=\"wpcf7-form-control-wrap menu-588\"><select name=\"menu-588\" class=\"wpcf7-form-control wpcf7-select wpcf7-validates-as-required\" aria-required=\"true\" aria-invalid=\"false\"><option value=\"English\">J\u0119zyk angielski<\/option><option value=\"Spanish\">Hiszpa\u0144ski<\/option><option value=\"Romanian\">Rumu\u0144ski<\/option><option value=\"Polish\">Polskie<\/option><option value=\"Italian\">W\u0142oski<\/option><\/select><\/span><\/label><br \/>\n<span class=\"wpcf7-form-control-wrap acceptance-325\"><span class=\"wpcf7-form-control wpcf7-acceptance\"><span class=\"wpcf7-list-item\"><input type=\"checkbox\" name=\"acceptance-325\" value=\"1\" aria-invalid=\"false\" \/><\/span><\/span><\/span> Akceptuj\u0119 <a href=\"https:\/\/cenfim.org\/en\/privacy-policy\" target=\"new\"> polityk\u0119 prywatno\u015bci<\/a><\/p>\n<p><input type=\"submit\" value=\"Subskrybuj\" class=\"wpcf7-form-control wpcf7-submit\" \/><\/p>\n<hr>\n<div class=\"wpcf7-response-output\" aria-hidden=\"true\"><\/div><input type=\"hidden\" name=\"trp-form-language\" value=\"pl\"\/><\/form><\/div>\n\n\n\n<p><\/p>","protected":false},"excerpt":{"rendered":"","protected":false},"author":3,"featured_media":0,"parent":0,"menu_order":0,"comment_status":"closed","ping_status":"closed","template":"page-full-width.php","meta":[],"_links":{"self":[{"href":"https:\/\/intride.eu\/pl\/wp-json\/wp\/v2\/pages\/618"}],"collection":[{"href":"https:\/\/intride.eu\/pl\/wp-json\/wp\/v2\/pages"}],"about":[{"href":"https:\/\/intride.eu\/pl\/wp-json\/wp\/v2\/types\/page"}],"author":[{"embeddable":true,"href":"https:\/\/intride.eu\/pl\/wp-json\/wp\/v2\/users\/3"}],"replies":[{"embeddable":true,"href":"https:\/\/intride.eu\/pl\/wp-json\/wp\/v2\/comments?post=618"}],"version-history":[{"count":6,"href":"https:\/\/intride.eu\/pl\/wp-json\/wp\/v2\/pages\/618\/revisions"}],"predecessor-version":[{"id":1153,"href":"https:\/\/intride.eu\/pl\/wp-json\/wp\/v2\/pages\/618\/revisions\/1153"}],"wp:attachment":[{"href":"https:\/\/intride.eu\/pl\/wp-json\/wp\/v2\/media?parent=618"}],"curies":[{"name":"wp","href":"https:\/\/api.w.org\/{rel}","templated":true}]}}