{"id":234,"date":"2019-06-17T11:27:30","date_gmt":"2019-06-17T11:27:30","guid":{"rendered":"https:\/\/intride.eu\/?page_id=234"},"modified":"2020-09-22T09:18:09","modified_gmt":"2020-09-22T09:18:09","slug":"leitat","status":"publish","type":"page","link":"https:\/\/intride.eu\/ro\/leitat\/","title":{"rendered":""},"content":{"rendered":"<div class=\"wp-block-columns has-2-columns\">\n<div class=\"wp-block-column\">\n<div class=\"wp-block-image\"><figure class=\"aligncenter size-large is-resized\"><a href=\"https:\/\/www.leitat.org\/castellano\/\" target=\"_blank\" rel=\"noopener noreferrer\"><img loading=\"lazy\" src=\"https:\/\/intride.eu\/wp-content\/uploads\/2020\/07\/LEITAT\u2013color-1024x355.png\" alt=\"\" class=\"wp-image-984\" width=\"378\" height=\"130\" srcset=\"https:\/\/intride.eu\/wp-content\/uploads\/2020\/07\/LEITAT\u2013color-1024x355.png 1024w, https:\/\/intride.eu\/wp-content\/uploads\/2020\/07\/LEITAT\u2013color-300x104.png 300w, https:\/\/intride.eu\/wp-content\/uploads\/2020\/07\/LEITAT\u2013color-768x266.png 768w, https:\/\/intride.eu\/wp-content\/uploads\/2020\/07\/LEITAT\u2013color-732x254.png 732w, https:\/\/intride.eu\/wp-content\/uploads\/2020\/07\/LEITAT\u2013color-1140x395.png 1140w, https:\/\/intride.eu\/wp-content\/uploads\/2020\/07\/LEITAT\u2013color.png 1530w\" sizes=\"(max-width: 378px) 100vw, 378px\" \/><\/a><\/figure><\/div>\n<\/div>\n\n\n\n<div class=\"wp-block-column\">\n<p><strong><a href=\"http:\/\/www.leitat.org\" target=\"_blank\" rel=\"noreferrer noopener\">Leitat<\/a> <\/strong>este un institut tehnic privat cu peste 110 ani de experien\u021b\u0103 \u00een procesele de inovare industrial\u0103. Transform\u0103m rezultatele tehnologice \u0219i \u0219tiin\u021bifice \u00een valoare economic\u0103 \u0219i competitiv\u0103 pentru clien\u021bii no\u0219tri \u0219i entit\u0103\u021bile colaboratoare. Peste 1500 de clien\u021bi beneficiaz\u0103 de talentul, creativitatea \u0219i puternicul nostru angajament. Aducem cuno\u0219tin\u021be \u0219i inova\u021bie clien\u021bilor no\u0219tri prin cercet\u0103ri aplicate \u0219i teste tehnice \u00een domeniile chimiei, energiei, mediului, materialelor, ingineriei \u0219i \u0219tiin\u021belor vie\u021bii. Ne baz\u0103m pe cei 330 de membri ai echipei cu \u00eenalt\u0103 calificare care ofer\u0103 solu\u021bii flexibile pentru a face fa\u021b\u0103 oric\u0103rei provoc\u0103ri industriale.<\/p>\n\n\n\n<p><strong><a href=\"https:\/\/www.leitat.org\/castellano\/\" target=\"_blank\" rel=\"noreferrer noopener\">www.leitat.org<\/a><\/strong><\/p>\n<\/div>\n<\/div>","protected":false},"excerpt":{"rendered":"<p>Leitat is a private technical institute with more than 110 years of experience in industrial innovation processes. We transform technological and scientific results into economic and competitive value for our clients and collaborating entities. Over 1500 customers benefit from our talent,\u00a0creativity and strong commitment. We bring knowledge and innovation to our customers through applied research [&hellip;]<\/p>","protected":false},"author":3,"featured_media":0,"parent":0,"menu_order":0,"comment_status":"closed","ping_status":"closed","template":"page-full-width.php","meta":[],"_links":{"self":[{"href":"https:\/\/intride.eu\/ro\/wp-json\/wp\/v2\/pages\/234"}],"collection":[{"href":"https:\/\/intride.eu\/ro\/wp-json\/wp\/v2\/pages"}],"about":[{"href":"https:\/\/intride.eu\/ro\/wp-json\/wp\/v2\/types\/page"}],"author":[{"embeddable":true,"href":"https:\/\/intride.eu\/ro\/wp-json\/wp\/v2\/users\/3"}],"replies":[{"embeddable":true,"href":"https:\/\/intride.eu\/ro\/wp-json\/wp\/v2\/comments?post=234"}],"version-history":[{"count":14,"href":"https:\/\/intride.eu\/ro\/wp-json\/wp\/v2\/pages\/234\/revisions"}],"predecessor-version":[{"id":1086,"href":"https:\/\/intride.eu\/ro\/wp-json\/wp\/v2\/pages\/234\/revisions\/1086"}],"wp:attachment":[{"href":"https:\/\/intride.eu\/ro\/wp-json\/wp\/v2\/media?parent=234"}],"curies":[{"name":"wp","href":"https:\/\/api.w.org\/{rel}","templated":true}]}}