{"id":237,"date":"2019-06-17T13:18:31","date_gmt":"2019-06-17T13:18:31","guid":{"rendered":"https:\/\/intride.eu\/?page_id=237"},"modified":"2020-11-05T08:42:03","modified_gmt":"2020-11-05T08:42:03","slug":"tfc","status":"publish","type":"page","link":"https:\/\/intride.eu\/ro\/tfc\/","title":{"rendered":""},"content":{"rendered":"<div class=\"wp-block-columns has-2-columns\">\n<div class=\"wp-block-column\">\n<div class=\"wp-block-image\"><figure class=\"aligncenter size-large is-resized\"><a href=\"https:\/\/www.mobiliertransilvan.ro\/\" target=\"_blank\" rel=\"noopener noreferrer\"><img loading=\"lazy\" src=\"https:\/\/intride.eu\/wp-content\/uploads\/2020\/07\/CMT\u2013color.png\" alt=\"\" class=\"wp-image-997\" width=\"287\" height=\"253\" srcset=\"https:\/\/intride.eu\/wp-content\/uploads\/2020\/07\/CMT\u2013color.png 335w, https:\/\/intride.eu\/wp-content\/uploads\/2020\/07\/CMT\u2013color-300x265.png 300w\" sizes=\"(max-width: 287px) 100vw, 287px\" \/><\/a><\/figure><\/div>\n<\/div>\n\n\n\n<div class=\"wp-block-column\">\n<p class=\" translation-block\"><strong>Clusterul Mobilier Transilvanian<\/strong> a fost \u00eenfiin\u021bat \u00een 2012 ca asociere de tip juridic \u0219i activitatea sa principal\u0103 se afl\u0103 \u00een sectorul produc\u021biei de mobil\u0103.<\/p>\n\n\n\n<p>Clusterul reprezint\u0103 86 de membri \u0219i este o platform\u0103 de cooperare \u0219i re\u021bea a produc\u0103torilor de mobil\u0103, reprezentare a intereselor, institu\u021bii de \u00eenv\u0103\u021b\u0103m\u00e2nt \u0219i cercetare \u0219i administra\u021bie public\u0103.&nbsp;<\/p>\n\n\n\n<p>Membrii clusterului sunt 63 de companii, 11 institu\u021bii de cercetare \u0219i educa\u021bie, 8 agenti catalizatori \u0219i 2 institu\u021bii publice. \u00cen 2018, veniturile au fost de aproximativ 10 milioane de euro, cu peste 4 mii de angaja\u021bi.<\/p>\n\n\n\n<p>Principalul obiectiv al clusterului este cre\u0219terea competitivit\u0103\u021bii economice, at\u00e2t pe pie\u021bele interne, c\u00e2t \u0219i pe pie\u021bele externe, pe baza calit\u0103\u021bii, inov\u0103rii \u0219i dezvolt\u0103rii durabile.&nbsp;<\/p>\n\n\n\n<p>O parte esen\u021bial\u0103 a acestui angajament este consolidarea cooper\u0103rii \u00eentre companiile produc\u0103toare \u0219i organismele de cercetare \u0219i dezvoltare. Prin parteneriate active \u00een cadrul clusterului, companiile primesc informa\u021bii timpurii despre evolu\u021biile \u0219i tendin\u021bele viitoare care urmeaz\u0103 s\u0103 modeleze situa\u021bia concuren\u021bial\u0103 \u0219i care, astfel, \u00ee\u0219i pot spori competitivitatea sub form\u0103 de cooperare.<\/p>\n\n\n\n<p>Serviciile pe care clusterele le ofer\u0103 membrilor includ:<\/p>\n\n\n\n<ul><li>Matchmaking de afaceri, dezvoltare de parteneriate, dezvoltare de proiecte \u0219i \/ sau rela\u021bii de afaceri, precum \u0219i acces la programele cluster: Poarta pentru export, Centrul de achizi\u021bii, Learn2Do \u0219i accesul la date statistice complexe din industria mobilei;<\/li><li>Utilizarea \u00een comun a infrastructurii CDI a clusterului: Laborator de acoperiri func\u021bionale - proiectarea re\u021betelor de culoare; m\u0103surarea grosimii vopselei; m\u0103surarea umidit\u0103\u021bii lemnului;<\/li><li>Implicarea \u00een ac\u021biuni de cercetare-dezvoltare-inovare, concentr\u00e2ndu-se pe proiecte de dezvoltare de produse \u0219i \/ sau servicii;<\/li><li>Servicii de interna\u021bionalizare: organizarea de misiuni economice, participarea la t\u00e2rguri \u0219i evenimente de matchmaking;<\/li><li>Participarea la programe \u0219i instruiri organizate de cluster;<\/li><li>Filial\u0103 pentru inova\u021bie: proiectarea produselor; dezvoltarea de materiale \u0219i solu\u021bii constructive; dezvoltarea prototipului produsului; optimizarea fluxului de produc\u021bie.<\/li><\/ul>\n\n\n\n<p>Clusterul Mobilier Transilvanian este membru fondator al Consor\u021biului de Clustere din Transilvania de Nord, care organizeaz\u0103 anual Conferin\u021ba Interna\u021bional\u0103 a Clusterelor din Transilvania, cu scopul de a sprijini mediul economic \u0219i de a facilita schimbul interna\u021bional de cuno\u0219tin\u021be \u0219i bune practici. furnizarea unei platforme de colaborare intersectorial\u0103 pentru abordarea provoc\u0103rilor globale.<\/p>\n\n\n\n<p><strong><a href=\"https:\/\/www.mobiliertransilvan.ro\/\" target=\"_blank\" rel=\"noreferrer noopener\">www.mobiliertransilvan.ro<\/a><br><a href=\"http:\/\/www.transylvanianfurniture.com\/\" target=\"_blank\" rel=\"noreferrer noopener\">www.transylvanianfurniture.com<\/a><\/strong><\/p>\n\n\n\n<p><\/p>\n<\/div>\n<\/div>","protected":false},"excerpt":{"rendered":"<p>The Transylvanian Furniture Cluster was established in 2012 as a legal entity association type and its main activity resides in the furniture manufacturing sector.&nbsp; The Cluster represents 86 members and it\u2019s a platform for cooperation and networking of furniture manufacturers, representation of interests, educational and research institutions, and public administration.&nbsp; The membership of the cluster [&hellip;]<\/p>","protected":false},"author":3,"featured_media":0,"parent":0,"menu_order":0,"comment_status":"closed","ping_status":"closed","template":"page-full-width.php","meta":[],"_links":{"self":[{"href":"https:\/\/intride.eu\/ro\/wp-json\/wp\/v2\/pages\/237"}],"collection":[{"href":"https:\/\/intride.eu\/ro\/wp-json\/wp\/v2\/pages"}],"about":[{"href":"https:\/\/intride.eu\/ro\/wp-json\/wp\/v2\/types\/page"}],"author":[{"embeddable":true,"href":"https:\/\/intride.eu\/ro\/wp-json\/wp\/v2\/users\/3"}],"replies":[{"embeddable":true,"href":"https:\/\/intride.eu\/ro\/wp-json\/wp\/v2\/comments?post=237"}],"version-history":[{"count":15,"href":"https:\/\/intride.eu\/ro\/wp-json\/wp\/v2\/pages\/237\/revisions"}],"predecessor-version":[{"id":1174,"href":"https:\/\/intride.eu\/ro\/wp-json\/wp\/v2\/pages\/237\/revisions\/1174"}],"wp:attachment":[{"href":"https:\/\/intride.eu\/ro\/wp-json\/wp\/v2\/media?parent=237"}],"curies":[{"name":"wp","href":"https:\/\/api.w.org\/{rel}","templated":true}]}}