{"id":239,"date":"2019-06-17T13:17:09","date_gmt":"2019-06-17T13:17:09","guid":{"rendered":"https:\/\/intride.eu\/?page_id=239"},"modified":"2019-10-29T10:24:56","modified_gmt":"2019-10-29T10:24:56","slug":"transilvania-university-of-brasov","status":"publish","type":"page","link":"https:\/\/intride.eu\/ro\/transilvania-university-of-brasov\/","title":{"rendered":""},"content":{"rendered":"<div class=\"wp-block-columns has-2-columns\">\n<div class=\"wp-block-column\">\n<div class=\"wp-block-image\"><figure class=\"aligncenter\"><a href=\"https:\/\/www.unitbv.ro\/en\/\" target=\"_blank\" rel=\"noopener noreferrer\"><img loading=\"lazy\" width=\"310\" height=\"131\" src=\"https:\/\/intride.eu\/wp-content\/uploads\/2019\/08\/TUB.png\" alt=\"\" class=\"wp-image-640\" srcset=\"https:\/\/intride.eu\/wp-content\/uploads\/2019\/08\/TUB.png 310w, https:\/\/intride.eu\/wp-content\/uploads\/2019\/08\/TUB-300x127.png 300w\" sizes=\"(max-width: 310px) 100vw, 310px\" \/><\/a><\/figure><\/div>\n<\/div>\n\n\n\n<div class=\"wp-block-column\">\n<p class=\" translation-block\">\u00cen cei 70 de ani de existen\u021b\u0103, Universitatea Transilvania din Bra\u0219ov, <strong><a href=\"https:\/\/www.unitbv.ro\/\" target=\"_blank\" rel=\"noreferrer noopener\" aria-label=\"Transilvania University of Bra\u0219ov (abre en una nueva pesta\u00f1a)\">Transilvania University of Bra\u0219ov<\/a><\/strong> s-a dezvoltat \u00eentr-o institu\u021bie cu adev\u0103rat prestigioas\u0103 at\u00e2t la nivel na\u021bional, c\u00e2t \u0219i la nivel interna\u021bional. Este o institu\u021bie de \u00eenv\u0103\u021b\u0103m\u00e2nt superior de stat acreditat\u0103, c\u0103reia i s-a acordat \u201eGrad \u00eenalt de \u00eencredere\u201d de c\u0103tre Agen\u021bia Rom\u00e2n\u0103 pentru Asigurarea Calit\u0103\u021bii \u00een \u00cenv\u0103\u021b\u0103m\u00e2ntul Superior \u0219i este evaluat\u0103 la nivel interna\u021bional de Asocia\u021bia Universit\u0103\u021bilor Europene (EUA-IEP). <strong>Universitatea Transilvania din Bra\u0219ov<\/strong> are acum 18 facult\u0103\u021bi, oferind diplome de licen\u021b\u0103 (pentru peste 100 de programe), master (peste 60 de programe) \u0219i studii doctorale (18 domenii) pentru aproximativ 20000 de studen\u021bi. Aceasta \u00eendepline\u0219te cerin\u021bele Spa\u021biului european pentru \u00eenv\u0103\u021b\u0103m\u00e2nt superior \u0219i cercetare, a\u0219a cum sunt definite de Declara\u021biile de la Bologna, Copenhaga \u0219i Lisabona \u0219i promovate de Strategia na\u021bional\u0103 pentru \u00eenv\u0103\u021b\u0103m\u00e2ntul superior din Rom\u00e2nia.<\/p>\n\n\n\n<p class=\" translation-block\">\u00cen cadrul universit\u0103\u021bii, sunt implementate proiecte de cercetare \u0219i educa\u021bie \u0219tiin\u021bific\u0103, grant-uri \u0219i contracte, finan\u021bate din surse publice sau private na\u021bionale \u0219i interna\u021bionale. Finan\u021barea pentru proiecte \u0219i grant-uri se ob\u021bine at\u00e2t prin participarea la competi\u021bii na\u021bionale (desf\u0103\u0219urate \u00een principal \u00een cadrul Planului Na\u021bional de Cercetare, Dezvoltare \u0219i Inovare PNCDI), c\u00e2t \u0219i prin participarea la competi\u021bii interna\u021bionale (\u00een principal \u00een cadrul programelor Orizont 2020 \u0219i Erasmus Plus). Cercet\u0103ri avansate, care se concentreaz\u0103 pe subiecte majore ale dezvolt\u0103rii durabile, sunt realizate la <strong>Universitatea Transilvania<\/strong> \u00een Institutul s\u0103u de Cercetare \u0219i Dezvoltare pentru Produse de \u00cenalt\u0103 Tehnologie pentru Dezvoltare Durabil\u0103, care ofer\u0103 infrastructur\u0103 performant\u0103 \u00een 12 laboratoare specializate, disponibile pentru cele 28 de departamente de cercetare din universitate, precum \u0219i pentru cooperarea cu unit\u0103\u021bile de cercetare na\u021bionale \u0219i europene \u0219i diviziunile de cercetare ale diverselor companii.<\/p>\n\n\n\n<p class=\" translation-block\"><strong>Facultatea de Ingineria Lemnului<\/strong>, apar\u021bine <strong>Universit\u0103\u021bii Transilvania<\/strong> \u0219i este singura facultate de \u0219tiin\u021b\u0103 \u0219i tehnologie a lemnului din Rom\u00e2nia. Av\u00e2nd 60 de ani de tradi\u021bie, facultatea a preg\u0103tit peste 6500 de absolven\u021bi, oferind programe de studii la toate nivelurile de \u00eenv\u0103\u021b\u0103m\u00e2nt superior.<\/p>\n\n\n\n<p class=\" translation-block\">Mobilierul este un subiect prezent \u00een toate programele. <strong>Ingineria \u0219i designul produselor finite din lemn <\/strong> (licen\u021b\u0103) preg\u0103te\u015fte ingineri \u0219i speciali\u0219ti pentru proiectarea tehnic\u0103 \u0219i tehnologic\u0103 a mobilierului. <strong>Ingineria prelucr\u0103rii lemnului<\/strong> (licen\u021b\u0103) ofer\u0103 cuno\u0219tin\u021bele necesare activit\u0103\u021bilor din sectoarele de produc\u021bie \u0219i de proiectare \u00een industria de prelucrare a lemnului. Programul <strong>Eco-design de mobilier \u0219i restaurare<\/strong> (master) extinde cuno\u0219tin\u021bele legate de mobilier c\u0103tre cele mai avansate tendin\u021be \u00een materie de design, materiale \u0219i tehnologie. Programul <strong>tructuri avansate din lemn \u0219i tehnologii inovative<\/strong> (master) ofer\u0103 educa\u021bie avansat\u0103 \u00een domeniul materialelor noi pe baz\u0103 de lemn, structuri din lemn, tehnologii inovative \u0219i management tehnologic \u00een sectorul lemnului. Aceste studii pot fi aprofundate \u00een cadrul programelor de doctorat \u00een inginerie forestier\u0103 \u0219i inginerie industrial\u0103.<\/p>\n\n\n\n<p>Facultatea de Ingineria Lemnului men\u021bine leg\u0103turi str\u00e2nse cu sectorul mobilierului \u0219i preg\u0103te\u015fte speciali\u0219ti pentru un sector industrial puternic, cu peste 9000 de \u00eentreprinderi \u0219i 100.000 de angaja\u021bi \u015fi cu o cifr\u0103 de afaceri de peste 3500 de milioane de euro. <\/p>\n<\/div>\n<\/div>","protected":false},"excerpt":{"rendered":"<p>During its 70 years of existence, Transilvania University of Bra\u0219ov has developed into a truly prestigious institution both at a national and international level. It is an accredited state higher-education institution awarded with \u00abHigh Degree of Confidence\u00bb by the Romanian Agency for Quality Assurance in Higher Education and is internationally evaluated by the European University [&hellip;]<\/p>","protected":false},"author":3,"featured_media":0,"parent":0,"menu_order":0,"comment_status":"closed","ping_status":"closed","template":"page-full-width.php","meta":[],"_links":{"self":[{"href":"https:\/\/intride.eu\/ro\/wp-json\/wp\/v2\/pages\/239"}],"collection":[{"href":"https:\/\/intride.eu\/ro\/wp-json\/wp\/v2\/pages"}],"about":[{"href":"https:\/\/intride.eu\/ro\/wp-json\/wp\/v2\/types\/page"}],"author":[{"embeddable":true,"href":"https:\/\/intride.eu\/ro\/wp-json\/wp\/v2\/users\/3"}],"replies":[{"embeddable":true,"href":"https:\/\/intride.eu\/ro\/wp-json\/wp\/v2\/comments?post=239"}],"version-history":[{"count":11,"href":"https:\/\/intride.eu\/ro\/wp-json\/wp\/v2\/pages\/239\/revisions"}],"predecessor-version":[{"id":773,"href":"https:\/\/intride.eu\/ro\/wp-json\/wp\/v2\/pages\/239\/revisions\/773"}],"wp:attachment":[{"href":"https:\/\/intride.eu\/ro\/wp-json\/wp\/v2\/media?parent=239"}],"curies":[{"name":"wp","href":"https:\/\/api.w.org\/{rel}","templated":true}]}}