{"id":266,"date":"2019-06-17T13:50:56","date_gmt":"2019-06-17T13:50:56","guid":{"rendered":"https:\/\/intride.eu\/?page_id=266"},"modified":"2019-08-14T10:34:06","modified_gmt":"2019-08-14T10:34:06","slug":"metodo","status":"publish","type":"page","link":"https:\/\/intride.eu\/ro\/metodo\/","title":{"rendered":""},"content":{"rendered":"<div class=\"wp-block-columns has-2-columns\">\n<div class=\"wp-block-column\">\n<div class=\"wp-block-image\"><figure class=\"aligncenter\"><a href=\"http:\/\/www.metodogrupo.com\/es\" target=\"_blank\" rel=\"noopener noreferrer\"><img loading=\"lazy\" width=\"316\" height=\"149\" src=\"https:\/\/intride.eu\/wp-content\/uploads\/2019\/08\/METODO.png\" alt=\"\" class=\"wp-image-638\" srcset=\"https:\/\/intride.eu\/wp-content\/uploads\/2019\/08\/METODO.png 316w, https:\/\/intride.eu\/wp-content\/uploads\/2019\/08\/METODO-300x141.png 300w\" sizes=\"(max-width: 316px) 100vw, 316px\" \/><\/a><\/figure><\/div>\n<\/div>\n\n\n\n<div class=\"wp-block-column\">\n<p class=\" translation-block\"><strong><a rel=\"noreferrer noopener\" aria-label=\"M\u00e9todo  (abre en una nueva pesta\u00f1a)\" href=\"http:\/\/www.metodogrupo.com\/es\" target=\"_blank\">M\u00e9todo<\/a><\/strong> este un lider \u00een solu\u021bii innovative e-learning \u0219i consultan\u021b\u0103 pentru IMM-uri, pentru servicii avansate de formare profesional\u0103, cercetare \u00een domeniul muncii sociale, proiectare \u0219i implementare de proiecte. Avem birouri \u00een Spania \u0219i Rom\u00e2nia.<\/p>\n\n\n\n<p>Principalul nostru domeniu de expertiz\u0103 este instruirea pentru ocuparea for\u021bei de munc\u0103, \u00een special prin modul de \u00eenv\u0103\u021bare pe platforme electronice (e-learning), la care suntem pionieri \u0219i lideri pe pia\u021ba spaniol\u0103, de\u0219i oferim \u0219i alte moduri de instruire, cum ar fi metoda combinat\u0103 de \u00eenv\u0103\u021bare (blended learning) sau preg\u0103tirea tradi\u021bional\u0103 la clas\u0103.<\/p>\n\n\n\n<p>Am implementat mai mult de 30 de proiecte inovative UE, sub diferite programe precum ERASMUS +, Leonardo da Vinci, Interreg \u0219i cooperare transfrontalier\u0103 (Cross Border Cooperation), av\u00e2nd ca obiective principale: promovarea spiritului antreprenorial \u00een \u0219coli prin solu\u021bii IT&C inovative, educa\u021bie \u0219i formare deschis\u0103, dezvoltarea competen\u021belor profesionale, elaborarea competen\u021belor cheie pentru pia\u021ba muncii sau \u00eembun\u0103t\u0103\u021birea competen\u021belor antreprenoriale \u00een domeniul serviciilor sociale.<\/p>\n<\/div>\n<\/div>","protected":false},"excerpt":{"rendered":"<p>M\u00e9todo is a leading\u00a0e-learning innovative solutions and consultancy\u00a0SME for advanced services in\u00a0training, social labour research, design and implementation of projects. We have offices in Spain and Romania. Our main expertise area is training for employment, especially through e-learning mode, on which we are pioneers and leaders in Spanish market, although we also provide other training [&hellip;]<\/p>","protected":false},"author":3,"featured_media":0,"parent":0,"menu_order":0,"comment_status":"closed","ping_status":"closed","template":"page-full-width.php","meta":[],"_links":{"self":[{"href":"https:\/\/intride.eu\/ro\/wp-json\/wp\/v2\/pages\/266"}],"collection":[{"href":"https:\/\/intride.eu\/ro\/wp-json\/wp\/v2\/pages"}],"about":[{"href":"https:\/\/intride.eu\/ro\/wp-json\/wp\/v2\/types\/page"}],"author":[{"embeddable":true,"href":"https:\/\/intride.eu\/ro\/wp-json\/wp\/v2\/users\/3"}],"replies":[{"embeddable":true,"href":"https:\/\/intride.eu\/ro\/wp-json\/wp\/v2\/comments?post=266"}],"version-history":[{"count":8,"href":"https:\/\/intride.eu\/ro\/wp-json\/wp\/v2\/pages\/266\/revisions"}],"predecessor-version":[{"id":679,"href":"https:\/\/intride.eu\/ro\/wp-json\/wp\/v2\/pages\/266\/revisions\/679"}],"wp:attachment":[{"href":"https:\/\/intride.eu\/ro\/wp-json\/wp\/v2\/media?parent=266"}],"curies":[{"name":"wp","href":"https:\/\/api.w.org\/{rel}","templated":true}]}}