{"id":270,"date":"2019-06-17T13:53:42","date_gmt":"2019-06-17T13:53:42","guid":{"rendered":"https:\/\/intride.eu\/?page_id=270"},"modified":"2020-07-01T07:44:50","modified_gmt":"2020-07-01T07:44:50","slug":"elisava","status":"publish","type":"page","link":"https:\/\/intride.eu\/ro\/elisava\/","title":{"rendered":""},"content":{"rendered":"<div class=\"wp-block-columns has-2-columns\">\n<div class=\"wp-block-column\">\n<div class=\"wp-block-image\"><figure class=\"aligncenter size-large is-resized\"><a href=\"https:\/\/www.elisava.net\/es\" target=\"_blank\" rel=\"noopener noreferrer\"><img loading=\"lazy\" src=\"https:\/\/intride.eu\/wp-content\/uploads\/2020\/07\/ELISAVA\u2013black.png\" alt=\"\" class=\"wp-image-974\" width=\"349\" height=\"135\" srcset=\"https:\/\/intride.eu\/wp-content\/uploads\/2020\/07\/ELISAVA\u2013black.png 433w, https:\/\/intride.eu\/wp-content\/uploads\/2020\/07\/ELISAVA\u2013black-300x117.png 300w\" sizes=\"(max-width: 349px) 100vw, 349px\" \/><\/a><\/figure><\/div>\n<\/div>\n\n\n\n<div class=\"wp-block-column\">\n<p>La <a rel=\"noreferrer noopener\" href=\"http:\/\/www.elisava.net\/\" target=\"_blank\"><strong>Elisava, \u0218coala de Design \u0219i Inginerie din Barcelona<\/strong><\/a>, \u00een\u021belegem designul \u0219i ingineria ca instrumente pentru a schimba lumea prin creativitate, inova\u021bie \u0219i g\u00e2ndire critic\u0103.<\/p>\n\n\n\n<p>De aproape 60 de ani ne-am angajat s\u0103 p\u0103str\u0103m o conduit\u0103 deschis\u0103, flexibil\u0103 \u0219i multidisciplinar\u0103 a educa\u021biei \u0219i cercet\u0103rii orientate spre lumea profesional\u0103. Suntem afilia\u021bi la Universitatea Pompeu Fabra, una dintre cele mai prestigioase universit\u0103\u021bi din Barcelona \u0219i Europa.<\/p>\n\n\n\n<p>Am instruit peste 17.000 de studen\u021bi din 70 de \u021b\u0103ri pentru a-i ajuta s\u0103 abordeze \u0219i s\u0103 dep\u0103\u0219easc\u0103 provoc\u0103rile profesionale, \u021bin\u00e2nd cont, \u00een acela\u0219i timp, de aspectele sociale, de mediu \u0219i de gen.&nbsp;<\/p>\n\n\n\n<p>Prin urmare, \u00eencuraj\u0103m cercetarea multidisciplinar\u0103, puternic orientat\u0103 spre conectarea companiilor, institu\u021biilor, organiza\u021biilor non-profit \u0219i a universit\u0103\u021bilor din \u00eentreaga lume. Colabor\u0103m cu parteneri precum Clubul de fotbal Barcelona, Funda\u021bia \u200b\u200bel Bulli, Adidas, Vitra, Doctori f\u0103r\u0103 frontiere, SEAT, Danone \u0219i MUJI, printre altele.<\/p>\n\n\n\n<p>\u0218coala este situat\u0103 \u00een Barcelona, \u200b\u200bcapitala designului. Suntem noroco\u0219i s\u0103 fim \u00eentr-un ora\u0219 cosmopolit care ofer\u0103 excelente activit\u0103\u021bi culturale \u0219i de agrement. Barcelona tr\u0103ie\u0219te \u0219i inspir\u0103 design.&nbsp;<\/p>\n\n\n\n<p><strong><a href=\"https:\/\/www.elisava.net\/es\" target=\"_blank\" rel=\"noreferrer noopener\">www.elisava.net<\/a><\/strong><\/p>\n<\/div>\n<\/div>","protected":false},"excerpt":{"rendered":"<p>At Elisava, Barcelona School of Design and Engineering, we understand design and engineering as instruments to change the world through creativity, innovation and critical thinking. For almost 60 years we have been committed to an open, flexible and multidisciplinary line of education and research oriented towards the professional world. We are affiliated with the Universitat [&hellip;]<\/p>","protected":false},"author":3,"featured_media":0,"parent":0,"menu_order":0,"comment_status":"closed","ping_status":"closed","template":"page-full-width.php","meta":[],"_links":{"self":[{"href":"https:\/\/intride.eu\/ro\/wp-json\/wp\/v2\/pages\/270"}],"collection":[{"href":"https:\/\/intride.eu\/ro\/wp-json\/wp\/v2\/pages"}],"about":[{"href":"https:\/\/intride.eu\/ro\/wp-json\/wp\/v2\/types\/page"}],"author":[{"embeddable":true,"href":"https:\/\/intride.eu\/ro\/wp-json\/wp\/v2\/users\/3"}],"replies":[{"embeddable":true,"href":"https:\/\/intride.eu\/ro\/wp-json\/wp\/v2\/comments?post=270"}],"version-history":[{"count":14,"href":"https:\/\/intride.eu\/ro\/wp-json\/wp\/v2\/pages\/270\/revisions"}],"predecessor-version":[{"id":982,"href":"https:\/\/intride.eu\/ro\/wp-json\/wp\/v2\/pages\/270\/revisions\/982"}],"wp:attachment":[{"href":"https:\/\/intride.eu\/ro\/wp-json\/wp\/v2\/media?parent=270"}],"curies":[{"name":"wp","href":"https:\/\/api.w.org\/{rel}","templated":true}]}}