{"id":275,"date":"2019-06-17T13:59:04","date_gmt":"2019-06-17T13:59:04","guid":{"rendered":"https:\/\/intride.eu\/?page_id=275"},"modified":"2020-09-22T11:22:02","modified_gmt":"2020-09-22T11:22:02","slug":"wsb","status":"publish","type":"page","link":"https:\/\/intride.eu\/ro\/wsb\/","title":{"rendered":""},"content":{"rendered":"<div class=\"wp-block-columns has-2-columns\">\n<div class=\"wp-block-column\">\n<div class=\"wp-block-image\"><figure class=\"aligncenter size-large is-resized\"><a href=\"http:\/\/www.wsb.edu.pl\/\" target=\"_blank\" rel=\"noopener noreferrer\"><img loading=\"lazy\" src=\"https:\/\/intride.eu\/wp-content\/uploads\/2020\/07\/WSB\u2013color.png\" alt=\"\" class=\"wp-image-993\" width=\"448\" height=\"53\" srcset=\"https:\/\/intride.eu\/wp-content\/uploads\/2020\/07\/WSB\u2013color.png 808w, https:\/\/intride.eu\/wp-content\/uploads\/2020\/07\/WSB\u2013color-300x36.png 300w, https:\/\/intride.eu\/wp-content\/uploads\/2020\/07\/WSB\u2013color-768x91.png 768w, https:\/\/intride.eu\/wp-content\/uploads\/2020\/07\/WSB\u2013color-732x87.png 732w\" sizes=\"(max-width: 448px) 100vw, 448px\" \/><\/a><\/figure><\/div>\n<\/div>\n\n\n\n<div class=\"wp-block-column\">\n<p><strong>WSB University<\/strong> (WSB) este o institu\u021bie privat\u0103 de \u00eenv\u0103\u021b\u0103m\u00e2nt superior (non-profit) care func\u021bioneaz\u0103 pe pia\u021ba polonez\u0103 din 1995. Conform sistemului na\u021bional de ierarhizare, WSB este prima universitate polonez\u0103 privat\u0103 din afara Var\u0219oviei. WSB are 6 sucursale \u00een Polonia de Sud (\u00een Cracovia \u0219i la grani\u021ba polon\u0103-ceh\u0103-slovac\u0103). WSB ofer\u0103 educa\u021bie pentru aproximativ 12 000 de studen\u021bi din 40 de \u021b\u0103ri. Din 2013 Universitatea WSB \u0219i cercet\u0103torii s\u0103i au lucrat la peste 100 de proiecte (fonduri: aproximativ 37 milioane de Euro), \u00een cadrul Visegrad Fund, Horizon 2020, Erasmus +, Interreg Central Europe, Interreg PL-SK, Interreg CZR-PL, AI for Earth, Ac\u021biuni COST, programe na\u021bionale EFRD etc. WSB se concentreaz\u0103 asupra cercet\u0103rii interdisciplinare \u00een echipe interna\u021bionale cu sprijin administrativ al Ministerului de Dezvoltare \u0218tiin\u021bific\u0103. Principalele domenii de cercetare sunt: \u200b\u200bmanagement \u0219i economie, educa\u021bie, securitate \u0219i inginerie (TIC inclusiv). WSB lucreaz\u0103 \u00een re\u021bele interna\u021bionale largi de clustere, euro-regiuni, \u00eentreprinderi, institu\u021bii de \u00eenv\u0103\u021b\u0103m\u00e2nt superior, centre de cercetare, ONG-uri, autorit\u0103\u021bi locale, \u0219coli \u0219i comunit\u0103\u021bi inovatoare de tip makerspace sau sau hub. WSB are in structur\u0103 func\u021bional\u0103 Institutul de Cercetare privind Cooperarea Teritorial\u0103 \u0219i Inter-Organiza\u021bional\u0103, Centrul pentru Calitate \u0219i Inovare, Centrul de Transfer Tehnologic \u0219i Centrul de Metode \u0219i Tehnologii Moderne.<\/p>\n\n\n\n<p><a href=\"http:\/\/www.wsb.edu.pl\/\" target=\"_blank\" rel=\"noreferrer noopener\"><strong>www.wsb.edu.pl<\/strong><\/a><\/p>\n<\/div>\n<\/div>\n\n\n\n<p><\/p>","protected":false},"excerpt":{"rendered":"<p>WSB University (WSB) is a private (non-profit) HEI operated on Polish market since 1995. According to national rank, WSB is 1st private Polish university outside Warsaw. WSB has 6 branches in South Poland (in Cracow and on Polish-Czech-Slovak border). WSB teaches around 12 000 students from 40 countries. Since 2013 WSB university and its researchers [&hellip;]<\/p>","protected":false},"author":3,"featured_media":0,"parent":0,"menu_order":0,"comment_status":"closed","ping_status":"closed","template":"page-full-width.php","meta":[],"_links":{"self":[{"href":"https:\/\/intride.eu\/ro\/wp-json\/wp\/v2\/pages\/275"}],"collection":[{"href":"https:\/\/intride.eu\/ro\/wp-json\/wp\/v2\/pages"}],"about":[{"href":"https:\/\/intride.eu\/ro\/wp-json\/wp\/v2\/types\/page"}],"author":[{"embeddable":true,"href":"https:\/\/intride.eu\/ro\/wp-json\/wp\/v2\/users\/3"}],"replies":[{"embeddable":true,"href":"https:\/\/intride.eu\/ro\/wp-json\/wp\/v2\/comments?post=275"}],"version-history":[{"count":12,"href":"https:\/\/intride.eu\/ro\/wp-json\/wp\/v2\/pages\/275\/revisions"}],"predecessor-version":[{"id":1025,"href":"https:\/\/intride.eu\/ro\/wp-json\/wp\/v2\/pages\/275\/revisions\/1025"}],"wp:attachment":[{"href":"https:\/\/intride.eu\/ro\/wp-json\/wp\/v2\/media?parent=275"}],"curies":[{"name":"wp","href":"https:\/\/api.w.org\/{rel}","templated":true}]}}