{"id":321,"date":"2019-06-26T14:21:34","date_gmt":"2019-06-26T14:21:34","guid":{"rendered":"https:\/\/intride.eu\/?page_id=321"},"modified":"2021-07-27T14:05:02","modified_gmt":"2021-07-27T14:05:02","slug":"dida","status":"publish","type":"page","link":"https:\/\/intride.eu\/ro\/dida\/","title":{"rendered":""},"content":{"rendered":"<div class=\"wp-block-columns has-2-columns\">\n<div class=\"wp-block-column\">\n<div class=\"wp-block-image\"><figure class=\"aligncenter size-large is-resized\"><img loading=\"lazy\" src=\"https:\/\/intride.eu\/wp-content\/uploads\/2021\/06\/UNIFI_positivo.jpg\" alt=\"\" class=\"wp-image-1295\" width=\"398\" height=\"193\" srcset=\"https:\/\/intride.eu\/wp-content\/uploads\/2021\/06\/UNIFI_positivo.jpg 993w, https:\/\/intride.eu\/wp-content\/uploads\/2021\/06\/UNIFI_positivo-300x146.jpg 300w, https:\/\/intride.eu\/wp-content\/uploads\/2021\/06\/UNIFI_positivo-768x373.jpg 768w, https:\/\/intride.eu\/wp-content\/uploads\/2021\/06\/UNIFI_positivo-16x8.jpg 16w, https:\/\/intride.eu\/wp-content\/uploads\/2021\/06\/UNIFI_positivo-732x355.jpg 732w\" sizes=\"(max-width: 398px) 100vw, 398px\" \/><\/figure><\/div>\n\n\n\n<p><\/p>\n<\/div>\n\n\n\n<div class=\"wp-block-column\">\n<p> <strong><a href=\"https:\/\/www.unifi.it\/\" target=\"_blank\" rel=\"noreferrer noopener\">Universitatea din Floren\u021ba (UNIFI)<\/a><\/strong> este un centru important pentru cercetare \u0219i \u00eenv\u0103\u021b\u0103m\u00e2nt superior \u00een Italia, cu 1.800 de cadre didactice \u0219i personal de cercetare intern\u0103, 1.600 de membri ai personalui tehnic \u0219i peste 1.600 de cercet\u0103tori \u0219i doctoranzi. UNIFI o fer\u0103 o gam\u0103 larg\u0103 de programe de studiu \u00een toate domeniile cunoa\u0219terii.<\/p>\n\n\n\n<p>Este unul dintre cele mai mari \u0219i mai productive sisteme de cercetare public\u0103 din Italia. Acest rezultat a fost ob\u021binut datorit\u0103 num\u0103rului de cercet\u0103tori permanen\u021bi \u0219i temporari care lucreaz\u0103 \u00eentr-o gam\u0103 larg\u0103 de domenii disciplinare \u0219i \u0219tiin\u021bifice. De asemenea, rezultatul acesta se datoreaz\u0103 particip\u0103rii intensive la programe de cercetare de relevan\u021b\u0103 na\u021bional\u0103 \u0219i interna\u021bional\u0103.&nbsp;<\/p>\n\n\n\n<p>\u00cen ultimii ani, Universitatea din Floren\u021ba \u0219i-a consolidat din ce \u00een ce mai mult proiectele \u00een domeniul transferului de cuno\u0219tin\u021be: de la depunerea brevetelor la \u00eenfiin\u021barea de ateliere de lucru comune cu mediul de afaceri, prin participare \u00een companii de tip spin-off.<\/p>\n\n\n\n<p>UNIFI particip\u0103 la proiectul INTRIDE prin intermediul Departamentului de Arhitectur\u0103 - DIDA \u0219i Departamentului de Inginerie Industrial\u0103 - DIEF.<\/p>\n\n\n\n<p>DIEF a efectuat mai multe cercet\u0103ri menite s\u0103 realizeze inova\u021bia tehnologic\u0103 \u00een domeniul ingineriei industriale, acoperind principalele aspecte culturale, \u0219tiin\u021bifice \u0219i profesionale.<\/p>\n\n\n\n<p><a rel=\"noreferrer noopener\" href=\"https:\/\/www.dida.unifi.it\/\" target=\"_blank\"><strong>www.dida.unifi.it<\/strong><\/a><br><a href=\"http:\/\/www.dief.unifi.it\"><strong>www.dief.unifi.it<\/strong><\/a><\/p>\n<\/div>\n<\/div>\n\n\n\n<p><\/p>","protected":false},"excerpt":{"rendered":"<p>The University of Florence is an important centre for research and higher education in Italy, with 1,800 lecturers and internal research staff, 1,600 technical staff, and over 1,600 researchers and PhD students. It offers a wide range of study programmes in all areas of knowledge. It is one of the largest and most productive public [&hellip;]<\/p>","protected":false},"author":3,"featured_media":0,"parent":0,"menu_order":0,"comment_status":"closed","ping_status":"closed","template":"page-full-width.php","meta":[],"_links":{"self":[{"href":"https:\/\/intride.eu\/ro\/wp-json\/wp\/v2\/pages\/321"}],"collection":[{"href":"https:\/\/intride.eu\/ro\/wp-json\/wp\/v2\/pages"}],"about":[{"href":"https:\/\/intride.eu\/ro\/wp-json\/wp\/v2\/types\/page"}],"author":[{"embeddable":true,"href":"https:\/\/intride.eu\/ro\/wp-json\/wp\/v2\/users\/3"}],"replies":[{"embeddable":true,"href":"https:\/\/intride.eu\/ro\/wp-json\/wp\/v2\/comments?post=321"}],"version-history":[{"count":25,"href":"https:\/\/intride.eu\/ro\/wp-json\/wp\/v2\/pages\/321\/revisions"}],"predecessor-version":[{"id":1418,"href":"https:\/\/intride.eu\/ro\/wp-json\/wp\/v2\/pages\/321\/revisions\/1418"}],"wp:attachment":[{"href":"https:\/\/intride.eu\/ro\/wp-json\/wp\/v2\/media?parent=321"}],"curies":[{"name":"wp","href":"https:\/\/api.w.org\/{rel}","templated":true}]}}