{"id":325,"date":"2019-06-26T14:33:22","date_gmt":"2019-06-26T14:33:22","guid":{"rendered":"https:\/\/intride.eu\/?page_id=325"},"modified":"2020-09-22T09:19:47","modified_gmt":"2020-09-22T09:19:47","slug":"cluj","status":"publish","type":"page","link":"https:\/\/intride.eu\/ro\/cluj\/","title":{"rendered":""},"content":{"rendered":"<div class=\"wp-block-columns has-2-columns\">\n<div class=\"wp-block-column\">\n<div class=\"wp-block-image\"><figure class=\"aligncenter size-large is-resized\"><a href=\"http:\/\/www.uad.ro\/\" target=\"_blank\" rel=\"noopener noreferrer\"><img loading=\"lazy\" src=\"https:\/\/intride.eu\/wp-content\/uploads\/2020\/07\/CLUJ-black.png\" alt=\"\" class=\"wp-image-988\" width=\"403\" height=\"174\" srcset=\"https:\/\/intride.eu\/wp-content\/uploads\/2020\/07\/CLUJ-black.png 675w, https:\/\/intride.eu\/wp-content\/uploads\/2020\/07\/CLUJ-black-300x130.png 300w\" sizes=\"(max-width: 403px) 100vw, 403px\" \/><\/a><\/figure><\/div>\n<\/div>\n\n\n\n<div class=\"wp-block-column\">\n<p>Una dintre cele mai dinamice institu\u0163ii de gen din \u0163ar\u0103, <strong><a href=\"http:\/\/www.uad.ro\" target=\"_blank\" rel=\"noreferrer noopener\">University of Art and Design in Cluj-Napoca<\/a><\/strong> le ofer\u0103 studen\u0163ilor \u015fi cadrelor sale didactice deschidere \u015fi oportunit\u0103\u0163i excep\u0163ionale de manifestare artistic\u0103 \u015fi crea\u0163ie at\u00e2t prin punerea la dispozi\u0163ie a spa\u0163iilor expozi\u0163ionale proprii, c\u00e2t \u015fi prin intermediul parteneriatelor interne \u015fi interna\u0163ionale cu muzee, galerii, academii, \u015fcoli superioare de art\u0103, universit\u0103\u0163i \u015fi institute de art\u0103 unde reprezentan\u0163ii UAD pot lua contactul direct cu tendin\u0163ele \u015fi direc\u0163iile artei contemporane actuale, dar \u00een acela\u015fi timp \u00ee\u015fi pot l\u0103sa \u015fi amprenta personal\u0103 a creativit\u0103\u0163ii \u015fi autenticit\u0103\u0163ii ardelene sau rom\u00e2ne\u015fti.<\/p>\n\n\n\n<p>Misiunea fundamental\u0103 a UAD este s\u0103 furnizeze o educa\u0163ie de cea mai \u00eenalt\u0103 calitate celor care inten\u0163ioneaz\u0103 s\u0103 urmeze o carier\u0103 \u00een domeniul artelor vizuale (arte plastice, arte decorative \u015fi design) \u015fi s\u0103 contribuie, prin crea\u0163ia artistic\u0103 \u015fi cercetarea realizat\u0103 de membrii s\u0103i, la dezvoltarea societ\u0103\u0163ii prin satisfacerea cerin\u0163elor comunit\u0103\u0163ii, dar \u015fi prin anticiparea \u015fi influen\u0163area lor. Tradi\u0163ia, creativitatea \u015fi inova\u0163ia sunt conceptele cheie ale filosofiei noastre, orient\u00e2nd activit\u0103\u0163ile noastre de crea\u0163ie \u015fi de cercetare spre investigarea mo\u015ftenirii na\u0163ionale \u015fi universale, spre scrutarea culturii (vizuale) contemporane \u015fi examinarea celor mai recente teorii \u015fi tehnologii \u015ftiin\u0163ifice. Toate acestea au ca rezultat noi forme de crea\u0163ie \u015fi practici artistice \u015fi duc la \u00eembun\u0103t\u0103\u0163irea mediului social \u015fi economic (post)industrial.&nbsp;&nbsp;<\/p>\n\n\n\n<p><strong>Structurile academice<\/strong><\/p>\n\n\n\n<p>Exist\u0103 dou\u0103 facult\u0103\u021bi: Facultatea de Arte plastice \u0219i Facultatea de Arte Decorative \u0219i Design, apoi \u0218coala doctoral\u0103 (\u00een Arte Vizuale) \u0219i Departamentul pentru formarea profesorilor.<\/p>\n\n\n\n<p><strong><a href=\"http:\/\/www.uad.ro\/\" target=\"_blank\" rel=\"noreferrer noopener\">www.uad.ro<\/a><\/strong><\/p>\n<\/div>\n<\/div>\n\n\n\n<p><\/p>","protected":false},"excerpt":{"rendered":"<p>One of the most dynamic Romanian institutions in the field, the University of Art and Design in Cluj-Napoca offers its students and professors an exceptional opening and opportunities of artistic manifestation and creation by providing exhibition and work spaces and also by the internal and international partnerships signed with museums, galleries, academies, art schools, art [&hellip;]<\/p>","protected":false},"author":3,"featured_media":0,"parent":0,"menu_order":0,"comment_status":"closed","ping_status":"closed","template":"page-full-width.php","meta":[],"_links":{"self":[{"href":"https:\/\/intride.eu\/ro\/wp-json\/wp\/v2\/pages\/325"}],"collection":[{"href":"https:\/\/intride.eu\/ro\/wp-json\/wp\/v2\/pages"}],"about":[{"href":"https:\/\/intride.eu\/ro\/wp-json\/wp\/v2\/types\/page"}],"author":[{"embeddable":true,"href":"https:\/\/intride.eu\/ro\/wp-json\/wp\/v2\/users\/3"}],"replies":[{"embeddable":true,"href":"https:\/\/intride.eu\/ro\/wp-json\/wp\/v2\/comments?post=325"}],"version-history":[{"count":17,"href":"https:\/\/intride.eu\/ro\/wp-json\/wp\/v2\/pages\/325\/revisions"}],"predecessor-version":[{"id":1087,"href":"https:\/\/intride.eu\/ro\/wp-json\/wp\/v2\/pages\/325\/revisions\/1087"}],"wp:attachment":[{"href":"https:\/\/intride.eu\/ro\/wp-json\/wp\/v2\/media?parent=325"}],"curies":[{"name":"wp","href":"https:\/\/api.w.org\/{rel}","templated":true}]}}