{"id":332,"date":"2019-06-26T14:42:59","date_gmt":"2019-06-26T14:42:59","guid":{"rendered":"https:\/\/intride.eu\/?page_id=332"},"modified":"2020-09-22T09:21:30","modified_gmt":"2020-09-22T09:21:30","slug":"zc","status":"publish","type":"page","link":"https:\/\/intride.eu\/ro\/zc\/","title":{"rendered":""},"content":{"rendered":"<div class=\"wp-block-columns has-2-columns\">\n<div class=\"wp-block-column\">\n<div class=\"wp-block-image\"><figure class=\"aligncenter size-large is-resized\"><a href=\"http:\/\/www.zamekcieszyn.pl\/\" target=\"_blank\" rel=\"noopener noreferrer\"><img loading=\"lazy\" src=\"https:\/\/intride.eu\/wp-content\/uploads\/2020\/07\/ZC\u2013black.png\" alt=\"\" class=\"wp-image-1009\" width=\"324\" height=\"202\" srcset=\"https:\/\/intride.eu\/wp-content\/uploads\/2020\/07\/ZC\u2013black.png 431w, https:\/\/intride.eu\/wp-content\/uploads\/2020\/07\/ZC\u2013black-300x187.png 300w\" sizes=\"(max-width: 324px) 100vw, 324px\" \/><\/a><\/figure><\/div>\n<\/div>\n\n\n\n<div class=\"wp-block-column\">\n<p><strong><a href=\"http:\/\/www.zamekcieszyn.pl\" target=\"_blank\" rel=\"noreferrer noopener\">Zamek Cieszyn<\/a><\/strong> (Castelul Cieszyn) este un prim centru regional de design polonez. Este un organism municipal care \u00ee\u0219i propune s\u0103 valorifice poten\u021bialul designerilor pentru a stimula dezvoltarea \u00een Polonia, \u00een special \u00een regiunea Silezia.\u00a0 <\/p>\n\n\n\n<p>Principala provocare pentru organiza\u021bie este promovarea designului ca instrument pentru cre\u0219terea competitivit\u0103\u021bii \u00eentreprinderilor \u0219i a organismelor publice. Obiectivele noastre sunt: \u200b\u200bimplementarea g\u00e2ndirii specifice designului \u0219i designul serviciilor \u00een sectorul privat \u0219i public, lansarea de noi produse, promovarea turismului cultural \u0219i a me\u0219te\u0219ugurilor.<\/p>\n\n\n\n<p>Prezent\u0103m \u0219i educ\u0103m tineri designeri, antreprenori, tineri \u0219i turi\u0219ti care au \u00eenclinare spre design \u0219i arhitectur\u0103 moderne. De asemenea, protej\u0103m me\u0219te\u0219ugul tradi\u021bional, promov\u00e2nd \u00een acela\u0219i timp noul s\u0103u rol remarcabil. Zamek promoveaz\u0103 ideea Design for All, care implic\u0103 luarea \u00een considerare  a diferen\u021belor fizice, sociale \u0219i culturale. Diferitele noastre obiective sunt atinse \u00een principal prin instruiri \u0219i promovare, cooperare cu centre de cercetare \u0219tiin\u021bific\u0103, afaceri, institu\u021bii de sprijinire a afacerilor, ONG-uri, autorit\u0103\u021bi locale, inclusiv entit\u0103\u021bi str\u0103ine. Avem angajate 22 de persoane. Zamek Cieszyn a fost implicat \u00een proiecte interna\u021bionale (de exemplu, a se vedea Sharing Experience Europe, Design Silesia, Human Cities, de asemenea, proiecte Visegrad), este, de asemenea, gazda Clusterului de Design Silezian (Silesian Design Cluster).<\/p>\n\n\n\n<p><strong><a href=\"http:\/\/www.zamekcieszyn.pl\/\" target=\"_blank\" rel=\"noreferrer noopener\">www.zamekcieszyn.pl<\/a><\/strong><\/p>\n\n\n\n<p><br><\/p>\n<\/div>\n<\/div>\n\n\n\n<p><\/p>","protected":false},"excerpt":{"rendered":"<p>Zamek Cieszyn (Cieszyn Castle) is a first Polish regional design center. It is a municipal body which aims are to harness the potential of designers to stimulate development in Poland, especially in Silesia region.\u00a0 The main challenge for the organization is to promote design as a tool for increasing the competitiveness of businesses and public [&hellip;]<\/p>","protected":false},"author":3,"featured_media":0,"parent":0,"menu_order":0,"comment_status":"closed","ping_status":"closed","template":"page-full-width.php","meta":[],"_links":{"self":[{"href":"https:\/\/intride.eu\/ro\/wp-json\/wp\/v2\/pages\/332"}],"collection":[{"href":"https:\/\/intride.eu\/ro\/wp-json\/wp\/v2\/pages"}],"about":[{"href":"https:\/\/intride.eu\/ro\/wp-json\/wp\/v2\/types\/page"}],"author":[{"embeddable":true,"href":"https:\/\/intride.eu\/ro\/wp-json\/wp\/v2\/users\/3"}],"replies":[{"embeddable":true,"href":"https:\/\/intride.eu\/ro\/wp-json\/wp\/v2\/comments?post=332"}],"version-history":[{"count":14,"href":"https:\/\/intride.eu\/ro\/wp-json\/wp\/v2\/pages\/332\/revisions"}],"predecessor-version":[{"id":1088,"href":"https:\/\/intride.eu\/ro\/wp-json\/wp\/v2\/pages\/332\/revisions\/1088"}],"wp:attachment":[{"href":"https:\/\/intride.eu\/ro\/wp-json\/wp\/v2\/media?parent=332"}],"curies":[{"name":"wp","href":"https:\/\/api.w.org\/{rel}","templated":true}]}}